{"id":18098,"date":"2018-12-28T11:21:58","date_gmt":"2018-12-28T10:21:58","guid":{"rendered":"https:\/\/www.creaearredanegozi.it\/?post_type=product&#038;p=18098"},"modified":"2024-11-20T13:40:14","modified_gmt":"2024-11-20T12:40:14","slug":"professionelle-elektrische-bratplatte-einzeln-gerippt-stahlplatte-335x57x30-cm-fimar-fry1r-rc","status":"publish","type":"product","link":"https:\/\/www.creaearredanegozi.it\/de\/professionelle-elektrische-bratplatte-einzeln-gerippt-stahlplatte-335x57x30-cm-fimar-fry1r-rc\/","title":{"rendered":"Professionelle elektrische Bratplatte mit einer gerippten Stahlplatte 33,5x57x30 cm Fimar FRY1R\/RC"},"content":{"rendered":"<p><strong>Fritierplatte elektrisch einfach gerippt Stahl 33,5x57x30 cm Fimar FRY1R und FRY1RC<\/strong><\/p>\n<p>ELEKTRISCHE FRITTIERPLATTE FRY1R<br \/>\nElektrisches Trocken- oder \u00d6lfeuerungsger\u00e4t mit sandgestrahlter, gerippter Stahlkochfl\u00e4che.<\/p>\n<p>ELEKTRISCHE FRITTIERPLATTEN FRY1RC<br \/>\nElektrisches Trocken- oder \u00d6lkochger\u00e4t mit verchromter, gerippter Stahlkochfl\u00e4che.<\/p>\n<p style=\"text-align: center;\">Eigenschaften<\/p>\n<div class=\"row thumbnails\">\n<ul>\n<li class=\"col-md-3\">Elektrische Maschine f\u00fcr Trocken- oder \u00d6lfeuerung.<\/li>\n<li class=\"col-md-3\">Struktur aus rostfreiem Stahl.<\/li>\n<li class=\"col-md-3\">Kochfeld aus sandgestrahltem oder glatt verchromtem Stahl.<\/li>\n<li class=\"col-md-3\">Temperaturregelthermostate 50\u00f7300 \u00b0C.<\/li>\n<li class=\"col-md-3\">Schublade zum Auffangen von Kochresten.<\/li>\n<\/ul>\n<\/div>\n<p><strong>Technische Daten:<\/strong><\/p>\n<table class=\"table table-striped\">\n<tbody>\n<tr>\n<td>\n<p class=\"dati_tecnici_label_1\"><strong>Modell<\/strong><\/p>\n<\/td>\n<td><b>FRY1R - FRY1RC<\/b><\/td>\n<\/tr>\n<tr>\n<td><strong>Strom<\/strong><\/td>\n<td align=\"left\">3 kW<\/td>\n<\/tr>\n<tr>\n<td><b>Stromversorgung<\/b><\/td>\n<td align=\"left\">230V\/1N\/50-60Hz<\/td>\n<\/tr>\n<tr>\n<td><b>Arbeitstemperatur<\/b><\/td>\n<td align=\"left\">50\u00f7300\u00b0 C<\/td>\n<\/tr>\n<tr>\n<td><strong>Abmessungen<\/strong><\/td>\n<td align=\"left\">335x570x300h (mm)<\/td>\n<\/tr>\n<tr>\n<td><strong>Nettogewicht <\/strong><\/td>\n<td align=\"left\">22 kg<\/td>\n<\/tr>\n<tr>\n<td><strong>Bruttogewicht<\/strong><\/td>\n<td align=\"left\">30 kg<\/td>\n<\/tr>\n<tr>\n<td><strong>Verpackung Abmessungen<\/strong><\/td>\n<td align=\"left\">670x410x430h mm<\/td>\n<\/tr>\n<tr>\n<td><strong>Verpackungsvolumen<\/strong><\/td>\n<td align=\"left\">0,118 m\u00b3<\/td>\n<\/tr>\n<tr>\n<td><strong>Abmessungen des Kochfeldes<\/strong><\/td>\n<td align=\"left\">325\u00d7480 (mm)<\/td>\n<\/tr>\n<tr>\n<td><strong>Oberfl\u00e4che <\/strong><\/td>\n<td align=\"left\">Rigata<\/td>\n<\/tr>\n<\/tbody>\n<\/table>","protected":false},"excerpt":{"rendered":"<p>Fry top elettrico piano acciaio singolo rigato 33,5x57x30 cm Fimar FRY1R e FRY1RC FRY TOP ELETTRICI FRY1R Macchina elettrica per cottura a secco o ad olio con piano di cottura in acciaio sabbiato rigato. FRY TOP ELETTRICI FRY1RC Macchina elettrica per cottura a secco o ad olio con piano di cottura in acciaio cromato e [&#8230;]","protected":false},"featured_media":122089,"comment_status":"closed","ping_status":"closed","template":"","meta":{"_monsterinsights_skip_tracking":false,"_monsterinsights_sitenote_active":false,"_monsterinsights_sitenote_note":"","_monsterinsights_sitenote_category":0},"product_brand":[628],"product_cat":[164,165,25],"product_tag":[],"class_list":{"0":"post-18098","1":"product","2":"type-product","3":"status-publish","4":"has-post-thumbnail","6":"product_brand-fimar","7":"product_cat-fry-top","8":"product_cat-elettriche-fry-top","9":"product_cat-attrezzature-ristoranti-pub-cucine","10":"product_shipping_class-f","11":"pa_marca-fimar","13":"first","14":"instock","15":"sale","16":"taxable","17":"shipping-taxable","18":"purchasable","19":"product-type-variable"},"_links":{"self":[{"href":"https:\/\/www.creaearredanegozi.it\/de\/wp-json\/wp\/v2\/product\/18098","targetHints":{"allow":["GET"]}}],"collection":[{"href":"https:\/\/www.creaearredanegozi.it\/de\/wp-json\/wp\/v2\/product"}],"about":[{"href":"https:\/\/www.creaearredanegozi.it\/de\/wp-json\/wp\/v2\/types\/product"}],"replies":[{"embeddable":true,"href":"https:\/\/www.creaearredanegozi.it\/de\/wp-json\/wp\/v2\/comments?post=18098"}],"wp:featuredmedia":[{"embeddable":true,"href":"https:\/\/www.creaearredanegozi.it\/de\/wp-json\/wp\/v2\/media\/122089"}],"wp:attachment":[{"href":"https:\/\/www.creaearredanegozi.it\/de\/wp-json\/wp\/v2\/media?parent=18098"}],"wp:term":[{"taxonomy":"product_brand","embeddable":true,"href":"https:\/\/www.creaearredanegozi.it\/de\/wp-json\/wp\/v2\/product_brand?post=18098"},{"taxonomy":"product_cat","embeddable":true,"href":"https:\/\/www.creaearredanegozi.it\/de\/wp-json\/wp\/v2\/product_cat?post=18098"},{"taxonomy":"product_tag","embeddable":true,"href":"https:\/\/www.creaearredanegozi.it\/de\/wp-json\/wp\/v2\/product_tag?post=18098"}],"curies":[{"name":"wp","href":"https:\/\/api.w.org\/{rel}","templated":true}]}}