{"id":18106,"date":"2018-12-28T11:53:54","date_gmt":"2018-12-28T10:53:54","guid":{"rendered":"https:\/\/www.creaearredanegozi.it\/?post_type=product&#038;p=18106"},"modified":"2024-12-01T00:00:14","modified_gmt":"2024-11-30T23:00:14","slug":"665x57x30cm-fimar-fry-top-professionelle-elektrische-doppelte-platte-stahl-gemischt-665x57x30cm-fry2lr-rc","status":"publish","type":"product","link":"https:\/\/www.creaearredanegozi.it\/de\/665x57x30cm-fimar-fry-top-professionelle-elektrische-doppelte-platte-stahl-gemischt-665x57x30cm-fry2lr-rc\/","title":{"rendered":"Fry Top Professional Elektrische Doppelplatte Edelstahl 66,5x57x30cm Fimar FRY2LR \/RC"},"content":{"rendered":"<h3>Fritierplatte elektrisch doppelt glatt und gerippt Stahl 66,5x57x30 cm Fimar FRY2LR und FRY2LRC<\/h3>\n<p>ELEKTRISCHE ZWEIPLATTEN-BRATPLATTE FRY2LR<br \/>\nElektrische Trocken- oder \u00d6lkochmaschine mit gemischter Stahlkochfl\u00e4che.<\/p>\n<p>ELEKTRISCHE ZWEIPLATTEN-BRATPLATTE FRY2LRC<br \/>\nElektrische Trocken- oder \u00d6lkochmaschine mit Kochfl\u00e4che aus verchromtem Stahl.<\/p>\n<div class=\"row thumbnails\">\n<ul>\n<li class=\"col-md-3\">Elektrische Maschine f\u00fcr Trocken- oder \u00d6lfeuerung.<\/li>\n<li class=\"col-md-3\">Struktur aus rostfreiem Stahl.<\/li>\n<li class=\"col-md-3\">Kochfeld aus sandgestrahltem oder gemischt verchromtem Stahl.<\/li>\n<li class=\"col-md-3\">Temperaturregelthermostate 50\u00f7300 \u00b0C.<\/li>\n<li class=\"col-md-3\">Schublade zum Auffangen von Kochresten.<\/li>\n<li>Sie erm\u00f6glicht das unabh\u00e4ngige Einstellen und Einschalten der H\u00e4lfte des Kochfeldes.<\/li>\n<\/ul>\n<\/div>\n<p><strong>Technische Daten:<\/strong><\/p>\n<table class=\"table table-striped\">\n<tbody>\n<tr>\n<td>\n<p class=\"dati_tecnici_label_1\"><strong>Modell<\/strong><\/p>\n<\/td>\n<td><b>FRY2LR - FRY2LRC<\/b><\/td>\n<\/tr>\n<tr>\n<td><strong>Strom<\/strong><\/td>\n<td align=\"left\">6 kW<\/td>\n<\/tr>\n<tr>\n<td><b>Stromversorgung<\/b><\/td>\n<td align=\"left\">400V\/3N\/50-60Hz<\/td>\n<\/tr>\n<tr>\n<td><b>Arbeitstemperatur<\/b><\/td>\n<td align=\"left\">50\u00f7300\u00b0 C<\/td>\n<\/tr>\n<tr>\n<td><strong>Abmessungen<\/strong><\/td>\n<td align=\"left\">665x570x300h (mm)<\/td>\n<\/tr>\n<tr>\n<td><strong>Nettogewicht <\/strong><\/td>\n<td align=\"left\">40 kg<\/td>\n<\/tr>\n<tr>\n<td><strong>Bruttogewicht<\/strong><\/td>\n<td align=\"left\">53 kg<\/td>\n<\/tr>\n<tr>\n<td><strong>Verpackung Abmessungen<\/strong><\/td>\n<td align=\"left\">750x670x430h mm<\/td>\n<\/tr>\n<tr>\n<td><strong>Verpackungsvolumen<\/strong><\/td>\n<td align=\"left\">0,216 m\u00b3<\/td>\n<\/tr>\n<tr>\n<td><strong>Abmessungen des Kochfeldes<\/strong><\/td>\n<td align=\"left\">650\u00d7480 (mm)<\/td>\n<\/tr>\n<tr>\n<td><strong>Oberfl\u00e4che <\/strong><\/td>\n<td align=\"left\">Gemischt<\/td>\n<\/tr>\n<\/tbody>\n<\/table>","protected":false},"excerpt":{"rendered":"<p>Fry top elettrico piano acciaio doppio liscio e rigato 66,5x57x30 cm Fimar FRY2LR e FRY2LRC FRY TOP ELETTRICI DOPPIA PIASTRA FRY2LR Macchina elettrica per cottura a secco o ad olio con piano di cottura in acciaio misto. FRY TOP ELETTRICI DOPPIA PIASTRA FRY2LRC Macchina elettrica per cottura a secco o ad olio con piano di [&#8230;]","protected":false},"featured_media":122099,"comment_status":"closed","ping_status":"closed","template":"","meta":{"_monsterinsights_skip_tracking":false,"_monsterinsights_sitenote_active":false,"_monsterinsights_sitenote_note":"","_monsterinsights_sitenote_category":0},"product_brand":[628],"product_cat":[164,165,25],"product_tag":[],"class_list":{"0":"post-18106","1":"product","2":"type-product","3":"status-publish","4":"has-post-thumbnail","6":"product_brand-fimar","7":"product_cat-fry-top","8":"product_cat-elettriche-fry-top","9":"product_cat-attrezzature-ristoranti-pub-cucine","10":"product_shipping_class-206","11":"pa_marca-fimar","13":"first","14":"instock","15":"taxable","16":"shipping-taxable","17":"purchasable","18":"product-type-variable","19":"has-default-attributes"},"_links":{"self":[{"href":"https:\/\/www.creaearredanegozi.it\/de\/wp-json\/wp\/v2\/product\/18106","targetHints":{"allow":["GET"]}}],"collection":[{"href":"https:\/\/www.creaearredanegozi.it\/de\/wp-json\/wp\/v2\/product"}],"about":[{"href":"https:\/\/www.creaearredanegozi.it\/de\/wp-json\/wp\/v2\/types\/product"}],"replies":[{"embeddable":true,"href":"https:\/\/www.creaearredanegozi.it\/de\/wp-json\/wp\/v2\/comments?post=18106"}],"wp:featuredmedia":[{"embeddable":true,"href":"https:\/\/www.creaearredanegozi.it\/de\/wp-json\/wp\/v2\/media\/122099"}],"wp:attachment":[{"href":"https:\/\/www.creaearredanegozi.it\/de\/wp-json\/wp\/v2\/media?parent=18106"}],"wp:term":[{"taxonomy":"product_brand","embeddable":true,"href":"https:\/\/www.creaearredanegozi.it\/de\/wp-json\/wp\/v2\/product_brand?post=18106"},{"taxonomy":"product_cat","embeddable":true,"href":"https:\/\/www.creaearredanegozi.it\/de\/wp-json\/wp\/v2\/product_cat?post=18106"},{"taxonomy":"product_tag","embeddable":true,"href":"https:\/\/www.creaearredanegozi.it\/de\/wp-json\/wp\/v2\/product_tag?post=18106"}],"curies":[{"name":"wp","href":"https:\/\/api.w.org\/{rel}","templated":true}]}}