{"id":18114,"date":"2018-12-28T12:21:41","date_gmt":"2018-12-28T11:21:41","guid":{"rendered":"https:\/\/www.creaearredanegozi.it\/?post_type=product&#038;p=18114"},"modified":"2023-07-03T19:52:50","modified_gmt":"2023-07-03T17:52:50","slug":"schmorpfanne-edelstahl-einfach-40x70x90-cm-becken-h-12-cm-fimar-mbp4","status":"publish","type":"product","link":"https:\/\/www.creaearredanegozi.it\/de\/schmorpfanne-edelstahl-einfach-40x70x90-cm-becken-h-12-cm-fimar-mbp4\/","title":{"rendered":"Einzelne Schmorpfannen aus Edelstahl 40x70x90 cm Becken h 12 cm Fimar MBP4"},"content":{"rendered":"<p>Produkt nicht mehr lieferbar<\/p>\n<p><strong>Einzelne Schmorpfannen aus Edelstahl 40x70x90 cm Becken h 12 cm Fimar MBP4:<\/strong><\/p>\n<div class=\"row thumbnails\">\n<ul>\n<li>Fimar Schmort\u00f6pfe zum Anbraten, Garen und Schmoren von Fleisch oder Fisch, zur Zubereitung von Eint\u00f6pfen, Ragouts, Saucen, Risottos, P\u00fcrees, Beilagen, Konfit\u00fcren und allen Arten des Kochens mit einem Topf.<\/li>\n<li>Dank der lebensmittelechten Teflonkappe, die direkt auf dem Teller angebracht ist, kann das gekochte Produkt auf ein Gastronormtablett gegossen werden.<\/li>\n<li>Ideal f\u00fcr Gemeinden, Gro\u00dfk\u00fcchen, Kantinen und kleine Lebensmittelunternehmen.<\/li>\n<li>Struktur aus rostfreiem Stahl.<\/li>\n<li>12 mm dicker Tank mit W\u00e4nden aus Edelstahl AISI 304.<\/li>\n<li>GN 1\/1 Backblechfach (Backbleche nicht enthalten).<\/li>\n<\/ul>\n<\/div>\n<p><strong>Technische Daten:<\/strong><\/p>\n<p>&nbsp;<\/p>\n<table class=\"table table-striped\">\n<tbody>\n<tr>\n<td>\n<p class=\"dati_tecnici_label_1\"><strong>Modell<\/strong><\/p>\n<\/td>\n<td><b>MBP4<\/b><\/td>\n<\/tr>\n<tr>\n<td><strong>Strom<\/strong><\/td>\n<td align=\"left\">3,3 kW<\/td>\n<\/tr>\n<tr>\n<td><b>Stromversorgung<\/b><\/td>\n<td align=\"left\">230V\/1N\/50-60Hz<\/td>\n<\/tr>\n<tr>\n<td><b>Abmessungen der Wanne<\/b><\/td>\n<td align=\"left\">355x570x120h (mm)<\/td>\n<\/tr>\n<tr>\n<td><b>Fassungsverm\u00f6gen des Backblechs<\/b><\/td>\n<td align=\"left\">3 x GN 1\/1 D=75 mm<\/td>\n<\/tr>\n<tr>\n<td><b>Abmessungen<\/b><\/td>\n<td align=\"left\">400x700x900h (mm)<\/td>\n<\/tr>\n<tr>\n<td><strong>Nettogewicht <\/strong><\/td>\n<td align=\"left\">55 kg<\/td>\n<\/tr>\n<tr>\n<td><strong>Bruttogewicht<\/strong><\/td>\n<td align=\"left\">60 kg<\/td>\n<\/tr>\n<tr>\n<td><strong>Verpackung Abmessungen<\/strong><\/td>\n<td align=\"left\">420x750x1100h mm<\/td>\n<\/tr>\n<tr>\n<td><strong>Verpackungsvolumen<\/strong><\/td>\n<td align=\"left\">0,347 m\u00b3<\/td>\n<\/tr>\n<\/tbody>\n<\/table>","protected":false},"excerpt":{"rendered":"<p>Prodotto fuori produzione Brasiere acciaio inox singolo 40x70x90 cm vasca h 12 cm Fimar MBP4: Brasiere Fimar per rosolare, cuocere e brasare carne o pesce, preparare spezzatini,rag\u00f9, salse, risotti, puree, contorni, marmellate e tutti i tipi di cottura con tegame. Grazie al tappo in teflon alimentare posto direttamente sulla piastra offre la possibilit\u00e0 di versare [&#8230;]","protected":false},"featured_media":18115,"comment_status":"closed","ping_status":"closed","template":"","meta":{"_monsterinsights_skip_tracking":false,"_monsterinsights_sitenote_active":false,"_monsterinsights_sitenote_note":"","_monsterinsights_sitenote_category":0},"product_brand":[],"product_cat":[87,86],"product_tag":[],"class_list":{"0":"post-18114","1":"product","2":"type-product","3":"status-publish","4":"has-post-thumbnail","6":"product_cat-acciaio","7":"product_cat-piastre","8":"product_shipping_class-38","9":"pa_marca-fimar","11":"first","12":"instock","13":"taxable","14":"shipping-taxable","15":"purchasable","16":"product-type-simple"},"_links":{"self":[{"href":"https:\/\/www.creaearredanegozi.it\/de\/wp-json\/wp\/v2\/product\/18114","targetHints":{"allow":["GET"]}}],"collection":[{"href":"https:\/\/www.creaearredanegozi.it\/de\/wp-json\/wp\/v2\/product"}],"about":[{"href":"https:\/\/www.creaearredanegozi.it\/de\/wp-json\/wp\/v2\/types\/product"}],"replies":[{"embeddable":true,"href":"https:\/\/www.creaearredanegozi.it\/de\/wp-json\/wp\/v2\/comments?post=18114"}],"wp:featuredmedia":[{"embeddable":true,"href":"https:\/\/www.creaearredanegozi.it\/de\/wp-json\/wp\/v2\/media\/18115"}],"wp:attachment":[{"href":"https:\/\/www.creaearredanegozi.it\/de\/wp-json\/wp\/v2\/media?parent=18114"}],"wp:term":[{"taxonomy":"product_brand","embeddable":true,"href":"https:\/\/www.creaearredanegozi.it\/de\/wp-json\/wp\/v2\/product_brand?post=18114"},{"taxonomy":"product_cat","embeddable":true,"href":"https:\/\/www.creaearredanegozi.it\/de\/wp-json\/wp\/v2\/product_cat?post=18114"},{"taxonomy":"product_tag","embeddable":true,"href":"https:\/\/www.creaearredanegozi.it\/de\/wp-json\/wp\/v2\/product_tag?post=18114"}],"curies":[{"name":"wp","href":"https:\/\/api.w.org\/{rel}","templated":true}]}}