{"id":18118,"date":"2018-12-28T12:56:49","date_gmt":"2018-12-28T11:56:49","guid":{"rendered":"https:\/\/www.creaearredanegozi.it\/?post_type=product&#038;p=18118"},"modified":"2023-12-13T11:17:30","modified_gmt":"2023-12-13T10:17:30","slug":"professionelle-elektrische-gyros-fur-kebabs-22-infrarot-heizelemente-51x53x75-cm-fimar-gyr40","status":"publish","type":"product","link":"https:\/\/www.creaearredanegozi.it\/de\/professionelle-elektrische-gyros-fur-kebabs-22-infrarot-heizelemente-51x53x75-cm-fimar-gyr40\/","title":{"rendered":"Professioneller elektrischer Kebab Gyros 2+2 Infrarot-Heizelemente 51x53x75 cm Fimar GYR40"},"content":{"rendered":"<h3>Elektrische Gyros f\u00fcr Spie\u00dfe 2+2 Infrarot-Heizelemente 51x53x75 cm Fimar GYR40<\/h3>\n<div><strong>ELEKTRISCHE KREISEL GYR40<\/strong><\/div>\n<div class=\"row thumbnails\">\n<p>Kebab-Fleischkochmaschine.<\/p>\n<ul>\n<li>Gestell, Spie\u00dfstange und Fleischschaufel aus Edelstahl.<\/li>\n<li>Keramisch beschichtete Infrarot-Heizelemente mit hochtemperaturbest\u00e4ndigem Schutzglas, das die Reinigung erleichtert und den Verbrauch senkt.<\/li>\n<li>Einstellen von Widerst\u00e4nden in Sektoren.<\/li>\n<li>Einstellen des Abstands der Spie\u00dfstange von den Widerst\u00e4nden.<\/li>\n<li>Rotationsmotor \u00fcber 230\/50Hz.<\/li>\n<li>Schublade aus rostfreiem Stahl zum Auffangen von Kochresten.<\/li>\n<li>Max. zul\u00e4ssiger Fleischdurchmesser 470 mm.<\/li>\n<li>3 Leistungsstufen.<\/li>\n<\/ul>\n<p><strong>Optional:<\/strong><\/p>\n<ul>\n<li>Elektromesser mit vertikalem Griff mit \u00d8 100 mm Klinge und Schnittst\u00e4rkeneinstellung. Eine gezahnte Klinge ist im Lieferumfang enthalten.<\/li>\n<li>Professionelles Elektromesser mit 230V zu 24V Transformator, horizontalem Griff, Klinge \u00d8 80 mm und patentierter Schnittst\u00e4rkeneinstellung.<\/li>\n<li>Profi-Elektromesser mit Transformator 230 V zu 24 V, horizontaler Griff, Klingen-\u00d8 80 mm, patentierte Schnittst\u00e4rkeneinstellung. Automatische Anpassung der Motorleistung, die die Klingengeschwindigkeit konstant h\u00e4lt.<\/li>\n<li>Schutzglas-Bausatz.<\/li>\n<li>Haube mit Aktivkohlefilter.<\/li>\n<\/ul>\n<\/div>\n<p><strong>Technische Daten:<\/strong><\/p>\n<p>&nbsp;<\/p>\n<table class=\"table table-striped\">\n<tbody>\n<tr>\n<td>\n<p class=\"dati_tecnici_label_1\"><span style=\"color: #333333;\"><span style=\"font-size: 14.4px;\">Modell<\/span><\/span><\/p>\n<\/td>\n<td><span style=\"font-size: 14.4px;\">GYR40<\/span><\/td>\n<\/tr>\n<tr>\n<td><span style=\"font-size: 14.4px;\">Strom<\/span><\/td>\n<td align=\"left\"><span style=\"font-size: 14.4px;\">2,8 kW<\/span><\/td>\n<\/tr>\n<tr>\n<td><span style=\"font-size: 14.4px;\">Stromversorgung<\/span><\/td>\n<td align=\"left\"><span style=\"font-size: 14.4px;\">230V\/1N\/50Hz<\/span><\/td>\n<\/tr>\n<tr>\n<td><span style=\"font-size: 14.4px;\">Resistenzen<\/span><\/td>\n<td align=\"left\"><span style=\"font-size: 14.4px;\">N\u00b0 4<\/span><\/td>\n<\/tr>\n<tr>\n<td><span style=\"font-size: 14.4px;\">Max. Fleischdurchmesser<\/span><\/td>\n<td align=\"left\"><span style=\"font-size: 14.4px;\">470 mm<\/span><\/td>\n<\/tr>\n<tr>\n<td><span style=\"font-size: 14.4px;\">Schie\u00dfh\u00f6he<\/span><\/td>\n<td align=\"left\">280\u00f7320 mm<\/td>\n<\/tr>\n<tr>\n<td><span style=\"font-size: 14.4px;\">Kapazit\u00e4t des Fleisches<\/span><\/td>\n<td align=\"left\">5\u00f710 kg - \u00f8 470 mm<\/td>\n<\/tr>\n<tr>\n<td><span style=\"font-size: 14.4px;\">Leistungsstufen <\/span><\/td>\n<td align=\"left\"><span style=\"font-size: 14.4px;\">N\u00b0 3<\/span><\/td>\n<\/tr>\n<tr>\n<td><span style=\"font-size: 14.4px;\">Abmessungen<\/span><\/td>\n<td align=\"left\"><span style=\"font-size: 14.4px;\">510x530x750h mm<\/span><\/td>\n<\/tr>\n<tr>\n<td><span style=\"font-size: 14.4px;\">Mit Haube Mit Filter<\/span><\/td>\n<td align=\"left\"><span style=\"font-size: 14.4px;\">510x530x1220h mm<\/span><\/td>\n<\/tr>\n<tr>\n<td><span style=\"font-size: 14.4px;\">Nettogewicht<\/span><\/td>\n<td align=\"left\"><span style=\"font-size: 14.4px;\">21,5 kg<\/span><\/td>\n<\/tr>\n<tr>\n<td><span style=\"font-size: 14.4px;\">Bruttogewicht<\/span><\/td>\n<td align=\"left\"><span style=\"font-size: 14.4px;\">56,5 kg<\/span><\/td>\n<\/tr>\n<tr>\n<td><span style=\"font-size: 14.4px;\">Abmessungen der Verpackung<\/span><\/td>\n<td align=\"left\"><span style=\"font-size: 14.4px;\">625x625x1130h mm<\/span><\/td>\n<\/tr>\n<tr>\n<td><span style=\"font-size: 14.4px;\">Verpackungsvolumen<\/span><\/td>\n<td align=\"left\"><span style=\"font-size: 14.4px;\">0,441 m3<\/span><\/td>\n<\/tr>\n<\/tbody>\n<\/table>","protected":false},"excerpt":{"rendered":"<p>Gyros elettrico per kebab 2+2 resistenze infrarossi 51x53x75 cm Fimar GYR40 GYROS ELETTRICO GYR40 Macchina per cuocere carne per Kebab. Struttura, asta spiedo e paletta raccogli carne in acciaio inox. Resistenza ad infrarossi rivestite in ceramica con vetro di protezione resistente alle alte temperature che ne facilita la pulizia e abbassa i consumi. Regolazione resistenze [&#8230;]","protected":false},"featured_media":122118,"comment_status":"closed","ping_status":"closed","template":"","meta":{"_monsterinsights_skip_tracking":false,"_monsterinsights_sitenote_active":false,"_monsterinsights_sitenote_note":"","_monsterinsights_sitenote_category":0},"product_brand":[628],"product_cat":[184,9],"product_tag":[],"class_list":{"0":"post-18118","1":"product","2":"type-product","3":"status-publish","4":"has-post-thumbnail","6":"product_brand-fimar","7":"product_cat-gyros","8":"product_cat-attrezzature-pub","9":"product_shipping_class-33","10":"pa_marca-fimar","12":"first","13":"instock","14":"taxable","15":"shipping-taxable","16":"purchasable","17":"product-type-simple"},"_links":{"self":[{"href":"https:\/\/www.creaearredanegozi.it\/de\/wp-json\/wp\/v2\/product\/18118","targetHints":{"allow":["GET"]}}],"collection":[{"href":"https:\/\/www.creaearredanegozi.it\/de\/wp-json\/wp\/v2\/product"}],"about":[{"href":"https:\/\/www.creaearredanegozi.it\/de\/wp-json\/wp\/v2\/types\/product"}],"replies":[{"embeddable":true,"href":"https:\/\/www.creaearredanegozi.it\/de\/wp-json\/wp\/v2\/comments?post=18118"}],"wp:featuredmedia":[{"embeddable":true,"href":"https:\/\/www.creaearredanegozi.it\/de\/wp-json\/wp\/v2\/media\/122118"}],"wp:attachment":[{"href":"https:\/\/www.creaearredanegozi.it\/de\/wp-json\/wp\/v2\/media?parent=18118"}],"wp:term":[{"taxonomy":"product_brand","embeddable":true,"href":"https:\/\/www.creaearredanegozi.it\/de\/wp-json\/wp\/v2\/product_brand?post=18118"},{"taxonomy":"product_cat","embeddable":true,"href":"https:\/\/www.creaearredanegozi.it\/de\/wp-json\/wp\/v2\/product_cat?post=18118"},{"taxonomy":"product_tag","embeddable":true,"href":"https:\/\/www.creaearredanegozi.it\/de\/wp-json\/wp\/v2\/product_tag?post=18118"}],"curies":[{"name":"wp","href":"https:\/\/api.w.org\/{rel}","templated":true}]}}