{"id":18123,"date":"2018-12-29T09:21:00","date_gmt":"2018-12-29T08:21:00","guid":{"rendered":"https:\/\/www.creaearredanegozi.it\/?post_type=product&#038;p=18123"},"modified":"2023-12-13T11:18:19","modified_gmt":"2023-12-13T10:18:19","slug":"gyros-elettrico-per-kebab-professionale-33-resistenze-infrarossi-51x53x87-cm-fimar-gyr60","status":"publish","type":"product","link":"https:\/\/www.creaearredanegozi.it\/de\/gyros-elettrico-per-kebab-professionale-33-resistenze-infrarossi-51x53x87-cm-fimar-gyr60\/","title":{"rendered":"Professioneller elektrischer Kebab Gyros 3+3 Infrarot-Heizelemente 51x53x87 cm Fimar GYR60"},"content":{"rendered":"<h3>Gyros elettrico professionale per kebab 3+3 resistenze infrarossi 51x53x87 cm Fimar GYR60<\/h3>\n<p><strong>GYROS ELETTRICO GYR60<\/strong><\/p>\n<div class=\"row thumbnails\">\n<p>Kebab-Fleischkochmaschine.<\/p>\n<ul>\n<li>Gestell, Spie\u00dfstange und Fleischschaufel aus Edelstahl.<\/li>\n<li>Keramisch beschichtete Infrarot-Heizelemente mit hochtemperaturbest\u00e4ndigem Schutzglas, das die Reinigung erleichtert und den Verbrauch senkt.<\/li>\n<li>Einstellen von Widerst\u00e4nden in Sektoren.<\/li>\n<li>Einstellen des Abstands der Spie\u00dfstange von den Widerst\u00e4nden.<\/li>\n<li>Rotationsmotor \u00fcber 230\/50Hz.<\/li>\n<li>Schublade aus rostfreiem Stahl zum Auffangen von Kochresten.<\/li>\n<li>Max. zul\u00e4ssiger Fleischdurchmesser 470 mm.<\/li>\n<li>3 Leistungsstufen.<\/li>\n<\/ul>\n<p><strong>Optional:<\/strong><\/p>\n<ul>\n<li>Elektromesser mit vertikalem Griff mit \u00d8 100 mm Klinge und Schnittst\u00e4rkeneinstellung. Eine gezahnte Klinge ist im Lieferumfang enthalten.<\/li>\n<li>Professionelles Elektromesser mit 230V zu 24V Transformator, horizontalem Griff, Klinge \u00d8 80 mm und patentierter Schnittst\u00e4rkeneinstellung.<\/li>\n<li>Profi-Elektromesser mit Transformator 230 V zu 24 V, horizontaler Griff, Klingen-\u00d8 80 mm, patentierte Schnittst\u00e4rkeneinstellung. Automatische Anpassung der Motorleistung, die die Klingengeschwindigkeit konstant h\u00e4lt.<\/li>\n<li>Schutzglas-Bausatz.<\/li>\n<li>Haube mit Aktivkohlefilter.<\/li>\n<\/ul>\n<\/div>\n<p><strong>Technische Daten:<\/strong><\/p>\n<p>&nbsp;<\/p>\n<table class=\"table table-striped\">\n<tbody>\n<tr>\n<td>\n<p class=\"dati_tecnici_label_1\"><strong>Modell<\/strong><\/p>\n<\/td>\n<td><b>GYR60<\/b><\/td>\n<\/tr>\n<tr>\n<td><strong>Strom<\/strong><\/td>\n<td align=\"left\">4,2 kW<\/td>\n<\/tr>\n<tr>\n<td><b>Stromversorgung<\/b><\/td>\n<td align=\"left\">400V\/3-3N\/50Hz<\/td>\n<\/tr>\n<tr>\n<td><b>Resistenzen<\/b><\/td>\n<td align=\"left\">N\u00b0 6<\/td>\n<\/tr>\n<tr>\n<td><b>Max. Fleischdurchmesser<\/b><\/td>\n<td align=\"left\">470 mm<\/td>\n<\/tr>\n<tr>\n<td><b>Schie\u00dfh\u00f6he<\/b><\/td>\n<td align=\"left\">410\u00f7460 mm<\/td>\n<\/tr>\n<tr>\n<td><b>Kapazit\u00e4t des Fleisches<\/b><\/td>\n<td align=\"left\">10\u00f730 Kg &#8211; \u00f8 470 mm<\/td>\n<\/tr>\n<tr>\n<td><strong>Leistungsstufen <\/strong><\/td>\n<td align=\"left\">N\u00b0 3<\/td>\n<\/tr>\n<tr>\n<td><strong>Abmessungen<\/strong><\/td>\n<td align=\"left\">510x530x870h mm<\/td>\n<\/tr>\n<tr>\n<td><strong>Mit Haube Mit Filter<\/strong><\/td>\n<td align=\"left\">510x530x1340h mm<\/td>\n<\/tr>\n<tr>\n<td><b>Nettogewicht<\/b><\/td>\n<td align=\"left\">26 kg<\/td>\n<\/tr>\n<tr>\n<td><b>Bruttogewicht<\/b><\/td>\n<td align=\"left\">61 kg<\/td>\n<\/tr>\n<tr>\n<td><b>Abmessungen der Verpackung<\/b><\/td>\n<td align=\"left\">625x625x1130h mm<\/td>\n<\/tr>\n<tr>\n<td><strong>Verpackungsvolumen<\/strong><\/td>\n<td align=\"left\">0,441 m\u00b3<\/td>\n<\/tr>\n<\/tbody>\n<\/table>","protected":false},"excerpt":{"rendered":"<p>Gyros elettrico professionale per kebab 3+3 resistenze infrarossi 51x53x87 cm Fimar GYR60 GYROS ELETTRICO GYR60 Macchina per cuocere carne per Kebab. Struttura, asta spiedo e paletta raccogli carne in acciaio inox. Resistenza ad infrarossi rivestite in ceramica con vetro di protezione resistente alle alte temperature che ne facilita la pulizia e abbassa i consumi. Regolazione [&#8230;]","protected":false},"featured_media":122123,"comment_status":"closed","ping_status":"closed","template":"","meta":{"_monsterinsights_skip_tracking":false,"_monsterinsights_sitenote_active":false,"_monsterinsights_sitenote_note":"","_monsterinsights_sitenote_category":0},"product_brand":[628],"product_cat":[184,9],"product_tag":[],"class_list":{"0":"post-18123","1":"product","2":"type-product","3":"status-publish","4":"has-post-thumbnail","6":"product_brand-fimar","7":"product_cat-gyros","8":"product_cat-attrezzature-pub","9":"product_shipping_class-33","10":"pa_marca-fimar","12":"first","13":"instock","14":"taxable","15":"shipping-taxable","16":"purchasable","17":"product-type-simple"},"_links":{"self":[{"href":"https:\/\/www.creaearredanegozi.it\/de\/wp-json\/wp\/v2\/product\/18123","targetHints":{"allow":["GET"]}}],"collection":[{"href":"https:\/\/www.creaearredanegozi.it\/de\/wp-json\/wp\/v2\/product"}],"about":[{"href":"https:\/\/www.creaearredanegozi.it\/de\/wp-json\/wp\/v2\/types\/product"}],"replies":[{"embeddable":true,"href":"https:\/\/www.creaearredanegozi.it\/de\/wp-json\/wp\/v2\/comments?post=18123"}],"wp:featuredmedia":[{"embeddable":true,"href":"https:\/\/www.creaearredanegozi.it\/de\/wp-json\/wp\/v2\/media\/122123"}],"wp:attachment":[{"href":"https:\/\/www.creaearredanegozi.it\/de\/wp-json\/wp\/v2\/media?parent=18123"}],"wp:term":[{"taxonomy":"product_brand","embeddable":true,"href":"https:\/\/www.creaearredanegozi.it\/de\/wp-json\/wp\/v2\/product_brand?post=18123"},{"taxonomy":"product_cat","embeddable":true,"href":"https:\/\/www.creaearredanegozi.it\/de\/wp-json\/wp\/v2\/product_cat?post=18123"},{"taxonomy":"product_tag","embeddable":true,"href":"https:\/\/www.creaearredanegozi.it\/de\/wp-json\/wp\/v2\/product_tag?post=18123"}],"curies":[{"name":"wp","href":"https:\/\/api.w.org\/{rel}","templated":true}]}}