{"id":18128,"date":"2018-12-29T10:27:51","date_gmt":"2018-12-29T09:27:51","guid":{"rendered":"https:\/\/www.creaearredanegozi.it\/?post_type=product&#038;p=18128"},"modified":"2023-12-13T11:22:57","modified_gmt":"2023-12-13T10:22:57","slug":"gyros-a-gas-per-kebab-professionale-6-bruciatori-48x50x94-cm-fimar-gyr60m","status":"publish","type":"product","link":"https:\/\/www.creaearredanegozi.it\/de\/gyros-a-gas-per-kebab-professionale-6-bruciatori-48x50x94-cm-fimar-gyr60m\/","title":{"rendered":"Professionelle Kebab Gas Gyros 6 Brenner 48x50x94 cm Fimar GYR60M"},"content":{"rendered":"<h3>Gyros a gas 6 bruciatori altezza cottura 47\/52 cm Fimar GYR60M<\/h3>\n<p><strong>GYROS GAS GYR60M<\/strong><br \/>\nKebab-Fleischkochmaschine.<\/p>\n<div class=\"row thumbnails\">\n<ul>\n<li>Rahmen, Spie\u00df und Fleischschaufel aus Edelstahl.<\/li>\n<li>Infrarotbrenner mit Keramikplatte.<\/li>\n<li>Abnehmbares Brennerschutznetz.<\/li>\n<li>Sektorspezifische Brennerregelung.<\/li>\n<li>Piezo-Z\u00fcndung.<\/li>\n<li>Mit Erdgas betrieben, LPG-Bausatz enthalten.<\/li>\n<li>Einstellen des Abstands der Spie\u00dfstange von den Widerst\u00e4nden.<\/li>\n<li>Schublade aus rostfreiem Stahl zum Auffangen von Kochresten.<\/li>\n<li>Gasanschluss 1\/2\u2033G.<\/li>\n<li>CE-konform.<\/li>\n<\/ul>\n<p><strong>Optional:<\/strong><\/p>\n<ul>\n<li>Elektromesser mit vertikalem Griff mit \u00d8 100 mm Klinge und Schnittst\u00e4rkeneinstellung. Eine gezahnte Klinge ist im Lieferumfang enthalten.<\/li>\n<li>Professionelles Elektromesser mit 230V zu 24V Transformator, horizontalem Griff, Klinge \u00d8 80 mm und patentierter Schnittst\u00e4rkeneinstellung.<\/li>\n<li>Profi-Elektromesser mit Transformator 230 V zu 24 V, horizontaler Griff, Klingen-\u00d8 80 mm, patentierte Schnittst\u00e4rkeneinstellung. Automatische Anpassung der Motorleistung, die die Klingengeschwindigkeit konstant h\u00e4lt.<\/li>\n<li>Kit vetri protezione.<\/li>\n<li>Haube mit Aktivkohlefilter.<\/li>\n<\/ul>\n<\/div>\n<p><strong>Technische Daten:<\/strong><\/p>\n<table class=\"table table-striped\">\n<tbody>\n<tr>\n<td>\n<p class=\"dati_tecnici_label_1\"><strong>Modell<\/strong><\/p>\n<\/td>\n<td><b>GYR60M<\/b><\/td>\n<\/tr>\n<tr>\n<td><strong>Strom<\/strong><\/td>\n<td align=\"left\">10,2 kW<\/td>\n<\/tr>\n<tr>\n<td><b>Stromversorgung<\/b><\/td>\n<td align=\"left\">230V\/1N\/50Hz<\/td>\n<\/tr>\n<tr>\n<td><b>Abmessungen <\/b><\/td>\n<td align=\"left\">480x500x940h (mm)<\/td>\n<\/tr>\n<tr>\n<td><b>Nettogewicht<\/b><\/td>\n<td align=\"left\">26 kg<\/td>\n<\/tr>\n<tr>\n<td><b>Bruttogewicht<\/b><\/td>\n<td align=\"left\">61 kg<\/td>\n<\/tr>\n<tr>\n<td><b>Abmessungen der Verpackung<\/b><\/td>\n<td align=\"left\">625x625x1130h (mm)<\/td>\n<\/tr>\n<tr>\n<td><strong>Verpackungsvolumen<\/strong><\/td>\n<td align=\"left\">0,441 m\u00b3<\/td>\n<\/tr>\n<tr>\n<td><strong>Kalorien<\/strong><\/td>\n<td align=\"left\">8.772 kcal\/h &#8211; 34.810 BTU\/h<\/td>\n<\/tr>\n<tr>\n<td><strong>Methanverbrauch<\/strong><\/td>\n<td align=\"left\">G20 = 1,05 m\u00b3\/h &#8211; G25 = 1,23 m\u00b3\/h<\/td>\n<\/tr>\n<tr>\n<td><b>LPG-Verbrauch<\/b><\/td>\n<td align=\"left\">G30\/G31 = 0,71 kg\/h<\/td>\n<\/tr>\n<tr>\n<td><b>Gasanschluss<\/b><\/td>\n<td align=\"left\">1\/2\" G<\/td>\n<\/tr>\n<tr>\n<td><b>Brenner<\/b><\/td>\n<td align=\"left\">N\u00b0 6<\/td>\n<\/tr>\n<tr>\n<td><strong>Max. Fleischdurchmesser<\/strong><\/td>\n<td align=\"left\">500 mm<\/td>\n<\/tr>\n<tr>\n<td><b>N\u00fctzliche Kochh\u00f6he<\/b><\/td>\n<td align=\"left\">470\u00f7520 mm<\/td>\n<\/tr>\n<tr>\n<td><strong>Kapazit\u00e4t des Fleisches<\/strong><\/td>\n<td align=\"left\">10\u00f730 kg<\/td>\n<\/tr>\n<tr>\n<td><b>Leistungsstufen<\/b><\/td>\n<td align=\"left\">N\u00b0 6<\/td>\n<\/tr>\n<tr>\n<td><strong>Mit Filterhaube <\/strong><\/td>\n<td align=\"left\">480x500x1210h (mm)<\/td>\n<\/tr>\n<\/tbody>\n<\/table>","protected":false},"excerpt":{"rendered":"<p>Gyros a gas 6 bruciatori altezza cottura 47\/52 cm Fimar GYR60M GYROS GAS GYR60M Macchina per cuocere carne per Kebab. Struttura, asta, spiedo e paletta raccogli carne in acciaio inox. Bruciatori ad infrarossi con piastra in ceramica. Rete protezione bruciatori asportabile. Regolazione bruciatori a settori. Accensione con piezoelettrico. Alimentazione a metano, in dotazione kit G.P.L.. [&#8230;]","protected":false},"featured_media":122129,"comment_status":"closed","ping_status":"closed","template":"","meta":{"_monsterinsights_skip_tracking":false,"_monsterinsights_sitenote_active":false,"_monsterinsights_sitenote_note":"","_monsterinsights_sitenote_category":0},"product_brand":[628],"product_cat":[184,9],"product_tag":[],"class_list":{"0":"post-18128","1":"product","2":"type-product","3":"status-publish","4":"has-post-thumbnail","6":"product_brand-fimar","7":"product_cat-gyros","8":"product_cat-attrezzature-pub","9":"product_shipping_class-33","10":"pa_marca-fimar","12":"first","13":"instock","14":"taxable","15":"shipping-taxable","16":"purchasable","17":"product-type-simple"},"_links":{"self":[{"href":"https:\/\/www.creaearredanegozi.it\/de\/wp-json\/wp\/v2\/product\/18128","targetHints":{"allow":["GET"]}}],"collection":[{"href":"https:\/\/www.creaearredanegozi.it\/de\/wp-json\/wp\/v2\/product"}],"about":[{"href":"https:\/\/www.creaearredanegozi.it\/de\/wp-json\/wp\/v2\/types\/product"}],"replies":[{"embeddable":true,"href":"https:\/\/www.creaearredanegozi.it\/de\/wp-json\/wp\/v2\/comments?post=18128"}],"wp:featuredmedia":[{"embeddable":true,"href":"https:\/\/www.creaearredanegozi.it\/de\/wp-json\/wp\/v2\/media\/122129"}],"wp:attachment":[{"href":"https:\/\/www.creaearredanegozi.it\/de\/wp-json\/wp\/v2\/media?parent=18128"}],"wp:term":[{"taxonomy":"product_brand","embeddable":true,"href":"https:\/\/www.creaearredanegozi.it\/de\/wp-json\/wp\/v2\/product_brand?post=18128"},{"taxonomy":"product_cat","embeddable":true,"href":"https:\/\/www.creaearredanegozi.it\/de\/wp-json\/wp\/v2\/product_cat?post=18128"},{"taxonomy":"product_tag","embeddable":true,"href":"https:\/\/www.creaearredanegozi.it\/de\/wp-json\/wp\/v2\/product_tag?post=18128"}],"curies":[{"name":"wp","href":"https:\/\/api.w.org\/{rel}","templated":true}]}}