{"id":18130,"date":"2018-12-29T10:49:33","date_gmt":"2018-12-29T09:49:33","guid":{"rendered":"https:\/\/www.creaearredanegozi.it\/?post_type=product&#038;p=18130"},"modified":"2023-12-13T11:24:53","modified_gmt":"2023-12-13T10:24:53","slug":"professionelle-gas-kebab-gyros-8-brenner-48x50x110-5-cm-fimar-gyr80m","status":"publish","type":"product","link":"https:\/\/www.creaearredanegozi.it\/de\/professionelle-gas-kebab-gyros-8-brenner-48x50x110-5-cm-fimar-gyr80m\/","title":{"rendered":"Professionelle Kebab Gas Gyros 8 Brenner 48x50x110,5 cm Fimar GYR80M"},"content":{"rendered":"<h3>Gas-Kreisel 8 Brenner Kochh\u00f6he 63\/68 cm Fimar GYR80M<\/h3>\n<p><strong>KREISEL GAS GYR80M<\/strong><br \/>\nKebab-Fleischkochmaschine.<\/p>\n<div class=\"row thumbnails\">\n<ul>\n<li>Rahmen, Spie\u00df und Fleischschaufel aus Edelstahl.<\/li>\n<li>Infrarotbrenner mit Keramikplatte.<\/li>\n<li>Abnehmbares Brennerschutznetz.<\/li>\n<li>Sektorspezifische Brennerregelung.<\/li>\n<li>Piezo-Z\u00fcndung.<\/li>\n<li>Mit Erdgas betrieben, LPG-Bausatz enthalten.<\/li>\n<li>Einstellen des Abstands der Spie\u00dfstange von den Widerst\u00e4nden.<\/li>\n<li>230V\/50Hz Rotationsmotor.<\/li>\n<li>Schublade aus rostfreiem Stahl zum Auffangen von Kochresten.<\/li>\n<li>Gasanschluss 1\/2\u2033G.<\/li>\n<li>CE-konform.<\/li>\n<\/ul>\n<p><strong>Optional:<\/strong><\/p>\n<ul>\n<li>Elektromesser mit vertikalem Griff mit \u00d8 100 mm Klinge und Schnittst\u00e4rkeneinstellung. Eine gezahnte Klinge ist im Lieferumfang enthalten.<\/li>\n<li>Professionelles Elektromesser mit 230V zu 24V Transformator, horizontalem Griff, Klinge \u00d8 80 mm und patentierter Schnittst\u00e4rkeneinstellung.<\/li>\n<li>Profi-Elektromesser mit Transformator 230 V zu 24 V, horizontaler Griff, Klingen-\u00d8 80 mm, patentierte Schnittst\u00e4rkeneinstellung. Automatische Anpassung der Motorleistung, die die Klingengeschwindigkeit konstant h\u00e4lt.<\/li>\n<li>Haube mit Aktivkohlefilter.<\/li>\n<li>Schutzglas-Bausatz.<\/li>\n<\/ul>\n<\/div>\n<p><strong>Technische Daten:<\/strong><\/p>\n<table class=\"table table-striped\">\n<tbody>\n<tr>\n<td>\n<p class=\"dati_tecnici_label_1\"><strong>Modell<\/strong><\/p>\n<\/td>\n<td><b>GYR80M<\/b><\/td>\n<\/tr>\n<tr>\n<td><strong>Strom<\/strong><\/td>\n<td align=\"left\">13,6 kW<\/td>\n<\/tr>\n<tr>\n<td><b>Stromversorgung<\/b><\/td>\n<td align=\"left\">230V\/1N\/50Hz<\/td>\n<\/tr>\n<tr>\n<td><b>Abmessungen <\/b><\/td>\n<td align=\"left\">480x500x1105h (mm)<\/td>\n<\/tr>\n<tr>\n<td><b>Nettogewicht<\/b><\/td>\n<td align=\"left\">32 kg<\/td>\n<\/tr>\n<tr>\n<td><b>Bruttogewicht<\/b><\/td>\n<td align=\"left\">67 kg<\/td>\n<\/tr>\n<tr>\n<td><b>Abmessungen der Verpackung<\/b><\/td>\n<td align=\"left\">625x625x1130h (mm)<\/td>\n<\/tr>\n<tr>\n<td><strong>Verpackungsvolumen<\/strong><\/td>\n<td align=\"left\">0,441 m\u00b3<\/td>\n<\/tr>\n<tr>\n<td><strong>Kalorien<\/strong><\/td>\n<td align=\"left\">11.696 kcal\/h - 46.413 BTU\/h<\/td>\n<\/tr>\n<tr>\n<td><strong>Methanverbrauch<\/strong><\/td>\n<td align=\"left\">G20 = 1,27 m\u00b3\/h - G25 = 1,48 m\u00b3\/h<\/td>\n<\/tr>\n<tr>\n<td><b>LPG-Verbrauch<\/b><\/td>\n<td align=\"left\">G30\/G31 = 0,95 kg\/h<\/td>\n<\/tr>\n<tr>\n<td><b>Gasanschluss<\/b><\/td>\n<td align=\"left\">1\/2\" G<\/td>\n<\/tr>\n<tr>\n<td><b>Brenner<\/b><\/td>\n<td align=\"left\">N\u00b0 8<\/td>\n<\/tr>\n<tr>\n<td><strong>Max. Fleischdurchmesser<\/strong><\/td>\n<td align=\"left\">500 mm<\/td>\n<\/tr>\n<tr>\n<td><b>N\u00fctzliche Kochh\u00f6he<\/b><\/td>\n<td align=\"left\">630\u00f7680 mm<\/td>\n<\/tr>\n<tr>\n<td><strong>Kapazit\u00e4t des Fleisches<\/strong><\/td>\n<td align=\"left\">30\u00f765 kg<\/td>\n<\/tr>\n<tr>\n<td><b>Leistungsstufen<\/b><\/td>\n<td align=\"left\">N\u00b0 6<\/td>\n<\/tr>\n<tr>\n<td><strong>Mit Filterhaube <\/strong><\/td>\n<td align=\"left\">480x500x1375h (mm)<\/td>\n<\/tr>\n<\/tbody>\n<\/table>","protected":false},"excerpt":{"rendered":"<p>Gyros a gas 8 bruciatori altezza cottura 63\/68 cm Fimar GYR80M GYROS GAS GYR80M Macchina per cuocere carne per Kebab. Struttura, asta, spiedo e paletta raccogli carne in acciaio inox. Bruciatori ad infrarossi con piastra in ceramica. Rete protezione bruciatori asportabile. Regolazione bruciatori a settori. Accensione con piezoelettrico. Alimentazione a metano, in dotazione kit G.P.L.. [&#8230;]","protected":false},"featured_media":122131,"comment_status":"closed","ping_status":"closed","template":"","meta":{"_monsterinsights_skip_tracking":false,"_monsterinsights_sitenote_active":false,"_monsterinsights_sitenote_note":"","_monsterinsights_sitenote_category":0},"product_brand":[628],"product_cat":[184,9],"product_tag":[],"class_list":{"0":"post-18130","1":"product","2":"type-product","3":"status-publish","4":"has-post-thumbnail","6":"product_brand-fimar","7":"product_cat-gyros","8":"product_cat-attrezzature-pub","9":"product_shipping_class-33","10":"pa_marca-fimar","12":"first","13":"instock","14":"taxable","15":"shipping-taxable","16":"purchasable","17":"product-type-simple"},"_links":{"self":[{"href":"https:\/\/www.creaearredanegozi.it\/de\/wp-json\/wp\/v2\/product\/18130","targetHints":{"allow":["GET"]}}],"collection":[{"href":"https:\/\/www.creaearredanegozi.it\/de\/wp-json\/wp\/v2\/product"}],"about":[{"href":"https:\/\/www.creaearredanegozi.it\/de\/wp-json\/wp\/v2\/types\/product"}],"replies":[{"embeddable":true,"href":"https:\/\/www.creaearredanegozi.it\/de\/wp-json\/wp\/v2\/comments?post=18130"}],"wp:featuredmedia":[{"embeddable":true,"href":"https:\/\/www.creaearredanegozi.it\/de\/wp-json\/wp\/v2\/media\/122131"}],"wp:attachment":[{"href":"https:\/\/www.creaearredanegozi.it\/de\/wp-json\/wp\/v2\/media?parent=18130"}],"wp:term":[{"taxonomy":"product_brand","embeddable":true,"href":"https:\/\/www.creaearredanegozi.it\/de\/wp-json\/wp\/v2\/product_brand?post=18130"},{"taxonomy":"product_cat","embeddable":true,"href":"https:\/\/www.creaearredanegozi.it\/de\/wp-json\/wp\/v2\/product_cat?post=18130"},{"taxonomy":"product_tag","embeddable":true,"href":"https:\/\/www.creaearredanegozi.it\/de\/wp-json\/wp\/v2\/product_tag?post=18130"}],"curies":[{"name":"wp","href":"https:\/\/api.w.org\/{rel}","templated":true}]}}