{"id":18182,"date":"2018-12-31T11:58:57","date_gmt":"2018-12-31T10:58:57","guid":{"rendered":"https:\/\/www.creaearredanegozi.it\/?post_type=product&#038;p=18182"},"modified":"2024-02-14T11:48:01","modified_gmt":"2024-02-14T10:48:01","slug":"cucina-a-gas-4-fuochi-vano-a-giorno-80x70x90-cm-fimar-cc74g","status":"publish","type":"product","link":"https:\/\/www.creaearredanegozi.it\/de\/cucina-a-gas-4-fuochi-vano-a-giorno-80x70x90-cm-fimar-cc74g\/","title":{"rendered":"Professionelle Gasherd 4 Brenner Tag Einheit 80x70x90 cm Fimar CC74G"},"content":{"rendered":"<h3>Cucina a gas 4 fuochi vano a giorno 80x70x90 cm Fimar CC74G<\/h3>\n<p><strong>CUCINA SENZA FORNO CC74G<\/strong><br \/>\nCC74G:4 fuochi a gas + vano a giorno, a richiesta con sportelli in acciaio Inox<\/p>\n<div class=\"row thumbnails\">\n<ul>\n<li>Kochfeld aus rostfreiem Stahl AISI 304.<\/li>\n<li>H\u00f6henverstellbarer Rahmen, Griff und F\u00fc\u00dfe aus rostfreiem Stahl AISI 430.<\/li>\n<li>Unabh\u00e4ngige Netze.<\/li>\n<li>Gasanschluss 1\/2 G\"<\/li>\n<li>Bruciatori in ghisa, 2 da 3,5 e 2 da 6 kW con termocoppia di sicurezza e accensione elettrica.<\/li>\n<li>Vorbereitet f\u00fcr Erdgas, LPG-Bausatz enthalten.<\/li>\n<\/ul>\n<p><a href=\"https:\/\/www.creaearredanegozi.it\/wp-content\/uploads\/2018\/12\/POTENZA-CC74G.jpg\"><img decoding=\"async\" class=\"alignnone size-full wp-image-126713\" src=\"https:\/\/www.creaearredanegozi.it\/wp-content\/uploads\/2018\/12\/POTENZA-CC74G.jpg\" alt=\"\" width=\"196\" height=\"225\" title=\"\" srcset=\"https:\/\/www.creaearredanegozi.it\/wp-content\/uploads\/2018\/12\/POTENZA-CC74G.jpg 196w, https:\/\/www.creaearredanegozi.it\/wp-content\/uploads\/2018\/12\/POTENZA-CC74G-64x73.jpg 64w\" sizes=\"(max-width: 196px) 100vw, 196px\" \/><\/a><\/p>\n<\/div>\n<p>Optional<\/p>\n<p>Sportello in acciaio inox per vano a giorno.<\/p>\n<p><strong>Technische Daten:<\/strong><\/p>\n<table class=\"table table-striped\">\n<tbody>\n<tr>\n<td>\n<p class=\"dati_tecnici_label_1\"><strong>Modell<\/strong><\/p>\n<\/td>\n<td><b>CC74G<\/b><\/td>\n<\/tr>\n<tr>\n<td><strong>Strom\u00a0<\/strong><\/td>\n<td align=\"left\">19 kW<\/td>\n<\/tr>\n<tr>\n<td><b>Abmessungen <\/b><\/td>\n<td align=\"left\">800x700x900h (mm)<\/td>\n<\/tr>\n<tr>\n<td><b>Nettogewicht<\/b><\/td>\n<td align=\"left\">74 kg<\/td>\n<\/tr>\n<tr>\n<td><b>Bruttogewicht<\/b><\/td>\n<td align=\"left\">85 kg<\/td>\n<\/tr>\n<tr>\n<td><b>Abmessungen der Verpackung<\/b><\/td>\n<td align=\"left\">860x760x915h (mm)<\/td>\n<\/tr>\n<tr>\n<td><strong>Verpackungsvolumen<\/strong><\/td>\n<td align=\"left\">0,595 m\u00b3<\/td>\n<\/tr>\n<tr>\n<td><strong>Kalorien<\/strong><\/td>\n<td align=\"left\">Kcal\/h 16337 &#8211; BTU\/h 64830<\/td>\n<\/tr>\n<tr>\n<td><strong>Methanverbrauch<\/strong><\/td>\n<td align=\"left\">G20\/25=2,00 m\u00b3\/h<\/td>\n<\/tr>\n<tr>\n<td><strong>LPG-Verbrauch<\/strong><\/td>\n<td align=\"left\">G30\/31=1,50 Kg\/h<\/td>\n<\/tr>\n<tr>\n<td><strong>Gasanschluss<\/strong><\/td>\n<td align=\"left\">1\/2\" G<\/td>\n<\/tr>\n<tr>\n<td><strong>Stromversorgung<\/strong><\/td>\n<td align=\"left\">230V\/1N\/50-60 Hz<\/td>\n<\/tr>\n<\/tbody>\n<\/table>","protected":false},"excerpt":{"rendered":"<p>Cucina a gas 4 fuochi vano a giorno 80x70x90 cm Fimar CC74G CUCINA SENZA FORNO CC74G CC74G:4 fuochi a gas + vano a giorno, a richiesta con sportelli in acciaio Inox Piano di cottura in acciaio inox AISI 304. Struttura, maniglia e piedi, regolabili in altezza, in acciaio inox AISI 430. Griglie indipendenti. Allacciamento gas [&#8230;]","protected":false},"featured_media":122010,"comment_status":"closed","ping_status":"closed","template":"","meta":{"_monsterinsights_skip_tracking":false,"_monsterinsights_sitenote_active":false,"_monsterinsights_sitenote_note":"","_monsterinsights_sitenote_category":0},"product_brand":[628],"product_cat":[192,152,153,193,194,25],"product_tag":[],"class_list":{"0":"post-18182","1":"product","2":"type-product","3":"status-publish","4":"has-post-thumbnail","6":"product_brand-fimar","7":"product_cat-cottura","8":"product_cat-cucine","9":"product_cat-a-gas-cucine","10":"product_cat-cucine-a-gas","11":"product_cat-profondita-70","12":"product_cat-attrezzature-ristoranti-pub-cucine","13":"product_shipping_class-i","14":"pa_marca-fimar","16":"first","17":"instock","18":"taxable","19":"shipping-taxable","20":"purchasable","21":"product-type-simple"},"_links":{"self":[{"href":"https:\/\/www.creaearredanegozi.it\/de\/wp-json\/wp\/v2\/product\/18182","targetHints":{"allow":["GET"]}}],"collection":[{"href":"https:\/\/www.creaearredanegozi.it\/de\/wp-json\/wp\/v2\/product"}],"about":[{"href":"https:\/\/www.creaearredanegozi.it\/de\/wp-json\/wp\/v2\/types\/product"}],"replies":[{"embeddable":true,"href":"https:\/\/www.creaearredanegozi.it\/de\/wp-json\/wp\/v2\/comments?post=18182"}],"wp:featuredmedia":[{"embeddable":true,"href":"https:\/\/www.creaearredanegozi.it\/de\/wp-json\/wp\/v2\/media\/122010"}],"wp:attachment":[{"href":"https:\/\/www.creaearredanegozi.it\/de\/wp-json\/wp\/v2\/media?parent=18182"}],"wp:term":[{"taxonomy":"product_brand","embeddable":true,"href":"https:\/\/www.creaearredanegozi.it\/de\/wp-json\/wp\/v2\/product_brand?post=18182"},{"taxonomy":"product_cat","embeddable":true,"href":"https:\/\/www.creaearredanegozi.it\/de\/wp-json\/wp\/v2\/product_cat?post=18182"},{"taxonomy":"product_tag","embeddable":true,"href":"https:\/\/www.creaearredanegozi.it\/de\/wp-json\/wp\/v2\/product_tag?post=18182"}],"curies":[{"name":"wp","href":"https:\/\/api.w.org\/{rel}","templated":true}]}}