{"id":18185,"date":"2018-12-31T12:17:06","date_gmt":"2018-12-31T11:17:06","guid":{"rendered":"https:\/\/www.creaearredanegozi.it\/?post_type=product&#038;p=18185"},"modified":"2024-02-14T11:30:57","modified_gmt":"2024-02-14T10:30:57","slug":"cucina-a-gas-professionale-4-fuochi-80x70x90-cm-con-forno-elettrico-gn-1-1-fimar-cc74gfev","status":"publish","type":"product","link":"https:\/\/www.creaearredanegozi.it\/de\/cucina-a-gas-professionale-4-fuochi-80x70x90-cm-con-forno-elettrico-gn-1-1-fimar-cc74gfev\/","title":{"rendered":"Professioneller Gasherd 4 Brenner 80x70x90 cm mit Elektro-Backofen GN 1\/1 Fimar CC74GFEV"},"content":{"rendered":"<p><strong>Professioneller 4-flammiger Gasherd 80x70x90 cm mit elektrischem Backofen GN 1\/1 Fimar CC74GFEV<\/strong><\/p>\n<p><strong>CUCINA GAS 4 FUOCHI CON FORNO ELETTRICO CC74GFEV<\/strong><\/p>\n<div class=\"row thumbnails\">\n<ul>\n<li>Kochfeld aus rostfreiem Stahl AISI 304.<\/li>\n<li>H\u00f6henverstellbarer Rahmen, Griff und F\u00fc\u00dfe aus rostfreiem Stahl AISI 430.<\/li>\n<li>Unabh\u00e4ngige Netze.<\/li>\n<li>Gasanschluss 1\/2\u2033G<\/li>\n<li>Bruciatori in ghisa, 2 da 3,5 e\u00a0 2 da 6 kW con termocoppia di sicurezza e accensione elettrica.<\/li>\n<li>Vorbereitet f\u00fcr Erdgas, LPG-Bausatz enthalten.<\/li>\n<li>Umluftbetriebener Elektrobackofen GN1\/1 mit 3 kW aus Edelstahl AISI 430.<\/li>\n<li>Kapazit\u00e4t 4xGN1\/1 Teilung 75mm.<\/li>\n<li>Wird mit 1 verchromten Stahlgitter geliefert.<\/li>\n<li>Zeitschaltuhr 0-120'.<\/li>\n<li>Thermostat 50-275\u00b0C.<\/li>\n<\/ul>\n<p>POWER<\/p>\n<p><a href=\"https:\/\/www.creaearredanegozi.it\/wp-content\/uploads\/2018\/12\/potenza-CC74GFEV.jpg\"><img decoding=\"async\" class=\"alignnone size-full wp-image-126706\" src=\"https:\/\/www.creaearredanegozi.it\/wp-content\/uploads\/2018\/12\/potenza-CC74GFEV.jpg\" alt=\"\" width=\"154\" height=\"165\" title=\"\" srcset=\"https:\/\/www.creaearredanegozi.it\/wp-content\/uploads\/2018\/12\/potenza-CC74GFEV.jpg 154w, https:\/\/www.creaearredanegozi.it\/wp-content\/uploads\/2018\/12\/potenza-CC74GFEV-64x69.jpg 64w\" sizes=\"(max-width: 154px) 100vw, 154px\" \/><\/a><\/p>\n<\/div>\n<p><strong>Technische Daten:<\/strong><\/p>\n<table class=\"table table-striped\">\n<tbody>\n<tr>\n<td>\n<p class=\"dati_tecnici_label_1\"><strong>Modell<\/strong><\/p>\n<\/td>\n<td><b>CC74GFEV<\/b><\/td>\n<\/tr>\n<tr>\n<td><strong>Stromversorgung<\/strong><\/td>\n<td align=\"left\">230V\/1N\/50-60 Hz<\/td>\n<\/tr>\n<tr>\n<td><strong>Arbeitstemperatur<\/strong><\/td>\n<td align=\"left\">50\u00f7275\u00b0C<\/td>\n<\/tr>\n<tr>\n<td><b>Abmessungen <\/b><\/td>\n<td align=\"left\">800x700x900h (mm)<\/td>\n<\/tr>\n<tr>\n<td><b>Nettogewicht<\/b><\/td>\n<td align=\"left\">71 kg<\/td>\n<\/tr>\n<tr>\n<td><b>Bruttogewicht<\/b><\/td>\n<td align=\"left\">82 kg<\/td>\n<\/tr>\n<tr>\n<td><b>Abmessungen der Verpackung<\/b><\/td>\n<td align=\"left\">860x760x915h (mm)<\/td>\n<\/tr>\n<tr>\n<td><strong>Verpackungsvolumen<\/strong><\/td>\n<td align=\"left\">0,595 m\u00b3<\/td>\n<\/tr>\n<tr>\n<td><strong>Kalorien<\/strong><\/td>\n<td align=\"left\">18916 kcal\/h &#8211; BTU\/h 75065<\/td>\n<\/tr>\n<tr>\n<td><strong>Methanverbrauch<\/strong><\/td>\n<td align=\"left\">G20\/25= 2,00 m\u00b3\/h<\/td>\n<\/tr>\n<tr>\n<td><strong>LPG-Verbrauch<\/strong><\/td>\n<td align=\"left\">G30\/31= 1,50 kg\/h<\/td>\n<\/tr>\n<tr>\n<td><strong>Gasanschluss<\/strong><\/td>\n<td align=\"left\">1\/2\" G<\/td>\n<\/tr>\n<tr>\n<td><strong>Capacit\u00e0 camera cottura<\/strong><\/td>\n<td align=\"left\">4xGN1\/1 - 638x394x356h (mm)<\/td>\n<\/tr>\n<tr>\n<td><strong>Spitzenleistung<\/strong><\/td>\n<td align=\"left\">19 kW<\/td>\n<\/tr>\n<tr>\n<td><strong>Power-Ofen<\/strong><\/td>\n<td align=\"left\">3 kW<\/td>\n<\/tr>\n<tr>\n<td><strong>Zeitschaltuhr\u00a0<\/strong><\/td>\n<td>Meccanico 0\u00f7120&#8242;<\/td>\n<\/tr>\n<\/tbody>\n<\/table>\n<p>&nbsp;<\/p>\n<p>&nbsp;<\/p>","protected":false},"excerpt":{"rendered":"<p>Cucina a gas professionale 4 fuochi 80x70x90 cm con forno elettrico GN 1\/1 Fimar CC74GFEV CUCINA GAS 4 FUOCHI CON FORNO ELETTRICO CC74GFEV Piano di cottura in acciaio inox AISI 304. Struttura, maniglia e piedi, regolabili in altezza, in acciaio inox AISI 430. Griglie indipendenti. Allacciamento gas 1\/2&#8243;G Bruciatori in ghisa, 2 da 3,5 e\u00a0 [&#8230;]","protected":false},"featured_media":122003,"comment_status":"closed","ping_status":"closed","template":"","meta":{"_monsterinsights_skip_tracking":false,"_monsterinsights_sitenote_active":false,"_monsterinsights_sitenote_note":"","_monsterinsights_sitenote_category":0},"product_brand":[628],"product_cat":[193,192,152,153,194,25],"product_tag":[],"class_list":{"0":"post-18185","1":"product","2":"type-product","3":"status-publish","4":"has-post-thumbnail","6":"product_brand-fimar","7":"product_cat-cucine-a-gas","8":"product_cat-cottura","9":"product_cat-cucine","10":"product_cat-a-gas-cucine","11":"product_cat-profondita-70","12":"product_cat-attrezzature-ristoranti-pub-cucine","13":"product_shipping_class-i","14":"pa_marca-fimar","16":"first","17":"instock","18":"taxable","19":"shipping-taxable","20":"purchasable","21":"product-type-simple"},"_links":{"self":[{"href":"https:\/\/www.creaearredanegozi.it\/de\/wp-json\/wp\/v2\/product\/18185","targetHints":{"allow":["GET"]}}],"collection":[{"href":"https:\/\/www.creaearredanegozi.it\/de\/wp-json\/wp\/v2\/product"}],"about":[{"href":"https:\/\/www.creaearredanegozi.it\/de\/wp-json\/wp\/v2\/types\/product"}],"replies":[{"embeddable":true,"href":"https:\/\/www.creaearredanegozi.it\/de\/wp-json\/wp\/v2\/comments?post=18185"}],"wp:featuredmedia":[{"embeddable":true,"href":"https:\/\/www.creaearredanegozi.it\/de\/wp-json\/wp\/v2\/media\/122003"}],"wp:attachment":[{"href":"https:\/\/www.creaearredanegozi.it\/de\/wp-json\/wp\/v2\/media?parent=18185"}],"wp:term":[{"taxonomy":"product_brand","embeddable":true,"href":"https:\/\/www.creaearredanegozi.it\/de\/wp-json\/wp\/v2\/product_brand?post=18185"},{"taxonomy":"product_cat","embeddable":true,"href":"https:\/\/www.creaearredanegozi.it\/de\/wp-json\/wp\/v2\/product_cat?post=18185"},{"taxonomy":"product_tag","embeddable":true,"href":"https:\/\/www.creaearredanegozi.it\/de\/wp-json\/wp\/v2\/product_tag?post=18185"}],"curies":[{"name":"wp","href":"https:\/\/api.w.org\/{rel}","templated":true}]}}