{"id":18187,"date":"2018-12-31T12:24:48","date_gmt":"2018-12-31T11:24:48","guid":{"rendered":"https:\/\/www.creaearredanegozi.it\/?post_type=product&#038;p=18187"},"modified":"2024-02-14T11:41:32","modified_gmt":"2024-02-14T10:41:32","slug":"cucina-a-gas-professionale-4-fuochi-86x70x90cm-con-forno-a-gas-gn-1-1-fimar-cc74gfg","status":"publish","type":"product","link":"https:\/\/www.creaearredanegozi.it\/de\/cucina-a-gas-professionale-4-fuochi-86x70x90cm-con-forno-a-gas-gn-1-1-fimar-cc74gfg\/","title":{"rendered":"Professionelle Gasherd 4 Brenner 86x70x90cm mit Gas-Backofen GN 1\/1 Fimar CC74GFG"},"content":{"rendered":"<h3>Cucina a gas 4 fuochi 86x70x90 cm con forno a gas GN 1\/1 Fimar CC74GFG<\/h3>\n<p><strong>GASHERD MIT GASBACKOFEN CC74GFG<\/strong><\/p>\n<div class=\"row thumbnails\">\n<ul>\n<li>Kochfeld aus rostfreiem Stahl AISI 304.<\/li>\n<li>H\u00f6henverstellbarer Rahmen, Griff und F\u00fc\u00dfe aus rostfreiem Stahl AISI 430.<\/li>\n<li>Unabh\u00e4ngige Netze.<\/li>\n<li>Allacciamento gas 1\/2&#8243;G.<\/li>\n<li>Bruciatori in ghisa, 2 da 3,5 e 2 da 6 kW con termocoppia di sicurezza e accensione elettric.<\/li>\n<li>Vorbereitet f\u00fcr Erdgas, LPG-Bausatz enthalten.<\/li>\n<li>Forno a Gas GN 1\/1 4 kW.<\/li>\n<li>Kapazit\u00e4t 4xGN1\/1 Teilung 75mm.<\/li>\n<li>Wird mit 1 verchromten Stahlgitter geliefert.<\/li>\n<li>Zeitschaltuhr 0-120'.<\/li>\n<li>Thermostat 50-275\u00b0C.<\/li>\n<\/ul>\n<p><a href=\"https:\/\/www.creaearredanegozi.it\/wp-content\/uploads\/2018\/12\/POTENZA-CC74GFG.jpg\"><img decoding=\"async\" class=\"alignnone size-full wp-image-126709\" src=\"https:\/\/www.creaearredanegozi.it\/wp-content\/uploads\/2018\/12\/POTENZA-CC74GFG.jpg\" alt=\"\" width=\"196\" height=\"225\" title=\"\" srcset=\"https:\/\/www.creaearredanegozi.it\/wp-content\/uploads\/2018\/12\/POTENZA-CC74GFG.jpg 196w, https:\/\/www.creaearredanegozi.it\/wp-content\/uploads\/2018\/12\/POTENZA-CC74GFG-64x73.jpg 64w\" sizes=\"(max-width: 196px) 100vw, 196px\" \/><\/a><\/p>\n<\/div>\n<p><strong>Technische Daten:<\/strong><\/p>\n<table class=\"table table-striped\">\n<tbody>\n<tr>\n<td>\n<p class=\"dati_tecnici_label_1\"><strong>Modell<\/strong><\/p>\n<\/td>\n<td><b>CC74GFG<\/b><\/td>\n<\/tr>\n<tr>\n<td><strong>Stromversorgung<\/strong><\/td>\n<td align=\"left\">230V\/1N\/50-60 Hz<\/td>\n<\/tr>\n<tr>\n<td><strong>Arbeitstemperatur<\/strong><\/td>\n<td align=\"left\">50-275\u00b0C.<\/td>\n<\/tr>\n<tr>\n<td><b>Abmessungen <\/b><\/td>\n<td align=\"left\">800x700x900h (mm)<\/td>\n<\/tr>\n<tr>\n<td><b>Nettogewicht<\/b><\/td>\n<td align=\"left\">74 kg<\/td>\n<\/tr>\n<tr>\n<td><b>Bruttogewicht<\/b><\/td>\n<td align=\"left\">85 kg<\/td>\n<\/tr>\n<tr>\n<td><b>Abmessungen der Verpackung<\/b><\/td>\n<td align=\"left\">860x760x915h (mm)<\/td>\n<\/tr>\n<tr>\n<td><strong>Verpackungsvolumen<\/strong><\/td>\n<td align=\"left\">0,595 m\u00b3<\/td>\n<\/tr>\n<tr>\n<td><strong>Kalorien<\/strong><\/td>\n<td align=\"left\">19777 kcal\/h &#8211; BTU\/h 78478<\/td>\n<\/tr>\n<tr>\n<td><strong>Methanverbrauch<\/strong><\/td>\n<td align=\"left\">G20\/25=2,43 m\u00b3\/h<\/td>\n<\/tr>\n<tr>\n<td><strong>LPG-Verbrauch<\/strong><\/td>\n<td align=\"left\">G30\/31= 1,80 Kg\/h<\/td>\n<\/tr>\n<tr>\n<td><strong>Gasanschluss<\/strong><\/td>\n<td align=\"left\">1\/2\" G<\/td>\n<\/tr>\n<tr>\n<td><strong>Capacit\u00e0 camera cottura<\/strong><\/td>\n<td align=\"left\">4 x GN1\/1<br \/>\n635 x 354 x 390h (mm)<\/td>\n<\/tr>\n<tr>\n<td><strong>Spitzenleistung<\/strong><\/td>\n<td align=\"left\">19 kW<\/td>\n<\/tr>\n<tr>\n<td><strong>Power-Ofen<\/strong><\/td>\n<td align=\"left\">4 kW<\/td>\n<\/tr>\n<\/tbody>\n<\/table>","protected":false},"excerpt":{"rendered":"<p>Cucina a gas 4 fuochi 86x70x90 cm con forno a gas GN 1\/1 Fimar CC74GFG CUCINA GAS CON FORNO GAS CC74GFG Piano di cottura in acciaio inox AISI 304. Struttura, maniglia e piedi, regolabili in altezza, in acciaio inox AISI 430. Griglie indipendenti. Allacciamento gas 1\/2&#8243;G. Bruciatori in ghisa, 2 da 3,5 e 2 da [&#8230;]","protected":false},"featured_media":122007,"comment_status":"closed","ping_status":"closed","template":"","meta":{"_monsterinsights_skip_tracking":false,"_monsterinsights_sitenote_active":false,"_monsterinsights_sitenote_note":"","_monsterinsights_sitenote_category":0},"product_brand":[628],"product_cat":[192,153,193,194,25],"product_tag":[],"class_list":{"0":"post-18187","1":"product","2":"type-product","3":"status-publish","4":"has-post-thumbnail","6":"product_brand-fimar","7":"product_cat-cottura","8":"product_cat-a-gas-cucine","9":"product_cat-cucine-a-gas","10":"product_cat-profondita-70","11":"product_cat-attrezzature-ristoranti-pub-cucine","12":"product_shipping_class-i","13":"pa_marca-fimar","15":"first","16":"instock","17":"taxable","18":"shipping-taxable","19":"purchasable","20":"product-type-simple"},"_links":{"self":[{"href":"https:\/\/www.creaearredanegozi.it\/de\/wp-json\/wp\/v2\/product\/18187","targetHints":{"allow":["GET"]}}],"collection":[{"href":"https:\/\/www.creaearredanegozi.it\/de\/wp-json\/wp\/v2\/product"}],"about":[{"href":"https:\/\/www.creaearredanegozi.it\/de\/wp-json\/wp\/v2\/types\/product"}],"replies":[{"embeddable":true,"href":"https:\/\/www.creaearredanegozi.it\/de\/wp-json\/wp\/v2\/comments?post=18187"}],"wp:featuredmedia":[{"embeddable":true,"href":"https:\/\/www.creaearredanegozi.it\/de\/wp-json\/wp\/v2\/media\/122007"}],"wp:attachment":[{"href":"https:\/\/www.creaearredanegozi.it\/de\/wp-json\/wp\/v2\/media?parent=18187"}],"wp:term":[{"taxonomy":"product_brand","embeddable":true,"href":"https:\/\/www.creaearredanegozi.it\/de\/wp-json\/wp\/v2\/product_brand?post=18187"},{"taxonomy":"product_cat","embeddable":true,"href":"https:\/\/www.creaearredanegozi.it\/de\/wp-json\/wp\/v2\/product_cat?post=18187"},{"taxonomy":"product_tag","embeddable":true,"href":"https:\/\/www.creaearredanegozi.it\/de\/wp-json\/wp\/v2\/product_tag?post=18187"}],"curies":[{"name":"wp","href":"https:\/\/api.w.org\/{rel}","templated":true}]}}