{"id":18188,"date":"2018-12-31T12:36:28","date_gmt":"2018-12-31T11:36:28","guid":{"rendered":"https:\/\/www.creaearredanegozi.it\/?post_type=product&#038;p=18188"},"modified":"2024-02-14T11:53:58","modified_gmt":"2024-02-14T10:53:58","slug":"professionelle-gasherd-edelstahl-6-brenner-120x70x90cm-fach-fimar-cc76g","status":"publish","type":"product","link":"https:\/\/www.creaearredanegozi.it\/de\/professionelle-gasherd-edelstahl-6-brenner-120x70x90cm-fach-fimar-cc76g\/","title":{"rendered":"Professioneller Gasherd Edelstahl 6 Brenner 120x70x90cm + Staufach Fimar CC76G"},"content":{"rendered":"<h3>6-flammiger Gasherd 120x70x90 cm + Fach Fimar CC76G<\/h3>\n<p><strong>K\u00dcCHE OHNE BACKOFEN CC76G<\/strong><br \/>\nCC76G: 6 Gasbrenner + offenes Fach, optional mit T\u00fcren aus Edelstahl<\/p>\n<div class=\"row thumbnails\">\n<ul>\n<li>Kochfeld aus rostfreiem Stahl AISI 304.<\/li>\n<li>H\u00f6henverstellbarer Rahmen, Griff und F\u00fc\u00dfe aus rostfreiem Stahl AISI 430.<\/li>\n<li>Unabh\u00e4ngige Netze.<\/li>\n<li>Gasanschluss 1\/2 G\"<\/li>\n<li>Gusseisenbrenner, 3 x 3,5 und 3 x 6 kW mit Sicherheitsthermoelement und elektrischer Z\u00fcndung.<\/li>\n<li>Vorbereitet f\u00fcr Erdgas, LPG-Bausatz enthalten.<\/li>\n<\/ul>\n<p><a href=\"https:\/\/www.creaearredanegozi.it\/wp-content\/uploads\/2018\/12\/potenza-CC76G.jpg\"><img decoding=\"async\" class=\"alignnone size-full wp-image-126714\" src=\"https:\/\/www.creaearredanegozi.it\/wp-content\/uploads\/2018\/12\/potenza-CC76G.jpg\" alt=\"\" width=\"261\" height=\"200\" title=\"\" srcset=\"https:\/\/www.creaearredanegozi.it\/wp-content\/uploads\/2018\/12\/potenza-CC76G.jpg 261w, https:\/\/www.creaearredanegozi.it\/wp-content\/uploads\/2018\/12\/potenza-CC76G-64x49.jpg 64w\" sizes=\"(max-width: 261px) 100vw, 261px\" \/><\/a><\/p>\n<\/div>\n<p>Optional<\/p>\n<p>T\u00fcr aus rostfreiem Stahl f\u00fcr offenes Fach.<\/p>\n<p><strong>Technische Daten:<\/strong><\/p>\n<table class=\"table table-striped\">\n<tbody>\n<tr>\n<td>\n<p class=\"dati_tecnici_label_1\"><strong>Modell<\/strong><\/p>\n<\/td>\n<td><b>CC76G<\/b><\/td>\n<\/tr>\n<tr>\n<td><strong>Stromversorgung<\/strong><\/td>\n<td align=\"left\">230V\/1N\/50-60 Hz<\/td>\n<\/tr>\n<tr>\n<td><strong>Spitzenleistung<\/strong><\/td>\n<td align=\"left\">28,5 kW<\/td>\n<\/tr>\n<tr>\n<td><b>Abmessungen <\/b><\/td>\n<td align=\"left\">1200x700x900h (mm)<\/td>\n<\/tr>\n<tr>\n<td><b>Nettogewicht<\/b><\/td>\n<td align=\"left\">94 kg<\/td>\n<\/tr>\n<tr>\n<td><b>Bruttogewicht<\/b><\/td>\n<td align=\"left\">108 kg<\/td>\n<\/tr>\n<tr>\n<td><b>Abmessungen der Verpackung<\/b><\/td>\n<td align=\"left\">1260x760x915h (mm)<\/td>\n<\/tr>\n<tr>\n<td><strong>Verpackungsvolumen<\/strong><\/td>\n<td align=\"left\">0,871 m\u00b3<\/td>\n<\/tr>\n<tr>\n<td><strong>Kalorien<\/strong><\/td>\n<td align=\"left\">24505 kcal\/h - BTU\/h 97244<\/td>\n<\/tr>\n<tr>\n<td><strong>Methanverbrauch<\/strong><\/td>\n<td align=\"left\">G20\/25= 3,00 m\u00b3\/h<\/td>\n<\/tr>\n<tr>\n<td><strong>LPG-Verbrauch<\/strong><\/td>\n<td align=\"left\">G30\/31= 2,25 kg\/h<\/td>\n<\/tr>\n<tr>\n<td><strong>Gasanschluss<\/strong><\/td>\n<td align=\"left\">1\/2\" G<\/td>\n<\/tr>\n<\/tbody>\n<\/table>","protected":false},"excerpt":{"rendered":"<p>Cucina a gas 6 fuochi 120x70x90 cm + vano Fimar CC76G CUCINA SENZA FORNO CC76G CC76G: 6 fuochi a gas + vano a giorno, a richiesta con sportelli in acciaio inox Piano di cottura in acciaio inox AISI 304. Struttura, maniglia e piedi, regolabili in altezza, in acciaio inox AISI 430. Griglie indipendenti. Allacciamento gas [&#8230;]","protected":false},"featured_media":18189,"comment_status":"closed","ping_status":"closed","template":"","meta":{"_monsterinsights_skip_tracking":false,"_monsterinsights_sitenote_active":false,"_monsterinsights_sitenote_note":"","_monsterinsights_sitenote_category":0},"product_brand":[628],"product_cat":[192,152,153,193,194,25],"product_tag":[],"class_list":{"0":"post-18188","1":"product","2":"type-product","3":"status-publish","4":"has-post-thumbnail","6":"product_brand-fimar","7":"product_cat-cottura","8":"product_cat-cucine","9":"product_cat-a-gas-cucine","10":"product_cat-cucine-a-gas","11":"product_cat-profondita-70","12":"product_cat-attrezzature-ristoranti-pub-cucine","13":"product_shipping_class-c","14":"pa_marca-fimar","16":"first","17":"instock","18":"taxable","19":"shipping-taxable","20":"purchasable","21":"product-type-simple"},"_links":{"self":[{"href":"https:\/\/www.creaearredanegozi.it\/de\/wp-json\/wp\/v2\/product\/18188","targetHints":{"allow":["GET"]}}],"collection":[{"href":"https:\/\/www.creaearredanegozi.it\/de\/wp-json\/wp\/v2\/product"}],"about":[{"href":"https:\/\/www.creaearredanegozi.it\/de\/wp-json\/wp\/v2\/types\/product"}],"replies":[{"embeddable":true,"href":"https:\/\/www.creaearredanegozi.it\/de\/wp-json\/wp\/v2\/comments?post=18188"}],"wp:featuredmedia":[{"embeddable":true,"href":"https:\/\/www.creaearredanegozi.it\/de\/wp-json\/wp\/v2\/media\/18189"}],"wp:attachment":[{"href":"https:\/\/www.creaearredanegozi.it\/de\/wp-json\/wp\/v2\/media?parent=18188"}],"wp:term":[{"taxonomy":"product_brand","embeddable":true,"href":"https:\/\/www.creaearredanegozi.it\/de\/wp-json\/wp\/v2\/product_brand?post=18188"},{"taxonomy":"product_cat","embeddable":true,"href":"https:\/\/www.creaearredanegozi.it\/de\/wp-json\/wp\/v2\/product_cat?post=18188"},{"taxonomy":"product_tag","embeddable":true,"href":"https:\/\/www.creaearredanegozi.it\/de\/wp-json\/wp\/v2\/product_tag?post=18188"}],"curies":[{"name":"wp","href":"https:\/\/api.w.org\/{rel}","templated":true}]}}