{"id":18195,"date":"2019-01-02T10:25:22","date_gmt":"2019-01-02T09:25:22","guid":{"rendered":"https:\/\/www.creaearredanegozi.it\/?post_type=product&#038;p=18195"},"modified":"2024-02-14T11:55:29","modified_gmt":"2024-02-14T10:55:29","slug":"cucina-elettrica-professionale-4-piastre-104-kw-80x70x90-cm-con-vano-fimar-cc74p","status":"publish","type":"product","link":"https:\/\/www.creaearredanegozi.it\/de\/cucina-elettrica-professionale-4-piastre-104-kw-80x70x90-cm-con-vano-fimar-cc74p\/","title":{"rendered":"Profi-Elektroherd 4 Kochplatten 10,4 kW 80x70x90 cm mit Fach Fimar CC74P"},"content":{"rendered":"<h3>Cucina elettrica 4 piastre 10,4 kW 80x70x90 cm Fimar CC74P<\/h3>\n<p><strong>CUCINA SENZA FORNO CC74P<\/strong><\/p>\n<div class=\"row thumbnails\">\n<ul>\n<li>Kochfeld aus rostfreiem Stahl AISI 304.<\/li>\n<li>H\u00f6henverstellbarer Rahmen, Griff und F\u00fc\u00dfe aus rostfreiem Stahl AISI 430.<\/li>\n<li>Unabh\u00e4ngige Netze.<\/li>\n<li>4 piastre elettriche \u00d8 220 mm da 2,6 kW.<\/li>\n<li>Vano a giorno, a richiesta con sportelli in acciaio inox.<\/li>\n<\/ul>\n<p><a href=\"https:\/\/www.creaearredanegozi.it\/wp-content\/uploads\/2019\/01\/POTENZA-CC74P.jpg\"><img decoding=\"async\" class=\"alignnone size-full wp-image-126715\" src=\"https:\/\/www.creaearredanegozi.it\/wp-content\/uploads\/2019\/01\/POTENZA-CC74P.jpg\" alt=\"\" width=\"196\" height=\"225\" title=\"\" srcset=\"https:\/\/www.creaearredanegozi.it\/wp-content\/uploads\/2019\/01\/POTENZA-CC74P.jpg 196w, https:\/\/www.creaearredanegozi.it\/wp-content\/uploads\/2019\/01\/POTENZA-CC74P-64x73.jpg 64w\" sizes=\"(max-width: 196px) 100vw, 196px\" \/><\/a><\/p>\n<\/div>\n<p>Optional<\/p>\n<p>T\u00fcr aus rostfreiem Stahl f\u00fcr offenes Fach.<\/p>\n<p><strong>Technische Daten:<\/strong><\/p>\n<table class=\"table table-striped\">\n<tbody>\n<tr>\n<td>\n<p class=\"dati_tecnici_label_1\"><strong>Modell<\/strong><\/p>\n<\/td>\n<td><strong>CC74P<\/strong><\/td>\n<\/tr>\n<tr>\n<td><strong>Stromversorgung<\/strong><\/td>\n<td align=\"left\">400V\/3N\/50-60Hz<\/td>\n<\/tr>\n<tr>\n<td><strong>Arbeitstemperatur<\/strong><\/td>\n<td align=\"left\">\/<\/td>\n<\/tr>\n<tr>\n<td><b>Abmessungen <\/b><\/td>\n<td align=\"left\">800x700x900h (mm)<\/td>\n<\/tr>\n<tr>\n<td><b>Nettogewicht<\/b><\/td>\n<td align=\"left\">55 kg<\/td>\n<\/tr>\n<tr>\n<td><b>Bruttogewicht<\/b><\/td>\n<td align=\"left\">65 kg<\/td>\n<\/tr>\n<tr>\n<td><b>Abmessungen der Verpackung<\/b><\/td>\n<td align=\"left\">860x760x915h (mm)<\/td>\n<\/tr>\n<tr>\n<td><strong>Verpackungsvolumen<\/strong><\/td>\n<td align=\"left\">0,595 m\u00b3<\/td>\n<\/tr>\n<tr>\n<td><strong>Kalorien<\/strong><\/td>\n<td align=\"left\">8942 kcal\/h &#8211; BTU\/h 35485<\/td>\n<\/tr>\n<tr>\n<td><strong>Methanverbrauch<\/strong><\/td>\n<td align=\"left\">\/<\/td>\n<\/tr>\n<tr>\n<td><strong>LPG-Verbrauch<\/strong><\/td>\n<td align=\"left\">\/<\/td>\n<\/tr>\n<tr>\n<td><strong>Gasanschluss<\/strong><\/td>\n<td align=\"left\">\/<\/td>\n<\/tr>\n<tr>\n<td><strong>Raumkapazit\u00e4t <\/strong><\/td>\n<td align=\"left\">\/<\/td>\n<\/tr>\n<tr>\n<td><strong>Spitzenleistung<\/strong><\/td>\n<td align=\"left\">10,4 kW<\/td>\n<\/tr>\n<tr>\n<td><strong>Power-Ofen<\/strong><\/td>\n<td align=\"left\">\/<\/td>\n<\/tr>\n<\/tbody>\n<\/table>","protected":false},"excerpt":{"rendered":"<p>Cucina elettrica 4 piastre 10,4 kW 80x70x90 cm Fimar CC74P CUCINA SENZA FORNO CC74P Piano di cottura in acciaio inox AISI 304. Struttura, maniglia e piedi, regolabili in altezza, in acciaio inox AISI 430. Griglie indipendenti. 4 piastre elettriche \u00d8 220 mm da 2,6 kW. Vano a giorno, a richiesta con sportelli in acciaio inox. [&#8230;]","protected":false},"featured_media":18197,"comment_status":"closed","ping_status":"closed","template":"","meta":{"_monsterinsights_skip_tracking":false,"_monsterinsights_sitenote_active":false,"_monsterinsights_sitenote_note":"","_monsterinsights_sitenote_category":0},"product_brand":[628],"product_cat":[154,192,152,409,410,25],"product_tag":[],"class_list":{"0":"post-18195","1":"product","2":"type-product","3":"status-publish","4":"has-post-thumbnail","6":"product_brand-fimar","7":"product_cat-elettriche-cucine","8":"product_cat-cottura","9":"product_cat-cucine","10":"product_cat-cucine-elettriche","11":"product_cat-profondita-70-cucine-elettriche","12":"product_cat-attrezzature-ristoranti-pub-cucine","13":"product_shipping_class-i","14":"pa_marca-fimar","16":"first","17":"instock","18":"taxable","19":"shipping-taxable","20":"purchasable","21":"product-type-simple"},"_links":{"self":[{"href":"https:\/\/www.creaearredanegozi.it\/de\/wp-json\/wp\/v2\/product\/18195","targetHints":{"allow":["GET"]}}],"collection":[{"href":"https:\/\/www.creaearredanegozi.it\/de\/wp-json\/wp\/v2\/product"}],"about":[{"href":"https:\/\/www.creaearredanegozi.it\/de\/wp-json\/wp\/v2\/types\/product"}],"replies":[{"embeddable":true,"href":"https:\/\/www.creaearredanegozi.it\/de\/wp-json\/wp\/v2\/comments?post=18195"}],"wp:featuredmedia":[{"embeddable":true,"href":"https:\/\/www.creaearredanegozi.it\/de\/wp-json\/wp\/v2\/media\/18197"}],"wp:attachment":[{"href":"https:\/\/www.creaearredanegozi.it\/de\/wp-json\/wp\/v2\/media?parent=18195"}],"wp:term":[{"taxonomy":"product_brand","embeddable":true,"href":"https:\/\/www.creaearredanegozi.it\/de\/wp-json\/wp\/v2\/product_brand?post=18195"},{"taxonomy":"product_cat","embeddable":true,"href":"https:\/\/www.creaearredanegozi.it\/de\/wp-json\/wp\/v2\/product_cat?post=18195"},{"taxonomy":"product_tag","embeddable":true,"href":"https:\/\/www.creaearredanegozi.it\/de\/wp-json\/wp\/v2\/product_tag?post=18195"}],"curies":[{"name":"wp","href":"https:\/\/api.w.org\/{rel}","templated":true}]}}