{"id":18270,"date":"2019-01-03T09:55:36","date_gmt":"2019-01-03T08:55:36","guid":{"rendered":"https:\/\/www.creaearredanegozi.it\/?post_type=product&#038;p=18270"},"modified":"2023-07-03T19:52:54","modified_gmt":"2023-07-03T17:52:54","slug":"fimar-gp2fr-professioneller-eisbrecher-15-l-mischanlage-unabhangige-motoren","status":"publish","type":"product","link":"https:\/\/www.creaearredanegozi.it\/de\/fimar-gp2fr-professioneller-eisbrecher-15-l-mischanlage-unabhangige-motoren\/","title":{"rendered":"Mixer 1,5 Lt + Eisbrecher Professional Unabh\u00e4ngige Motoren Fimar GP2FR"},"content":{"rendered":"<h3>Mixer 1.5 Lt lexan + Eisbrecher mit unabh\u00e4ngigen Motoren Fimar GP2FR<\/h3>\n<div><strong>MEHRERE GRUPPEN GP2FR<\/strong><\/div>\n<div>Maschinen, die mehrere Bearbeitungsvorg\u00e4nge gleichzeitig ausf\u00fchren k\u00f6nnen.<\/div>\n<div class=\"row thumbnails\">\n<ul>\n<li>Struktur aus lackierter Aluminium-Leichtmetalllegierung.<\/li>\n<li>Unabh\u00e4ngige Motoren.<\/li>\n<li>Bestehend aus Mixer mit 1,5-Liter-Lexanglas und Eisw\u00fcrfelbereiter mit Edelstahlglas.<\/li>\n<\/ul>\n<\/div>\n<p><strong>Technische Daten:<\/strong><\/p>\n<table class=\"table table-striped\">\n<tbody>\n<tr>\n<td>\n<p class=\"dati_tecnici_label_1\"><span style=\"color: #333333;\"><span style=\"font-size: 14.4px;\">Modell<\/span><\/span><\/p>\n<\/td>\n<td><span style=\"font-size: 14.4px;\">GP2FR<\/span><\/td>\n<\/tr>\n<tr>\n<td><span style=\"font-size: 14.4px;\">Strom <\/span><\/td>\n<td align=\"left\"><span style=\"font-size: 14.4px;\">150+350 W<\/span><\/td>\n<\/tr>\n<tr>\n<td><span style=\"font-size: 14.4px;\">Stromversorgung <\/span><\/td>\n<td align=\"left\"><span style=\"font-size: 14.4px;\">230V\/1N\/50-60Hz<\/span><\/td>\n<\/tr>\n<tr>\n<td><span style=\"font-size: 14.4px;\">Abmessungen <\/span><\/td>\n<td align=\"left\"><span style=\"font-size: 14.4px;\">380x300x490h (mm)<\/span><\/td>\n<\/tr>\n<tr>\n<td><span style=\"font-size: 14.4px;\">Nettogewicht<\/span><\/td>\n<td align=\"left\"><span style=\"font-size: 14.4px;\">9 kg<\/span><\/td>\n<\/tr>\n<tr>\n<td><span style=\"font-size: 14.4px;\">Bruttogewicht<\/span><\/td>\n<td align=\"left\"><span style=\"font-size: 14.4px;\">10 kg<\/span><\/td>\n<\/tr>\n<tr>\n<td><span style=\"font-size: 14.4px;\">Abmessungen der Verpackung<\/span><\/td>\n<td align=\"left\"><span style=\"font-size: 14.4px;\">530x310x530h (mm)<\/span><\/td>\n<\/tr>\n<tr>\n<td><span style=\"font-size: 14.4px;\">Verpackungsvolumen<\/span><\/td>\n<td align=\"left\"><span style=\"font-size: 14.4px;\">0,087 m\u00b3<\/span><\/td>\n<\/tr>\n<tr>\n<td><span style=\"font-size: 14.4px;\">Geschwindigkeit<\/span><\/td>\n<td align=\"left\"><span style=\"font-size: 14.4px;\">800\/16000 U\/min<\/span><\/td>\n<\/tr>\n<\/tbody>\n<\/table>","protected":false},"excerpt":{"rendered":"<p>Gruppo frullatore 1,5 Lt lexan + rompighiaccio a motori indipendenti Fimar GP2FR GRUPPI MULTIPLI GP2FR Macchine per realizzare contemporaneamente pi\u00f9 lavorazioni. Struttura in lega leggera di alluminio verniciato. Motori indipendenti. Composto da frullatore con bicchiere da 1,5 Lt. in lexan e rompighiaccio con bicchiere in acciaio inox. Dati tecnici: Modello GP2FR Potenza 150+350 W Alimentazione [&#8230;]","protected":false},"featured_media":18271,"comment_status":"closed","ping_status":"closed","template":"","meta":{"_monsterinsights_skip_tracking":false,"_monsterinsights_sitenote_active":false,"_monsterinsights_sitenote_note":"","_monsterinsights_sitenote_category":0},"product_brand":[628],"product_cat":[10,163,65,814,25,67],"product_tag":[],"class_list":{"0":"post-18270","1":"product","2":"type-product","3":"status-publish","4":"has-post-thumbnail","6":"product_brand-fimar","7":"product_cat-attrezzature-bar","8":"product_cat-frullatori-ristorazione","9":"product_cat-frullatori","10":"product_cat-mixer-frullatori","11":"product_cat-attrezzature-ristoranti-pub-cucine","12":"product_cat-rompighiaccio","13":"product_shipping_class-f","14":"pa_marca-fimar","16":"first","17":"instock","18":"taxable","19":"shipping-taxable","20":"purchasable","21":"product-type-simple"},"_links":{"self":[{"href":"https:\/\/www.creaearredanegozi.it\/de\/wp-json\/wp\/v2\/product\/18270","targetHints":{"allow":["GET"]}}],"collection":[{"href":"https:\/\/www.creaearredanegozi.it\/de\/wp-json\/wp\/v2\/product"}],"about":[{"href":"https:\/\/www.creaearredanegozi.it\/de\/wp-json\/wp\/v2\/types\/product"}],"replies":[{"embeddable":true,"href":"https:\/\/www.creaearredanegozi.it\/de\/wp-json\/wp\/v2\/comments?post=18270"}],"wp:featuredmedia":[{"embeddable":true,"href":"https:\/\/www.creaearredanegozi.it\/de\/wp-json\/wp\/v2\/media\/18271"}],"wp:attachment":[{"href":"https:\/\/www.creaearredanegozi.it\/de\/wp-json\/wp\/v2\/media?parent=18270"}],"wp:term":[{"taxonomy":"product_brand","embeddable":true,"href":"https:\/\/www.creaearredanegozi.it\/de\/wp-json\/wp\/v2\/product_brand?post=18270"},{"taxonomy":"product_cat","embeddable":true,"href":"https:\/\/www.creaearredanegozi.it\/de\/wp-json\/wp\/v2\/product_cat?post=18270"},{"taxonomy":"product_tag","embeddable":true,"href":"https:\/\/www.creaearredanegozi.it\/de\/wp-json\/wp\/v2\/product_tag?post=18270"}],"curies":[{"name":"wp","href":"https:\/\/api.w.org\/{rel}","templated":true}]}}