{"id":18272,"date":"2019-01-03T10:01:47","date_gmt":"2019-01-03T09:01:47","guid":{"rendered":"https:\/\/www.creaearredanegozi.it\/?post_type=product&#038;p=18272"},"modified":"2024-10-01T17:17:37","modified_gmt":"2024-10-01T15:17:37","slug":"gruppo-spremiagrumi-frullatore-15-lt-frullatore-frappe-a-motori-indipendenti-fimar-gp3sff","status":"publish","type":"product","link":"https:\/\/www.creaearredanegozi.it\/de\/gruppo-spremiagrumi-frullatore-15-lt-frullatore-frappe-a-motori-indipendenti-fimar-gp3sff\/","title":{"rendered":"Zitruspresse + Mixer 1,5 Lt + Milchshake-Mixer mit unabh\u00e4ngigen Motoren Fimar GP3SFF"},"content":{"rendered":"<h3>Gruppo spremiagrumi + frullatore 1,5 Lt + frullatore frapp\u00e8 a motori indipendenti Fimar GP3SFF<\/h3>\n<p><strong>GRUPPI MULTIPLI GP3SFF<\/strong><br \/>\nMaschinen, die mehrere Bearbeitungsvorg\u00e4nge gleichzeitig ausf\u00fchren k\u00f6nnen.<\/p>\n<div class=\"row thumbnails\">\n<ul>\n<li>Struktur aus lackierter Aluminium-Leichtmetalllegierung.<\/li>\n<li>Unabh\u00e4ngige Motoren.<\/li>\n<li>Composto da spremiagrumi a leva, frullatore con bicchiere da 1,5 Lt. in lexan e frullatore frapp\u00e8 con bicchiere in lexan.<\/li>\n<\/ul>\n<\/div>\n<p><strong>Technische Daten:<\/strong><\/p>\n<table class=\"table table-striped\">\n<tbody>\n<tr>\n<td>\n<p class=\"dati_tecnici_label_1\"><strong>Modell<\/strong><\/p>\n<\/td>\n<td><strong>GP3SFF<\/strong><\/td>\n<\/tr>\n<tr>\n<td><strong>Strom <\/strong><\/td>\n<td align=\"left\">150+350+120 W<\/td>\n<\/tr>\n<tr>\n<td><strong>Stromversorgung <\/strong><\/td>\n<td align=\"left\">230V\/1N\/50-60Hz<\/td>\n<\/tr>\n<tr>\n<td><b>Abmessungen <\/b><\/td>\n<td align=\"left\">510x240x500h (mm)<\/td>\n<\/tr>\n<tr>\n<td><b>Nettogewicht<\/b><\/td>\n<td align=\"left\">11 kg<\/td>\n<\/tr>\n<tr>\n<td><b>Bruttogewicht<\/b><\/td>\n<td align=\"left\">12 kg<\/td>\n<\/tr>\n<tr>\n<td><b>Abmessungen der Verpackung<\/b><\/td>\n<td align=\"left\">530x310x530h (mm)<\/td>\n<\/tr>\n<tr>\n<td><strong>Verpackungsvolumen<\/strong><\/td>\n<td align=\"left\">0,087 m\u00b3<\/td>\n<\/tr>\n<tr>\n<td><strong>Geschwindigkeit<\/strong><\/td>\n<td align=\"left\">500\/16000\/16000 rpm<\/td>\n<\/tr>\n<\/tbody>\n<\/table>","protected":false},"excerpt":{"rendered":"<p>Gruppo spremiagrumi + frullatore 1,5 Lt + frullatore frapp\u00e8 a motori indipendenti Fimar GP3SFF GRUPPI MULTIPLI GP3SFF Macchine per realizzare contemporaneamente pi\u00f9 lavorazioni. Struttura in lega leggera di alluminio verniciato. Motori indipendenti. Composto da spremiagrumi a leva, frullatore con bicchiere da 1,5 Lt. in lexan e frullatore frapp\u00e8 con bicchiere in lexan. Dati tecnici: Modello [&#8230;]","protected":false},"featured_media":122167,"comment_status":"closed","ping_status":"closed","template":"","meta":{"_monsterinsights_skip_tracking":false,"_monsterinsights_sitenote_active":false,"_monsterinsights_sitenote_note":"","_monsterinsights_sitenote_category":0},"product_brand":[628],"product_cat":[10,163,65,814,25,68],"product_tag":[],"class_list":{"0":"post-18272","1":"product","2":"type-product","3":"status-publish","4":"has-post-thumbnail","6":"product_brand-fimar","7":"product_cat-attrezzature-bar","8":"product_cat-frullatori-ristorazione","9":"product_cat-frullatori","10":"product_cat-mixer-frullatori","11":"product_cat-attrezzature-ristoranti-pub-cucine","12":"product_cat-spremiagrumi","13":"product_shipping_class-206","14":"pa_marca-fimar","16":"first","17":"instock","18":"taxable","19":"shipping-taxable","20":"purchasable","21":"product-type-simple"},"_links":{"self":[{"href":"https:\/\/www.creaearredanegozi.it\/de\/wp-json\/wp\/v2\/product\/18272","targetHints":{"allow":["GET"]}}],"collection":[{"href":"https:\/\/www.creaearredanegozi.it\/de\/wp-json\/wp\/v2\/product"}],"about":[{"href":"https:\/\/www.creaearredanegozi.it\/de\/wp-json\/wp\/v2\/types\/product"}],"replies":[{"embeddable":true,"href":"https:\/\/www.creaearredanegozi.it\/de\/wp-json\/wp\/v2\/comments?post=18272"}],"wp:featuredmedia":[{"embeddable":true,"href":"https:\/\/www.creaearredanegozi.it\/de\/wp-json\/wp\/v2\/media\/122167"}],"wp:attachment":[{"href":"https:\/\/www.creaearredanegozi.it\/de\/wp-json\/wp\/v2\/media?parent=18272"}],"wp:term":[{"taxonomy":"product_brand","embeddable":true,"href":"https:\/\/www.creaearredanegozi.it\/de\/wp-json\/wp\/v2\/product_brand?post=18272"},{"taxonomy":"product_cat","embeddable":true,"href":"https:\/\/www.creaearredanegozi.it\/de\/wp-json\/wp\/v2\/product_cat?post=18272"},{"taxonomy":"product_tag","embeddable":true,"href":"https:\/\/www.creaearredanegozi.it\/de\/wp-json\/wp\/v2\/product_tag?post=18272"}],"curies":[{"name":"wp","href":"https:\/\/api.w.org\/{rel}","templated":true}]}}