{"id":18279,"date":"2019-01-03T11:07:20","date_gmt":"2019-01-03T10:07:20","guid":{"rendered":"https:\/\/www.creaearredanegozi.it\/?post_type=product&#038;p=18279"},"modified":"2023-12-13T12:47:56","modified_gmt":"2023-12-13T11:47:56","slug":"professioneller-durchlaufender-brottoaster-mit-automatischer-walze-3000w-fimar-toc","status":"publish","type":"product","link":"https:\/\/www.creaearredanegozi.it\/de\/professioneller-durchlaufender-brottoaster-mit-automatischer-walze-3000w-fimar-toc\/","title":{"rendered":"Profi-Durchlauftoaster mit automatischer Walze 3000W Fimar TOC"},"content":{"rendered":"<h3>Profi-Durchlauftoaster 3000 W Fimar TOC<\/h3>\n<p><strong>DAUER-TOASTER TOC<\/strong><br \/>\nBrottoastingmaschine mit kontinuierlichem Zyklus.<\/p>\n<ul>\n<li>Struktur aus rostfreiem Stahl.<\/li>\n<li>Drehbare Bratmatte aus Edelstahl.<\/li>\n<li>Der Garraum ist mit Isoliermaterial ausgekleidet.<\/li>\n<li>Selbstbel\u00fcfteter Motor mit eingebautem Getriebe.<\/li>\n<li>Kontrolle der Gleitgeschwindigkeit der Brennmatte.<\/li>\n<li>Betrieb mit Quarzrohrwiderst\u00e4nden.<\/li>\n<li>Blockrohrz\u00fcndung f\u00fcr bessere W\u00e4rmeeinstellung.<\/li>\n<li>L\u00fcfter zur W\u00e4rmeabfuhr.<\/li>\n<li>CE-konform.<\/li>\n<\/ul>\n<p><strong>Technische Daten:<\/strong><\/p>\n<table class=\"table table-striped\">\n<tbody>\n<tr>\n<td>\n<p class=\"dati_tecnici_label_1\"><strong>Modell<\/strong><\/p>\n<\/td>\n<td><strong>TOC<\/strong><\/td>\n<\/tr>\n<tr>\n<td><strong>Strom <\/strong><\/td>\n<td align=\"left\">3000 W<\/td>\n<\/tr>\n<tr>\n<td><strong>Stromversorgung <\/strong><\/td>\n<td align=\"left\">230V\/1N\/50-60Hz<\/td>\n<\/tr>\n<tr>\n<td><b>Abmessungen <\/b><\/td>\n<td align=\"left\">450x680x390h (mm)<\/td>\n<\/tr>\n<tr>\n<td><b>Nettogewicht<\/b><\/td>\n<td align=\"left\">22 kg<\/td>\n<\/tr>\n<tr>\n<td><b>Bruttogewicht<\/b><\/td>\n<td align=\"left\">25 kg<\/td>\n<\/tr>\n<tr>\n<td><b>Abmessungen der Verpackung<\/b><\/td>\n<td align=\"left\">720x550x480h (mm)<\/td>\n<\/tr>\n<tr>\n<td><strong>Verpackungsvolumen<\/strong><\/td>\n<td align=\"left\">0,190 m\u00b3<\/td>\n<\/tr>\n<tr>\n<td><strong>St\u00fcndliche Leistung<\/strong><\/td>\n<td align=\"left\">150\u00f7480 (n\u00b0)<\/td>\n<\/tr>\n<tr>\n<td><strong>Abmessungen der Kochmatte<\/strong><\/td>\n<td align=\"left\">305\u00d7410 (mm)<\/td>\n<\/tr>\n<tr>\n<td><strong>Kochzeit<\/strong><\/td>\n<td align=\"left\">100\u00f7360\"<\/td>\n<\/tr>\n<\/tbody>\n<\/table>","protected":false},"excerpt":{"rendered":"<p>Tostapane continuo Professionale 3000 W Fimar TOC TOSTAPANE CONTINUO TOC Macchina per tostare fette di pane a ciclo continuo. Struttura in acciaio inox. Tappeto di tostatura girevole in acciaio inox. Camera di cottura rivestita in materiale isolante. Motore autoventilato con riduttore incorporato. Regolazione velocit\u00e0 scorrimento tappeto di cottura. Funzionamento mediante resistenze con tubi al quarzo. [&#8230;]","protected":false},"featured_media":122173,"comment_status":"closed","ping_status":"closed","template":"","meta":{"_monsterinsights_skip_tracking":false,"_monsterinsights_sitenote_active":false,"_monsterinsights_sitenote_note":"","_monsterinsights_sitenote_category":0},"product_brand":[628],"product_cat":[94,9,722],"product_tag":[],"class_list":{"0":"post-18279","1":"product","2":"type-product","3":"status-publish","4":"has-post-thumbnail","6":"product_brand-fimar","7":"product_cat-tostiere","8":"product_cat-attrezzature-pub","9":"product_cat-tostiere-self-service","10":"product_shipping_class-f","11":"pa_marca-fimar","13":"first","14":"instock","15":"taxable","16":"shipping-taxable","17":"purchasable","18":"product-type-simple"},"_links":{"self":[{"href":"https:\/\/www.creaearredanegozi.it\/de\/wp-json\/wp\/v2\/product\/18279","targetHints":{"allow":["GET"]}}],"collection":[{"href":"https:\/\/www.creaearredanegozi.it\/de\/wp-json\/wp\/v2\/product"}],"about":[{"href":"https:\/\/www.creaearredanegozi.it\/de\/wp-json\/wp\/v2\/types\/product"}],"replies":[{"embeddable":true,"href":"https:\/\/www.creaearredanegozi.it\/de\/wp-json\/wp\/v2\/comments?post=18279"}],"wp:featuredmedia":[{"embeddable":true,"href":"https:\/\/www.creaearredanegozi.it\/de\/wp-json\/wp\/v2\/media\/122173"}],"wp:attachment":[{"href":"https:\/\/www.creaearredanegozi.it\/de\/wp-json\/wp\/v2\/media?parent=18279"}],"wp:term":[{"taxonomy":"product_brand","embeddable":true,"href":"https:\/\/www.creaearredanegozi.it\/de\/wp-json\/wp\/v2\/product_brand?post=18279"},{"taxonomy":"product_cat","embeddable":true,"href":"https:\/\/www.creaearredanegozi.it\/de\/wp-json\/wp\/v2\/product_cat?post=18279"},{"taxonomy":"product_tag","embeddable":true,"href":"https:\/\/www.creaearredanegozi.it\/de\/wp-json\/wp\/v2\/product_tag?post=18279"}],"curies":[{"name":"wp","href":"https:\/\/api.w.org\/{rel}","templated":true}]}}