{"id":18284,"date":"2019-01-03T11:38:23","date_gmt":"2019-01-03T10:38:23","guid":{"rendered":"https:\/\/www.creaearredanegozi.it\/?post_type=product&#038;p=18284"},"modified":"2024-12-01T00:00:14","modified_gmt":"2024-11-30T23:00:14","slug":"fimar-pe25nl-glatte-oder-gerippte-gusseiserne-single-professionelle-elektrische-grillplatte","status":"publish","type":"product","link":"https:\/\/www.creaearredanegozi.it\/de\/fimar-pe25nl-glatte-oder-gerippte-gusseiserne-single-professionelle-elektrische-grillplatte\/","title":{"rendered":"Fimar PE25NL Professional Einzelne Gusseisen glatte oder gerippte elektrische Platte - PE25NL"},"content":{"rendered":"<h2 style=\"text-align: center;\">Fimar PE25NR glatte oder gerippte elektrische Einzelkochplatte aus Gusseisen - NL<\/h2>\n<p><strong>PE25NL und PE25NR GUSSPLATTEN<\/strong><br \/>\nMaschine zum Kochen und Aufw\u00e4rmen von Fleisch, Fisch, Eiern, Gem\u00fcse, K\u00e4se, gef\u00fclltem Toast, Sandwiches usw.<\/p>\n<ul>\n<li>Struktur aus rostfreiem Stahl.<\/li>\n<li>Gestrahlte Kochplatte aus Gusseisen, die die Temperatur lange aufrechterhalten kann.<\/li>\n<li>Widerst\u00e4nde in Kontakt mit den Platten, um eine bessere Leitf\u00e4higkeit zu gew\u00e4hrleisten.<\/li>\n<li>Thermostat 50\u00f7300 \u00b0C.<\/li>\n<li>Sicherheitsthermostat.<\/li>\n<li>Selbstbalancierende obere Platte.<\/li>\n<li>Erh\u00e4ltlich mit glattem oder geripptem unteren Kochfeld.<\/li>\n<\/ul>\n<p>DIE OBERE BACKFL\u00c4CHE IST IMMER GERIFFELT.<\/p>\n<p><strong>Technische Daten:<\/strong><\/p>\n<table class=\"table table-striped\">\n<tbody>\n<tr>\n<td>\n<p class=\"dati_tecnici_label_1\"><strong>Modell<\/strong><\/p>\n<\/td>\n<td><strong>PE25NL \/ PE25NR<\/strong><\/td>\n<\/tr>\n<tr>\n<td><strong>Strom <\/strong><\/td>\n<td align=\"left\">1800 W<\/td>\n<\/tr>\n<tr>\n<td><strong>Stromversorgung <\/strong><\/td>\n<td align=\"left\">230V\/1N\/50-60Hz<\/td>\n<\/tr>\n<tr>\n<td><strong>Arbeitstemperatur<\/strong><\/td>\n<td align=\"left\">50\u00f7300\u00b0 C<\/td>\n<\/tr>\n<tr>\n<td><b>Abmessungen <\/b><\/td>\n<td align=\"left\">320x360x200\/520h (mm)<\/td>\n<\/tr>\n<tr>\n<td><b>Nettogewicht<\/b><\/td>\n<td align=\"left\">16 kg<\/td>\n<\/tr>\n<tr>\n<td><b>Bruttogewicht<\/b><\/td>\n<td align=\"left\">18 kg<\/td>\n<\/tr>\n<tr>\n<td><b>Abmessungen der Verpackung<\/b><\/td>\n<td align=\"left\">460x460x300h (mm)<\/td>\n<\/tr>\n<tr>\n<td><strong>Verpackungsvolumen<\/strong><\/td>\n<td align=\"left\">0,062 m\u00b3<\/td>\n<\/tr>\n<tr>\n<td><strong>Abmessungen des Kochfeldes<\/strong><\/td>\n<td align=\"left\">240\u00d7230 (mm)<\/td>\n<\/tr>\n<tr>\n<td><strong>Untere Oberfl\u00e4che<\/strong><\/td>\n<td>Glatt\/gerippt<\/td>\n<\/tr>\n<\/tbody>\n<\/table>","protected":false},"excerpt":{"rendered":"<p>Piastra cottura elettrica singola in ghisa liscia o rigata Fimar PE25NR &#8211; NL PIASTRE ELETTRICHE IN GHISA PE25NL e PE25NR Macchina per cuocere e riscaldare carne, pesce, uova, verdura, formaggi, toast\u00a0farciti, panini, ecc. Struttura in acciaio inox. Piastra di cottura in ghisa sabbiata, in grado di mantenere a lungo la temperatura. Resistenze a contatto con [&#8230;]","protected":false},"featured_media":122184,"comment_status":"closed","ping_status":"closed","template":"","meta":{"_monsterinsights_skip_tracking":false,"_monsterinsights_sitenote_active":false,"_monsterinsights_sitenote_note":"","_monsterinsights_sitenote_category":0},"product_brand":[628],"product_cat":[175,9,89,86,25],"product_tag":[],"class_list":{"0":"post-18284","1":"product","2":"type-product","3":"status-publish","4":"has-post-thumbnail","6":"product_brand-fimar","7":"product_cat-piastre-ristorazione","8":"product_cat-attrezzature-pub","9":"product_cat-in-ghisa","10":"product_cat-piastre","11":"product_cat-attrezzature-ristoranti-pub-cucine","12":"product_shipping_class-206","13":"pa_marca-fimar","15":"first","16":"instock","17":"taxable","18":"shipping-taxable","19":"purchasable","20":"product-type-variable","21":"has-default-attributes"},"_links":{"self":[{"href":"https:\/\/www.creaearredanegozi.it\/de\/wp-json\/wp\/v2\/product\/18284","targetHints":{"allow":["GET"]}}],"collection":[{"href":"https:\/\/www.creaearredanegozi.it\/de\/wp-json\/wp\/v2\/product"}],"about":[{"href":"https:\/\/www.creaearredanegozi.it\/de\/wp-json\/wp\/v2\/types\/product"}],"replies":[{"embeddable":true,"href":"https:\/\/www.creaearredanegozi.it\/de\/wp-json\/wp\/v2\/comments?post=18284"}],"wp:featuredmedia":[{"embeddable":true,"href":"https:\/\/www.creaearredanegozi.it\/de\/wp-json\/wp\/v2\/media\/122184"}],"wp:attachment":[{"href":"https:\/\/www.creaearredanegozi.it\/de\/wp-json\/wp\/v2\/media?parent=18284"}],"wp:term":[{"taxonomy":"product_brand","embeddable":true,"href":"https:\/\/www.creaearredanegozi.it\/de\/wp-json\/wp\/v2\/product_brand?post=18284"},{"taxonomy":"product_cat","embeddable":true,"href":"https:\/\/www.creaearredanegozi.it\/de\/wp-json\/wp\/v2\/product_cat?post=18284"},{"taxonomy":"product_tag","embeddable":true,"href":"https:\/\/www.creaearredanegozi.it\/de\/wp-json\/wp\/v2\/product_tag?post=18284"}],"curies":[{"name":"wp","href":"https:\/\/api.w.org\/{rel}","templated":true}]}}