{"id":18292,"date":"2019-01-03T12:12:04","date_gmt":"2019-01-03T11:12:04","guid":{"rendered":"https:\/\/www.creaearredanegozi.it\/?post_type=product&#038;p=18292"},"modified":"2026-01-08T13:40:43","modified_gmt":"2026-01-08T12:40:43","slug":"fimar-pe50rn-ln-mn-professionelle-doppelte-glatte-gusseiserne-grillplatte","status":"publish","type":"product","link":"https:\/\/www.creaearredanegozi.it\/de\/fimar-pe50rn-ln-mn-professionelle-doppelte-glatte-gusseiserne-grillplatte\/","title":{"rendered":"Fimar PE50NR-NL-NM Professionelle elektrische Doppelplatte aus Gusseisen in glatter oder gemischter Ausf\u00fchrung"},"content":{"rendered":"<p><strong>Fimar PE50NR-NL-NM Elektrische Doppelkochplatte aus Gusseisen, glatt oder gemischt<\/strong><\/p>\n<p>GEGOSSENE EISENPLATTEN PE50NL PE50NR und PE50NM<br \/>\nMaschine zum Kochen und Aufw\u00e4rmen von Fleisch, Fisch, Eiern, Gem\u00fcse, K\u00e4se, gef\u00fclltem Toast, Sandwiches usw.<\/p>\n<ul>\n<li>Struktur aus rostfreiem Stahl.<\/li>\n<li>Gestrahlte Kochplatte aus Gusseisen, die die Temperatur lange aufrechterhalten kann.<\/li>\n<li>Widerst\u00e4nde in Kontakt mit den Platten, um eine bessere Leitf\u00e4higkeit zu gew\u00e4hrleisten.<\/li>\n<li>Thermostat 50\u00f7300 \u00b0C.<\/li>\n<li>Sicherheitsthermostat.<\/li>\n<li>Selbstbalancierende obere Platte.<\/li>\n<li>Erh\u00e4ltlich mit glattem, gerilltem oder gemischtem (halb glattem und halb gerilltem) unteren Kochfeld.\n<div class=\"row\"><\/div>\n<\/li>\n<\/ul>\n<p>DIE OBERE BACKFL\u00c4CHE IST IMMER GERIFFELT.<\/p>\n<p><strong>Technische Daten:<\/strong><\/p>\n<table class=\"table table-striped\">\n<tbody>\n<tr>\n<td>\n<p class=\"dati_tecnici_label_1\"><strong>Modell<\/strong><\/p>\n<\/td>\n<td><strong>PE50NL \/ PE50NR \/ PE50NM<\/strong><\/td>\n<\/tr>\n<tr>\n<td><strong>Strom <\/strong><\/td>\n<td align=\"left\">3600 W<\/td>\n<\/tr>\n<tr>\n<td><strong>Stromversorgung <\/strong><\/td>\n<td align=\"left\">230V\/1N\/50-60Hz - 400V\/3N\/50-60Hz<\/td>\n<\/tr>\n<tr>\n<td><strong>Arbeitstemperatur<\/strong><\/td>\n<td align=\"left\">50\u00f7300\u00b0 C<\/td>\n<\/tr>\n<tr>\n<td><b>Abmessungen <\/b><\/td>\n<td align=\"left\">570x360x200\/520h (mm)<\/td>\n<\/tr>\n<tr>\n<td><b>Nettogewicht<\/b><\/td>\n<td align=\"left\">27 kg<\/td>\n<\/tr>\n<tr>\n<td><b>Bruttogewicht<\/b><\/td>\n<td align=\"left\">34 kg<\/td>\n<\/tr>\n<tr>\n<td><b>Abmessungen der Verpackung<\/b><\/td>\n<td align=\"left\">690x450x380h (mm)<\/td>\n<\/tr>\n<tr>\n<td><strong>Verpackungsvolumen<\/strong><\/td>\n<td align=\"left\">0,118 m\u00b3<\/td>\n<\/tr>\n<tr>\n<td><strong>Abmessungen des Kochfeldes<\/strong><\/td>\n<td align=\"left\">480\u00d7230 (mm)<\/td>\n<\/tr>\n<tr>\n<td><strong>Untere Oberfl\u00e4che<\/strong><\/td>\n<td>Glatt-glatt \/ Gerade-glatt \/ Gemischt-glatt<\/td>\n<\/tr>\n<\/tbody>\n<\/table>","protected":false},"excerpt":{"rendered":"<p>Piastra cottura elettrica doppia in ghisa liscia rigata o mista Fimar PE50NR-NL-NM PIASTRE ELETTRICHE IN GHISA PE50NL PE50NR e PE50NM Macchina per cuocere e riscaldare carne, pesce, uova, verdura, formaggi, toast farciti, panini, ecc. Struttura in acciaio inox. Piastra di cottura in ghisa sabbiata, in grado di mantenere a lungo la temperatura. Resistenze a contatto [&#8230;]","protected":false},"featured_media":122190,"comment_status":"closed","ping_status":"closed","template":"","meta":{"_monsterinsights_skip_tracking":false,"_monsterinsights_sitenote_active":false,"_monsterinsights_sitenote_note":"","_monsterinsights_sitenote_category":0},"product_brand":[628],"product_cat":[175,9,89,86,25],"product_tag":[],"class_list":{"0":"post-18292","1":"product","2":"type-product","3":"status-publish","4":"has-post-thumbnail","6":"product_brand-fimar","7":"product_cat-piastre-ristorazione","8":"product_cat-attrezzature-pub","9":"product_cat-in-ghisa","10":"product_cat-piastre","11":"product_cat-attrezzature-ristoranti-pub-cucine","12":"product_shipping_class-f","13":"pa_marca-fimar","15":"first","16":"instock","17":"taxable","18":"shipping-taxable","19":"purchasable","20":"product-type-variable"},"_links":{"self":[{"href":"https:\/\/www.creaearredanegozi.it\/de\/wp-json\/wp\/v2\/product\/18292","targetHints":{"allow":["GET"]}}],"collection":[{"href":"https:\/\/www.creaearredanegozi.it\/de\/wp-json\/wp\/v2\/product"}],"about":[{"href":"https:\/\/www.creaearredanegozi.it\/de\/wp-json\/wp\/v2\/types\/product"}],"replies":[{"embeddable":true,"href":"https:\/\/www.creaearredanegozi.it\/de\/wp-json\/wp\/v2\/comments?post=18292"}],"wp:featuredmedia":[{"embeddable":true,"href":"https:\/\/www.creaearredanegozi.it\/de\/wp-json\/wp\/v2\/media\/122190"}],"wp:attachment":[{"href":"https:\/\/www.creaearredanegozi.it\/de\/wp-json\/wp\/v2\/media?parent=18292"}],"wp:term":[{"taxonomy":"product_brand","embeddable":true,"href":"https:\/\/www.creaearredanegozi.it\/de\/wp-json\/wp\/v2\/product_brand?post=18292"},{"taxonomy":"product_cat","embeddable":true,"href":"https:\/\/www.creaearredanegozi.it\/de\/wp-json\/wp\/v2\/product_cat?post=18292"},{"taxonomy":"product_tag","embeddable":true,"href":"https:\/\/www.creaearredanegozi.it\/de\/wp-json\/wp\/v2\/product_tag?post=18292"}],"curies":[{"name":"wp","href":"https:\/\/api.w.org\/{rel}","templated":true}]}}