{"id":18297,"date":"2019-01-03T12:18:25","date_gmt":"2019-01-03T11:18:25","guid":{"rendered":"https:\/\/www.creaearredanegozi.it\/?post_type=product&#038;p=18297"},"modified":"2024-11-18T12:17:08","modified_gmt":"2024-11-18T11:17:08","slug":"fimar-pv27ll-lr-professionelles-einzelnes-infrarot-glaskeramik-elektrokochfeld","status":"publish","type":"product","link":"https:\/\/www.creaearredanegozi.it\/de\/fimar-pv27ll-lr-professionelles-einzelnes-infrarot-glaskeramik-elektrokochfeld\/","title":{"rendered":"Einfaches Fimar PV27LL -LR Professionelles Infrarot-Keramik-Glaskeramik-Elektrokochfeld"},"content":{"rendered":"<p><strong>Fimar PV27LL-LR Einfaches elektrisches Infrarot-Glaskeramik-Kochfeld<\/strong><\/p>\n<div><\/div>\n<div><strong>PV27LR und PV27LL ELEKTRISCHE GLASPLATTE<\/strong><\/div>\n<div>Maschine zum Kochen und Aufw\u00e4rmen von Fleisch, Fisch, Eiern, Gem\u00fcse, K\u00e4se, gef\u00fclltem Toast, Sandwiches usw.<\/div>\n<p>Elektrische Glaskeramik-Kochplatten eignen sich zum Erw\u00e4rmen von Toast und Sandwiches sowie zum Garen von Fleisch, Fisch, Gem\u00fcse usw.<\/p>\n<p>Dank der Verwendung von Infrarot-Heizelementen erreichen sie extrem schnell die eingestellte Temperatur.<\/p>\n<p>Die Konstruktion aus Edelstahl und die EUROKERA\"-Glaskeramik-Kochplatten machen die Reinigung extrem einfach.<\/p>\n<p>FEATURES<\/p>\n<ul>\n<li>Struktur aus rostfreiem Stahl.<\/li>\n<li>\n<div>Glaskeramik-Kochfeld vom Typ \"eurokera\".<\/div>\n<\/li>\n<li>Infrarotheizungen.<\/li>\n<li>Selbstausgleichende, glatte oder gerillte Deckplatten.<\/li>\n<li>Glatte Bodenplatte, 5 mm dick.<\/li>\n<li>Fibrokeramische W\u00e4rmed\u00e4mmung.<\/li>\n<li>Elektrische Anlage aus Silikonglas.<\/li>\n<li>Sicherheitsthermostat.<\/li>\n<li>CE-konform.<\/li>\n<\/ul>\n<p>DIE KOCHFL\u00c4CHE DER BODENPLATTE IST IMMER GLATT.<\/p>\n<p><strong>Technische Daten:<\/strong><\/p>\n<table class=\"table table-striped\">\n<tbody>\n<tr>\n<td>\n<p class=\"dati_tecnici_label_1\"><span style=\"color: #333333;\"><span style=\"font-size: 14.4px;\">Modell<\/span><\/span><\/p>\n<\/td>\n<td><span style=\"font-size: 14.4px;\">PV27LL-LR<\/span><\/td>\n<\/tr>\n<tr>\n<td><span style=\"font-size: 14.4px;\">Strom <\/span><\/td>\n<td align=\"left\"><span style=\"font-size: 14.4px;\">1700 W<\/span><\/td>\n<\/tr>\n<tr>\n<td><span style=\"font-size: 14.4px;\">Stromversorgung <\/span><\/td>\n<td align=\"left\"><span style=\"font-size: 14.4px;\">230V\/1N\/50-60Hz<\/span><\/td>\n<\/tr>\n<tr>\n<td><span style=\"font-size: 14.4px;\">Arbeitstemperatur<\/span><\/td>\n<td align=\"left\"><span style=\"font-size: 14.4px;\">50\u00f7300\u00b0 C<\/span><\/td>\n<\/tr>\n<tr>\n<td><span style=\"font-size: 14.4px;\">Abmessungen <\/span><\/td>\n<td align=\"left\"><span style=\"font-size: 14.4px;\">340x450x190\/600h (mm)<\/span><\/td>\n<\/tr>\n<tr>\n<td><span style=\"font-size: 14.4px;\">Nettogewicht<\/span><\/td>\n<td align=\"left\"><span style=\"font-size: 14.4px;\">11,5 kg<\/span><\/td>\n<\/tr>\n<tr>\n<td><span style=\"font-size: 14.4px;\">Bruttogewicht<\/span><\/td>\n<td align=\"left\"><span style=\"font-size: 14.4px;\">13,5 kg<\/span><\/td>\n<\/tr>\n<tr>\n<td><span style=\"font-size: 14.4px;\">Abmessungen der Verpackung<\/span><\/td>\n<td align=\"left\"><span style=\"font-size: 14.4px;\">540x430x270h (mm)<\/span><\/td>\n<\/tr>\n<tr>\n<td><span style=\"font-size: 14.4px;\">Verpackungsvolumen<\/span><\/td>\n<td align=\"left\"><span style=\"font-size: 14.4px;\">0,062 m\u00b3<\/span><\/td>\n<\/tr>\n<tr>\n<td><span style=\"font-size: 14.4px;\">Abmessungen des Kochfeldes<\/span><\/td>\n<td align=\"left\"><span style=\"font-size: 14.4px;\">270\u00d7300 (mm)<\/span><\/td>\n<\/tr>\n<\/tbody>\n<\/table>","protected":false},"excerpt":{"rendered":"<p>Piastra cottura elettrica vetroceramica a raggi infrarossi singola Fimar PV27LL-LR PIASTRA ELETTRICA VETROCERAMICA PV27LR e PV27LL Macchina per cuocere e riscaldare carne, pesce, uova, verdura, formaggi, toast farciti, panini, ecc. Le piastre elettriche in vetroceramica sono adatte per scaldare toast e panini e per cuocere carne, pesce, verdure, ecc. Sono estremamente veloci nel raggiungere la [&#8230;]","protected":false},"featured_media":122176,"comment_status":"closed","ping_status":"closed","template":"","meta":{"_monsterinsights_skip_tracking":false,"_monsterinsights_sitenote_active":false,"_monsterinsights_sitenote_note":"","_monsterinsights_sitenote_category":0},"product_brand":[628],"product_cat":[175,9,86,25,321],"product_tag":[],"class_list":{"0":"post-18297","1":"product","2":"type-product","3":"status-publish","4":"has-post-thumbnail","6":"product_brand-fimar","7":"product_cat-piastre-ristorazione","8":"product_cat-attrezzature-pub","9":"product_cat-piastre","10":"product_cat-attrezzature-ristoranti-pub-cucine","11":"product_cat-vetroceramica","12":"product_shipping_class-206","13":"pa_marca-fimar","15":"first","16":"instock","17":"sale","18":"taxable","19":"shipping-taxable","20":"purchasable","21":"product-type-variable","22":"has-default-attributes"},"_links":{"self":[{"href":"https:\/\/www.creaearredanegozi.it\/de\/wp-json\/wp\/v2\/product\/18297","targetHints":{"allow":["GET"]}}],"collection":[{"href":"https:\/\/www.creaearredanegozi.it\/de\/wp-json\/wp\/v2\/product"}],"about":[{"href":"https:\/\/www.creaearredanegozi.it\/de\/wp-json\/wp\/v2\/types\/product"}],"replies":[{"embeddable":true,"href":"https:\/\/www.creaearredanegozi.it\/de\/wp-json\/wp\/v2\/comments?post=18297"}],"wp:featuredmedia":[{"embeddable":true,"href":"https:\/\/www.creaearredanegozi.it\/de\/wp-json\/wp\/v2\/media\/122176"}],"wp:attachment":[{"href":"https:\/\/www.creaearredanegozi.it\/de\/wp-json\/wp\/v2\/media?parent=18297"}],"wp:term":[{"taxonomy":"product_brand","embeddable":true,"href":"https:\/\/www.creaearredanegozi.it\/de\/wp-json\/wp\/v2\/product_brand?post=18297"},{"taxonomy":"product_cat","embeddable":true,"href":"https:\/\/www.creaearredanegozi.it\/de\/wp-json\/wp\/v2\/product_cat?post=18297"},{"taxonomy":"product_tag","embeddable":true,"href":"https:\/\/www.creaearredanegozi.it\/de\/wp-json\/wp\/v2\/product_tag?post=18297"}],"curies":[{"name":"wp","href":"https:\/\/api.w.org\/{rel}","templated":true}]}}