{"id":18305,"date":"2019-01-04T11:07:12","date_gmt":"2019-01-04T10:07:12","guid":{"rendered":"https:\/\/www.creaearredanegozi.it\/?post_type=product&#038;p=18305"},"modified":"2024-12-01T00:00:14","modified_gmt":"2024-11-30T23:00:14","slug":"fimar-pv40ll-lr-professionelle-infrarot-glaskeramik-elektrische-kochplatte-medium","status":"publish","type":"product","link":"https:\/\/www.creaearredanegozi.it\/de\/fimar-pv40ll-lr-professionelle-infrarot-glaskeramik-elektrische-kochplatte-medium\/","title":{"rendered":"Fimar PV40LL -LR Professionelle elektrische Keramik-Glaskeramikplatte mit mittleren Infrarotstrahlen"},"content":{"rendered":"<h2 style=\"text-align: center;\">Fimar PV40LL-LR mittelgro\u00dfes elektrisches Infrarot-Glaskeramik-Kochfeld<\/h2>\n<p><strong>ELEKTRISCHE GLASPLATTEN PV40LL und PV40LR<\/strong><br \/>\nMaschine zum Kochen und Aufw\u00e4rmen von Fleisch, Fisch, Eiern, Gem\u00fcse, K\u00e4se, gef\u00fclltem Toast, Sandwiches usw.<\/p>\n<p>Elektrische Glaskeramik-Kochplatten eignen sich zum Erw\u00e4rmen von Toast und Sandwiches sowie zum Garen von Fleisch, Fisch, Gem\u00fcse usw.<\/p>\n<p>Dank der Verwendung von Infrarot-Heizelementen erreichen sie extrem schnell die eingestellte Temperatur.<\/p>\n<p>Die Konstruktion aus Edelstahl und die EUROKERA\"-Glaskeramik-Kochplatten machen die Reinigung extrem einfach.<\/p>\n<p>&nbsp;<\/p>\n<p>FEATURES<\/p>\n<ul>\n<li>Struktur aus rostfreiem Stahl.<\/li>\n<li>Glaskeramik-Kochfeld vom Typ \"eurokera\".<\/li>\n<li>Infrarotheizungen.<\/li>\n<li>Selbstausgleichende, glatte oder gerillte Deckplatten.<\/li>\n<li>Glatte Bodenplatte, 5 mm dick.<\/li>\n<li>Fibrokeramische W\u00e4rmed\u00e4mmung.<\/li>\n<li>Elektrische Anlage aus Silikonglas.<\/li>\n<li>Sicherheitsthermostat.<\/li>\n<li>CE-konform.<\/li>\n<\/ul>\n<p>DIE KOCHFL\u00c4CHE DER BODENPLATTE IST IMMER GLATT.<\/p>\n<p><strong>Technische Daten:<\/strong><\/p>\n<table class=\"table table-striped\">\n<tbody>\n<tr>\n<td>\n<p class=\"dati_tecnici_label_1\"><strong>Modell<\/strong><\/p>\n<\/td>\n<td><strong>PV40LL-LR<\/strong><\/td>\n<\/tr>\n<tr>\n<td><strong>Strom <\/strong><\/td>\n<td align=\"left\">2000 W<\/td>\n<\/tr>\n<tr>\n<td><strong>Stromversorgung <\/strong><\/td>\n<td align=\"left\">230V\/1N\/50-60Hz<\/td>\n<\/tr>\n<tr>\n<td><strong>Arbeitstemperatur<\/strong><\/td>\n<td align=\"left\">50\u00f7300\u00b0 C<\/td>\n<\/tr>\n<tr>\n<td><b>Abmessungen <\/b><\/td>\n<td align=\"left\">490x450x190\/600h (mm)<\/td>\n<\/tr>\n<tr>\n<td><b>Nettogewicht<\/b><\/td>\n<td align=\"left\">15,5 kg<\/td>\n<\/tr>\n<tr>\n<td><b>Bruttogewicht<\/b><\/td>\n<td align=\"left\">17 kg<\/td>\n<\/tr>\n<tr>\n<td><b>Abmessungen der Verpackung<\/b><\/td>\n<td align=\"left\">530x580x360h (mm)<\/td>\n<\/tr>\n<tr>\n<td><strong>Verpackungsvolumen<\/strong><\/td>\n<td align=\"left\">0,110 m\u00b3<\/td>\n<\/tr>\n<tr>\n<td><strong>Abmessungen des Kochfeldes<\/strong><\/td>\n<td align=\"left\">400\u00d7300 (mm)<\/td>\n<\/tr>\n<\/tbody>\n<\/table>","protected":false},"excerpt":{"rendered":"<p>Piastra cottura elettrica vetroceramica a raggi infrarossi media Fimar PV40LL-LR PIASTRE ELETTRICHE VETROCERAMICA PV40LL e PV40LR Macchina per cuocere e riscaldare carne, pesce, uova, verdura, formaggi, toast farciti, panini, ecc. Le piastre elettriche in vetroceramica sono adatte per scaldare toast e panini e per cuocere carne, pesce, verdure, ecc. Sono estremamente veloci nel raggiungere la [&#8230;]","protected":false},"featured_media":122178,"comment_status":"closed","ping_status":"closed","template":"","meta":{"_monsterinsights_skip_tracking":false,"_monsterinsights_sitenote_active":false,"_monsterinsights_sitenote_note":"","_monsterinsights_sitenote_category":0},"product_brand":[628],"product_cat":[175,9,86,25,321],"product_tag":[],"class_list":{"0":"post-18305","1":"product","2":"type-product","3":"status-publish","4":"has-post-thumbnail","6":"product_brand-fimar","7":"product_cat-piastre-ristorazione","8":"product_cat-attrezzature-pub","9":"product_cat-piastre","10":"product_cat-attrezzature-ristoranti-pub-cucine","11":"product_cat-vetroceramica","12":"product_shipping_class-206","13":"pa_marca-fimar","15":"first","16":"instock","17":"taxable","18":"shipping-taxable","19":"purchasable","20":"product-type-variable","21":"has-default-attributes"},"_links":{"self":[{"href":"https:\/\/www.creaearredanegozi.it\/de\/wp-json\/wp\/v2\/product\/18305","targetHints":{"allow":["GET"]}}],"collection":[{"href":"https:\/\/www.creaearredanegozi.it\/de\/wp-json\/wp\/v2\/product"}],"about":[{"href":"https:\/\/www.creaearredanegozi.it\/de\/wp-json\/wp\/v2\/types\/product"}],"replies":[{"embeddable":true,"href":"https:\/\/www.creaearredanegozi.it\/de\/wp-json\/wp\/v2\/comments?post=18305"}],"wp:featuredmedia":[{"embeddable":true,"href":"https:\/\/www.creaearredanegozi.it\/de\/wp-json\/wp\/v2\/media\/122178"}],"wp:attachment":[{"href":"https:\/\/www.creaearredanegozi.it\/de\/wp-json\/wp\/v2\/media?parent=18305"}],"wp:term":[{"taxonomy":"product_brand","embeddable":true,"href":"https:\/\/www.creaearredanegozi.it\/de\/wp-json\/wp\/v2\/product_brand?post=18305"},{"taxonomy":"product_cat","embeddable":true,"href":"https:\/\/www.creaearredanegozi.it\/de\/wp-json\/wp\/v2\/product_cat?post=18305"},{"taxonomy":"product_tag","embeddable":true,"href":"https:\/\/www.creaearredanegozi.it\/de\/wp-json\/wp\/v2\/product_tag?post=18305"}],"curies":[{"name":"wp","href":"https:\/\/api.w.org\/{rel}","templated":true}]}}