{"id":18309,"date":"2019-01-04T13:08:16","date_gmt":"2019-01-04T12:08:16","guid":{"rendered":"https:\/\/www.creaearredanegozi.it\/?post_type=product&#038;p=18309"},"modified":"2024-11-20T13:40:25","modified_gmt":"2024-11-20T12:40:25","slug":"fimar-pv55ll-lr-professionelle-doppel-infrarot-glaskeramik-kochplatte","status":"publish","type":"product","link":"https:\/\/www.creaearredanegozi.it\/de\/fimar-pv55ll-lr-professionelle-doppel-infrarot-glaskeramik-kochplatte\/","title":{"rendered":"Fimar PV55LL -LR Professionelles Doppel-Infrarot-Keramik-Glaskeramik-Kochfeld"},"content":{"rendered":"<h3>Fimar PV55LL -LR doppeltes elektrisches Infrarot-Glaskeramik-Kochfeld<\/h3>\n<p><strong>ELEKTRISCHE GLASPLATTEN PV55LL und PV55LR<\/strong><br \/>\nMaschine zum Kochen und Aufw\u00e4rmen von Fleisch, Fisch, Eiern, Gem\u00fcse, K\u00e4se, gef\u00fclltem Toast, Sandwiches usw.<\/p>\n<p>Elektrische Glaskeramik-Kochplatten eignen sich zum Erw\u00e4rmen von Toast und Sandwiches sowie zum Garen von Fleisch, Fisch, Gem\u00fcse usw.<\/p>\n<p>Dank der Verwendung von Infrarot-Heizelementen erreichen sie extrem schnell die eingestellte Temperatur.<\/p>\n<p>Die Konstruktion aus Edelstahl und die EUROKERA\"-Glaskeramik-Kochplatten machen die Reinigung extrem einfach.<\/p>\n<p>ELEKTRISCHE GLAS-KERAMIK-KOCHFELDER PV55LR.<\/p>\n<p>FEATURES<\/p>\n<ul>\n<li>Struktur aus rostfreiem Stahl.<\/li>\n<li>Glaskeramik-Kochfeld vom Typ \"eurokera\".<\/li>\n<li>Infrarotheizungen.<\/li>\n<li>Selbstausgleichende, glatte oder gerillte Deckplatten.<\/li>\n<li>Glatte Bodenplatte, 5 mm dick.<\/li>\n<li>Fibrokeramische W\u00e4rmed\u00e4mmung.<\/li>\n<li>Elektrische Anlage aus Silikonglas.<\/li>\n<li>Sicherheitsthermostat.<\/li>\n<\/ul>\n<p>DIE KOCHFL\u00c4CHE DER BODENPLATTE IST IMMER GLATT.<\/p>\n<p><strong>Technische Daten:<\/strong><\/p>\n<table class=\"table table-striped\">\n<tbody>\n<tr>\n<td>\n<p class=\"dati_tecnici_label_1\"><strong>Modell<\/strong><\/p>\n<\/td>\n<td><strong>PV55LL -LR<\/strong><\/td>\n<\/tr>\n<tr>\n<td><strong>Strom <\/strong><\/td>\n<td align=\"left\">3400 W<\/td>\n<\/tr>\n<tr>\n<td><strong>Stromversorgung <\/strong><\/td>\n<td align=\"left\">230V\/1N\/50-60Hz - 230V\/3N\/50-60Hz - 400V\/3N\/50-60Hz<\/td>\n<\/tr>\n<tr>\n<td><strong>Arbeitstemperatur<\/strong><\/td>\n<td align=\"left\">50\u00f7300\u00b0 C<\/td>\n<\/tr>\n<tr>\n<td><b>Abmessungen <\/b><\/td>\n<td align=\"left\">630x450x190\/600h (mm)<\/td>\n<\/tr>\n<tr>\n<td><b>Nettogewicht<\/b><\/td>\n<td align=\"left\">23 kg<\/td>\n<\/tr>\n<tr>\n<td><b>Bruttogewicht<\/b><\/td>\n<td align=\"left\">32 kg<\/td>\n<\/tr>\n<tr>\n<td><b>Abmessungen der Verpackung<\/b><\/td>\n<td align=\"left\">730x530x410h (mm)<\/td>\n<\/tr>\n<tr>\n<td><strong>Verpackungsvolumen<\/strong><\/td>\n<td align=\"left\">0,159 m\u00b3<\/td>\n<\/tr>\n<tr>\n<td><strong>Abmessungen des Kochfeldes<\/strong><\/td>\n<td align=\"left\">550\u00d7300 (mm)<\/td>\n<\/tr>\n<\/tbody>\n<\/table>","protected":false},"excerpt":{"rendered":"<p>Piastra cottura elettrica vetroceramica a raggi infrarossi doppia Fimar PV55LL -LR PIASTRE ELETTRICHE VETROCERAMICA PV55LL e PV55LR Macchina per cuocere e riscaldare carne, pesce, uova, verdura, formaggi, toast farciti, panini, ecc. Le piastre elettriche in vetroceramica sono adatte per scaldare toast e panini e per cuocere carne, pesce, verdure, ecc. Sono estremamente veloci nel raggiungere [&#8230;]","protected":false},"featured_media":122180,"comment_status":"closed","ping_status":"closed","template":"","meta":{"_monsterinsights_skip_tracking":false,"_monsterinsights_sitenote_active":false,"_monsterinsights_sitenote_note":"","_monsterinsights_sitenote_category":0},"product_brand":[628],"product_cat":[175,9,86,25,321],"product_tag":[],"class_list":{"0":"post-18309","1":"product","2":"type-product","3":"status-publish","4":"has-post-thumbnail","6":"product_brand-fimar","7":"product_cat-piastre-ristorazione","8":"product_cat-attrezzature-pub","9":"product_cat-piastre","10":"product_cat-attrezzature-ristoranti-pub-cucine","11":"product_cat-vetroceramica","12":"product_shipping_class-f","13":"pa_marca-fimar","15":"first","16":"instock","17":"sale","18":"taxable","19":"shipping-taxable","20":"purchasable","21":"product-type-variable"},"_links":{"self":[{"href":"https:\/\/www.creaearredanegozi.it\/de\/wp-json\/wp\/v2\/product\/18309","targetHints":{"allow":["GET"]}}],"collection":[{"href":"https:\/\/www.creaearredanegozi.it\/de\/wp-json\/wp\/v2\/product"}],"about":[{"href":"https:\/\/www.creaearredanegozi.it\/de\/wp-json\/wp\/v2\/types\/product"}],"replies":[{"embeddable":true,"href":"https:\/\/www.creaearredanegozi.it\/de\/wp-json\/wp\/v2\/comments?post=18309"}],"wp:featuredmedia":[{"embeddable":true,"href":"https:\/\/www.creaearredanegozi.it\/de\/wp-json\/wp\/v2\/media\/122180"}],"wp:attachment":[{"href":"https:\/\/www.creaearredanegozi.it\/de\/wp-json\/wp\/v2\/media?parent=18309"}],"wp:term":[{"taxonomy":"product_brand","embeddable":true,"href":"https:\/\/www.creaearredanegozi.it\/de\/wp-json\/wp\/v2\/product_brand?post=18309"},{"taxonomy":"product_cat","embeddable":true,"href":"https:\/\/www.creaearredanegozi.it\/de\/wp-json\/wp\/v2\/product_cat?post=18309"},{"taxonomy":"product_tag","embeddable":true,"href":"https:\/\/www.creaearredanegozi.it\/de\/wp-json\/wp\/v2\/product_tag?post=18309"}],"curies":[{"name":"wp","href":"https:\/\/api.w.org\/{rel}","templated":true}]}}