{"id":18318,"date":"2019-01-04T15:06:18","date_gmt":"2019-01-04T14:06:18","guid":{"rendered":"https:\/\/www.creaearredanegozi.it\/?post_type=product&#038;p=18318"},"modified":"2023-12-19T10:38:04","modified_gmt":"2023-12-19T09:38:04","slug":"fimar-crp2n-professionelle-elektrische-doppelte-gusseiserne-kreppmaschine-350-x2-mm","status":"publish","type":"product","link":"https:\/\/www.creaearredanegozi.it\/de\/fimar-crp2n-professionelle-elektrische-doppelte-gusseiserne-kreppmaschine-350-x2-mm\/","title":{"rendered":"Professionelle elektrische Doppelplatte Gusseisen Crepes Pfannkuchen Pfanne \u00d8 350 x2 mm Fimar CRP2N"},"content":{"rendered":"<h3>Fimar CRP2N Elektrischer Gusseisen-Doppelteller-Creamer \u00d8 350 mm<\/h3>\n<p><strong>CRP2N ELEKTRISCHE CRACKER<\/strong><br \/>\nMaschinen f\u00fcr die Zubereitung von s\u00fc\u00dfen oder salzigen Cr\u00eapes.<\/p>\n<ul>\n<li class=\"image-additional\">Struktur aus rostfreiem Stahl.<\/li>\n<li class=\"image-additional\">Kochplatte aus Gusseisen mit rutschfester Multistreifenoberfl\u00e4che.<\/li>\n<li class=\"image-additional\">Erh\u00e4ltlich mit einer oder zwei Kochplatten.<\/li>\n<li class=\"image-additional\">Thermostat zur Temperaturregelung 50\u00f7300 \u00b0C auf jeder Platte.<\/li>\n<li>Thermostat zur Temperaturregelung auf jeder Platte<\/li>\n<li class=\"image-additional\">Doppelplatten mit unabh\u00e4ngigem Betrieb.<\/li>\n<li>Kochzeit etwa 1 bis 3 Minuten.<\/li>\n<li>CE-konform.<\/li>\n<\/ul>\n<p><strong>Technische Daten:<\/strong><\/p>\n<table class=\"table table-striped\">\n<tbody>\n<tr>\n<td>\n<p class=\"dati_tecnici_label_1\"><strong>Modell<\/strong><\/p>\n<\/td>\n<td><strong>CRP2N<\/strong><\/td>\n<\/tr>\n<tr>\n<td><b>Strom<\/b><\/td>\n<td align=\"left\">2400 + 2400 W<\/td>\n<\/tr>\n<tr>\n<td><b>Stromversorgung <\/b><\/td>\n<td align=\"left\">400\/3N\/50-60Hz<\/td>\n<\/tr>\n<tr>\n<td><b>Arbeitstemperatur<\/b><\/td>\n<td align=\"left\">50\u00f7300\u00b0 C<\/td>\n<\/tr>\n<tr>\n<td><b>Abmessungen <\/b><\/td>\n<td align=\"left\">760x370x140h (mm)<\/td>\n<\/tr>\n<tr>\n<td><b>Nettogewicht<\/b><\/td>\n<td align=\"left\">23 kg<\/td>\n<\/tr>\n<tr>\n<td><b>Bruttogewicht<\/b><\/td>\n<td align=\"left\">25 kg<\/td>\n<\/tr>\n<tr>\n<td><b>Abmessungen der Verpackung<\/b><\/td>\n<td align=\"left\">810x430x214h (mm)<\/td>\n<\/tr>\n<tr>\n<td><strong>Verpackungsvolumen<\/strong><\/td>\n<td align=\"left\">0,077 m\u00b3<\/td>\n<\/tr>\n<tr>\n<td><strong>Kochzeit<\/strong><\/td>\n<td align=\"left\">~ 1-3'<\/td>\n<\/tr>\n<tr>\n<td><strong>Abmessungen des Kochfeldes<\/strong><\/td>\n<td align=\"left\">2 x \u00f8350 (mm)<\/td>\n<\/tr>\n<\/tbody>\n<\/table>\n<p style=\"text-align: center;\"><iframe loading=\"lazy\" src=\"https:\/\/www.youtube.com\/embed\/geGLZdYgmss\" width=\"560\" height=\"315\" frameborder=\"0\" allowfullscreen=\"allowfullscreen\"><\/iframe><\/p>","protected":false},"excerpt":{"rendered":"<p>Crepiera elettrica doppia piastra in ghisa \u00d8 350 mm Fimar CRP2N CREPIERE ELETTRICHE CRP2N Macchine per la preparazione di crepes dolci o salate. Struttura in acciaio inox. Piastra di cottura in ghisa con superficie multirighe antiscivolo. Disponibili con una o due piastre di cottura. Termostato 50\u00f7300 \u00b0C di regolazione temperatura su ogni piastra. Termostato perla [&#8230;]","protected":false},"featured_media":122194,"comment_status":"closed","ping_status":"closed","template":"","meta":{"_monsterinsights_skip_tracking":false,"_monsterinsights_sitenote_active":false,"_monsterinsights_sitenote_note":"","_monsterinsights_sitenote_category":0},"product_brand":[628],"product_cat":[175,9,89,86,25],"product_tag":[],"class_list":{"0":"post-18318","1":"product","2":"type-product","3":"status-publish","4":"has-post-thumbnail","6":"product_brand-fimar","7":"product_cat-piastre-ristorazione","8":"product_cat-attrezzature-pub","9":"product_cat-in-ghisa","10":"product_cat-piastre","11":"product_cat-attrezzature-ristoranti-pub-cucine","12":"product_shipping_class-f","13":"pa_marca-fimar","15":"first","16":"instock","17":"taxable","18":"shipping-taxable","19":"purchasable","20":"product-type-simple"},"_links":{"self":[{"href":"https:\/\/www.creaearredanegozi.it\/de\/wp-json\/wp\/v2\/product\/18318","targetHints":{"allow":["GET"]}}],"collection":[{"href":"https:\/\/www.creaearredanegozi.it\/de\/wp-json\/wp\/v2\/product"}],"about":[{"href":"https:\/\/www.creaearredanegozi.it\/de\/wp-json\/wp\/v2\/types\/product"}],"replies":[{"embeddable":true,"href":"https:\/\/www.creaearredanegozi.it\/de\/wp-json\/wp\/v2\/comments?post=18318"}],"wp:featuredmedia":[{"embeddable":true,"href":"https:\/\/www.creaearredanegozi.it\/de\/wp-json\/wp\/v2\/media\/122194"}],"wp:attachment":[{"href":"https:\/\/www.creaearredanegozi.it\/de\/wp-json\/wp\/v2\/media?parent=18318"}],"wp:term":[{"taxonomy":"product_brand","embeddable":true,"href":"https:\/\/www.creaearredanegozi.it\/de\/wp-json\/wp\/v2\/product_brand?post=18318"},{"taxonomy":"product_cat","embeddable":true,"href":"https:\/\/www.creaearredanegozi.it\/de\/wp-json\/wp\/v2\/product_cat?post=18318"},{"taxonomy":"product_tag","embeddable":true,"href":"https:\/\/www.creaearredanegozi.it\/de\/wp-json\/wp\/v2\/product_tag?post=18318"}],"curies":[{"name":"wp","href":"https:\/\/api.w.org\/{rel}","templated":true}]}}