{"id":18320,"date":"2019-01-04T15:29:14","date_gmt":"2019-01-04T14:29:14","guid":{"rendered":"https:\/\/www.creaearredanegozi.it\/?post_type=product&#038;p=18320"},"modified":"2024-11-20T13:40:25","modified_gmt":"2024-11-20T12:40:25","slug":"professionelle-elektrische-gusseisen-crepe-maker-oder-400-mm-eine-oder-zwei-platten-fimar-crp4-und-crp42","status":"publish","type":"product","link":"https:\/\/www.creaearredanegozi.it\/de\/professionelle-elektrische-gusseisen-crepe-maker-oder-400-mm-eine-oder-zwei-platten-fimar-crp4-und-crp42\/","title":{"rendered":"Professionelle elektrische Krepppfanne aus Gusseisen \u00d8 400 mm mit einem oder zwei Tellern Fimar CRP4 und CRP42"},"content":{"rendered":"<h3>Fimar CRP4 und CRP42 Elektrische Crepe-Pfannkuchen-Pfanne aus Gusseisen \u00d8 400 mm<\/h3>\n<p><strong>CRP42 ELEKTRISCHE CRACKER<\/strong><br \/>\nMaschinen f\u00fcr die Zubereitung von s\u00fc\u00dfen oder salzigen Cr\u00eapes.<\/p>\n<ul>\n<li class=\"image-additional\">Kochplatte aus Gusseisen mit rutschfester Multistreifenoberfl\u00e4che.<\/li>\n<li>Kochzeit etwa 1 bis 3 Minuten.<\/li>\n<li class=\"image-additional\">Erh\u00e4ltlich mit einer oder zwei Kochplatten.<\/li>\n<li class=\"image-additional\">Thermostat zur Temperaturregelung 0\u00f7300 \u00b0C auf jeder Platte.<\/li>\n<li class=\"image-additional\">Doppelplatten mit unabh\u00e4ngigem Betrieb.<\/li>\n<\/ul>\n<p><strong>Technische Daten:<\/strong><\/p>\n<table class=\"table table-striped mtr-table mtr-tr-td\">\n<tbody>\n<tr>\n<td data-mtr-content=\"Modello\" class=\"mtr-td-tag\"><div class=\"mtr-cell-content\">\n<p class=\"dati_tecnici_label_1\"><strong>Modell<\/strong><\/p>\n<\/div><\/td>\n<td data-mtr-content=\"CRP4 \u2013 una piastra\" class=\"mtr-td-tag\"><div class=\"mtr-cell-content\"><strong>CRP4 - eine Platte<\/strong><\/div><\/td>\n<td data-mtr-content=\"CRP42 \u2013 2 piastre\" class=\"mtr-td-tag\"><div class=\"mtr-cell-content\"><strong>CRP42 - 2 Platten<\/strong><\/div><\/td>\n<\/tr>\n<tr>\n<td data-mtr-content=\"Modello\" class=\"mtr-td-tag\"><div class=\"mtr-cell-content\"><b>Strom<\/b><\/div><\/td>\n<td align=\"left\" data-mtr-content=\"CRP4 \u2013 una piastra\" class=\"mtr-td-tag\"><div class=\"mtr-cell-content\">2750 W<\/div><\/td>\n<td align=\"left\" data-mtr-content=\"CRP42 \u2013 2 piastre\" class=\"mtr-td-tag\"><div class=\"mtr-cell-content\">2750 + 2750 W<\/div><\/td>\n<\/tr>\n<tr>\n<td data-mtr-content=\"Modello\" class=\"mtr-td-tag\"><div class=\"mtr-cell-content\"><b>Stromversorgung <\/b><\/div><\/td>\n<td align=\"left\" data-mtr-content=\"CRP4 \u2013 una piastra\" class=\"mtr-td-tag\"><div class=\"mtr-cell-content\">230V\/1N\/50-60Hz<\/div><\/td>\n<td align=\"left\" data-mtr-content=\"CRP42 \u2013 2 piastre\" class=\"mtr-td-tag\"><div class=\"mtr-cell-content\">400\/3N\/50-60Hz<\/div><\/td>\n<\/tr>\n<tr>\n<td data-mtr-content=\"Modello\" class=\"mtr-td-tag\"><div class=\"mtr-cell-content\"><b>Arbeitstemperatur<\/b><\/div><\/td>\n<td align=\"left\" data-mtr-content=\"CRP4 \u2013 una piastra\" class=\"mtr-td-tag\"><div class=\"mtr-cell-content\">50\u00f7300\u00b0 C<\/div><\/td>\n<td align=\"left\" data-mtr-content=\"CRP42 \u2013 2 piastre\" class=\"mtr-td-tag\"><div class=\"mtr-cell-content\">50\u00f7300\u00b0 C<\/div><\/td>\n<\/tr>\n<tr>\n<td data-mtr-content=\"Modello\" class=\"mtr-td-tag\"><div class=\"mtr-cell-content\"><b>Abmessungen <\/b><\/div><\/td>\n<td align=\"left\" data-mtr-content=\"CRP4 \u2013 una piastra\" class=\"mtr-td-tag\"><div class=\"mtr-cell-content\">400x470x120h (mm)<\/div><\/td>\n<td align=\"left\" data-mtr-content=\"CRP42 \u2013 2 piastre\" class=\"mtr-td-tag\"><div class=\"mtr-cell-content\">810x470x120h (mm)<\/div><\/td>\n<\/tr>\n<tr>\n<td data-mtr-content=\"Modello\" class=\"mtr-td-tag\"><div class=\"mtr-cell-content\"><b>Nettogewicht<\/b><\/div><\/td>\n<td align=\"left\" data-mtr-content=\"CRP4 \u2013 una piastra\" class=\"mtr-td-tag\"><div class=\"mtr-cell-content\">16 kg<\/div><\/td>\n<td align=\"left\" data-mtr-content=\"CRP42 \u2013 2 piastre\" class=\"mtr-td-tag\"><div class=\"mtr-cell-content\">29 kg<\/div><\/td>\n<\/tr>\n<tr>\n<td data-mtr-content=\"Modello\" class=\"mtr-td-tag\"><div class=\"mtr-cell-content\"><b>Bruttogewicht<\/b><\/div><\/td>\n<td align=\"left\" data-mtr-content=\"CRP4 \u2013 una piastra\" class=\"mtr-td-tag\"><div class=\"mtr-cell-content\">18 kg<\/div><\/td>\n<td align=\"left\" data-mtr-content=\"CRP42 \u2013 2 piastre\" class=\"mtr-td-tag\"><div class=\"mtr-cell-content\">35 kg<\/div><\/td>\n<\/tr>\n<tr>\n<td data-mtr-content=\"Modello\" class=\"mtr-td-tag\"><div class=\"mtr-cell-content\"><b>Abmessungen der Verpackung<\/b><\/div><\/td>\n<td align=\"left\" data-mtr-content=\"CRP4 \u2013 una piastra\" class=\"mtr-td-tag\"><div class=\"mtr-cell-content\">530x580x230h (mm)<\/div><\/td>\n<td align=\"left\" data-mtr-content=\"CRP42 \u2013 2 piastre\" class=\"mtr-td-tag\"><div class=\"mtr-cell-content\">960x540x360h (mm)<\/div><\/td>\n<\/tr>\n<tr>\n<td data-mtr-content=\"Modello\" class=\"mtr-td-tag\"><div class=\"mtr-cell-content\"><strong>Verpackungsvolumen<\/strong><\/div><\/td>\n<td align=\"left\" data-mtr-content=\"CRP4 \u2013 una piastra\" class=\"mtr-td-tag\"><div class=\"mtr-cell-content\">0,070 m\u00b3<\/div><\/td>\n<td align=\"left\" data-mtr-content=\"CRP42 \u2013 2 piastre\" class=\"mtr-td-tag\"><div class=\"mtr-cell-content\">0,187 m\u00b3<\/div><\/td>\n<\/tr>\n<tr>\n<td data-mtr-content=\"Modello\" class=\"mtr-td-tag\"><div class=\"mtr-cell-content\"><strong>Kochzeit<\/strong><\/div><\/td>\n<td align=\"left\" data-mtr-content=\"CRP4 \u2013 una piastra\" class=\"mtr-td-tag\"><div class=\"mtr-cell-content\">~ 1-3'<\/div><\/td>\n<td align=\"left\" data-mtr-content=\"CRP42 \u2013 2 piastre\" class=\"mtr-td-tag\"><div class=\"mtr-cell-content\">~ 1-3'<\/div><\/td>\n<\/tr>\n<tr>\n<td data-mtr-content=\"Modello\" class=\"mtr-td-tag\"><div class=\"mtr-cell-content\"><strong>Abmessungen des Kochfeldes<\/strong><\/div><\/td>\n<td align=\"left\" data-mtr-content=\"CRP4 \u2013 una piastra\" class=\"mtr-td-tag\"><div class=\"mtr-cell-content\">\u00f8 400 (mm)<\/div><\/td>\n<td align=\"left\" data-mtr-content=\"CRP42 \u2013 2 piastre\" class=\"mtr-td-tag\"><div class=\"mtr-cell-content\">\u00f8 400 (mm) x2<\/div><\/td>\n<\/tr>\n<\/tbody>\n<\/table>","protected":false},"excerpt":{"rendered":"<p>Crepiera elettrica in ghisa \u00d8 400 mm Fimar CRP4 e CRP42 CREPIERE ELETTRICHE CRP42 Macchine per la preparazione di crepes dolci o salate. Piastra di cottura in ghisa con superficie multirighe antiscivolo. Tempo di cottura da 1 a 3\u2019 circa. Disponibili con una o due piastre di cottura. Termostato 0\u00f7300 \u00b0C di regolazione temperatura su [&#8230;]","protected":false},"featured_media":18326,"comment_status":"closed","ping_status":"closed","template":"","meta":{"_monsterinsights_skip_tracking":false,"_monsterinsights_sitenote_active":false,"_monsterinsights_sitenote_note":"","_monsterinsights_sitenote_category":0},"product_brand":[628],"product_cat":[89,86],"product_tag":[],"class_list":{"0":"post-18320","1":"product","2":"type-product","3":"status-publish","4":"has-post-thumbnail","6":"product_brand-fimar","7":"product_cat-in-ghisa","8":"product_cat-piastre","9":"product_shipping_class-215","10":"pa_marca-fimar","12":"first","13":"instock","14":"sale","15":"taxable","16":"shipping-taxable","17":"purchasable","18":"product-type-variable"},"_links":{"self":[{"href":"https:\/\/www.creaearredanegozi.it\/de\/wp-json\/wp\/v2\/product\/18320","targetHints":{"allow":["GET"]}}],"collection":[{"href":"https:\/\/www.creaearredanegozi.it\/de\/wp-json\/wp\/v2\/product"}],"about":[{"href":"https:\/\/www.creaearredanegozi.it\/de\/wp-json\/wp\/v2\/types\/product"}],"replies":[{"embeddable":true,"href":"https:\/\/www.creaearredanegozi.it\/de\/wp-json\/wp\/v2\/comments?post=18320"}],"wp:featuredmedia":[{"embeddable":true,"href":"https:\/\/www.creaearredanegozi.it\/de\/wp-json\/wp\/v2\/media\/18326"}],"wp:attachment":[{"href":"https:\/\/www.creaearredanegozi.it\/de\/wp-json\/wp\/v2\/media?parent=18320"}],"wp:term":[{"taxonomy":"product_brand","embeddable":true,"href":"https:\/\/www.creaearredanegozi.it\/de\/wp-json\/wp\/v2\/product_brand?post=18320"},{"taxonomy":"product_cat","embeddable":true,"href":"https:\/\/www.creaearredanegozi.it\/de\/wp-json\/wp\/v2\/product_cat?post=18320"},{"taxonomy":"product_tag","embeddable":true,"href":"https:\/\/www.creaearredanegozi.it\/de\/wp-json\/wp\/v2\/product_tag?post=18320"}],"curies":[{"name":"wp","href":"https:\/\/api.w.org\/{rel}","templated":true}]}}