{"id":18330,"date":"2019-01-04T16:32:07","date_gmt":"2019-01-04T15:32:07","guid":{"rendered":"https:\/\/www.creaearredanegozi.it\/?post_type=product&#038;p=18330"},"modified":"2024-11-20T13:40:25","modified_gmt":"2024-11-20T12:40:25","slug":"fimar-cr400g1-g2-professionelle-gusseisen-platte-gas-crepe-grill-oder-400-mm","status":"publish","type":"product","link":"https:\/\/www.creaearredanegozi.it\/de\/fimar-cr400g1-g2-professionelle-gusseisen-platte-gas-crepe-grill-oder-400-mm\/","title":{"rendered":"Professionelle Gas Crepiatore Gusseisen Platte \u00d8 400 mm Fimar CR400G1 \/G2"},"content":{"rendered":"<h3>Fimar CR400G1 und CR400G2 Gas-Kreppgrill aus Gusseisen \u00d8 400 mm<\/h3>\n<p>CR400G1 und CR400G2 GASKREISER<br \/>\nMaschinen f\u00fcr die Zubereitung von s\u00fc\u00dfen oder salzigen Cr\u00eapes.<\/p>\n<ul>\n<li class=\"image-additional\">Struktur aus rostfreiem Stahl.<\/li>\n<li class=\"image-additional\">Kochplatte aus Gusseisen mit rutschfester Multistreifenoberfl\u00e4che.<\/li>\n<li class=\"image-additional\">Erh\u00e4ltlich mit einer oder zwei Kochplatten.<\/li>\n<li class=\"image-additional\">Betrieben mit Fl\u00fcssiggas, Methan-Kit inbegriffen.<\/li>\n<li class=\"image-additional\">Flammenleistungsregler mit acht Positionen.<\/li>\n<li class=\"image-additional\">Piezo-Z\u00fcndung.<\/li>\n<li class=\"image-additional\">Verstellbare F\u00fc\u00dfe.<\/li>\n<li class=\"image-additional\">Doppelplatten mit unabh\u00e4ngigem Betrieb.<\/li>\n<li>Backtemperatur ca. 1 bis 3'.<\/li>\n<li>Standard-Gasanschluss \u00bd\"G.<\/li>\n<\/ul>\n<p><strong>Technische Daten:<\/strong><\/p>\n<table class=\"table table-striped mtr-table mtr-tr-td\">\n<tbody>\n<tr>\n<td data-mtr-content=\"Modello\" class=\"mtr-td-tag\"><div class=\"mtr-cell-content\">\n<p class=\"dati_tecnici_label_1\"><strong>Modell<\/strong><\/p>\n<\/div><\/td>\n<td data-mtr-content=\"CR400G1 \u2013 1 piastra\" class=\"mtr-td-tag\"><div class=\"mtr-cell-content\"><strong>CR400G1 - 1 Platte<\/strong><\/div><\/td>\n<td data-mtr-content=\"CR400G1 \u2013 2 piastre\" class=\"mtr-td-tag\"><div class=\"mtr-cell-content\"><strong>CR400G1 - 2 Platten<\/strong><\/div><\/td>\n<\/tr>\n<tr>\n<td data-mtr-content=\"Modello\" class=\"mtr-td-tag\"><div class=\"mtr-cell-content\"><b>Strom<\/b><\/div><\/td>\n<td align=\"left\" data-mtr-content=\"CR400G1 \u2013 1 piastra\" class=\"mtr-td-tag\"><div class=\"mtr-cell-content\">3600 W<\/div><\/td>\n<td align=\"left\" data-mtr-content=\"CR400G1 \u2013 2 piastre\" class=\"mtr-td-tag\"><div class=\"mtr-cell-content\">3600 + 3600 W<\/div><\/td>\n<\/tr>\n<tr>\n<td data-mtr-content=\"Modello\" class=\"mtr-td-tag\"><div class=\"mtr-cell-content\"><b>Stromversorgung <\/b><\/div><\/td>\n<td align=\"left\" data-mtr-content=\"CR400G1 \u2013 1 piastra\" class=\"mtr-td-tag\"><div class=\"mtr-cell-content\">LPG - METHAN<\/div><\/td>\n<td align=\"left\" data-mtr-content=\"CR400G1 \u2013 2 piastre\" class=\"mtr-td-tag\"><div class=\"mtr-cell-content\">LPG - METHAN<\/div><\/td>\n<\/tr>\n<tr>\n<td data-mtr-content=\"Modello\" class=\"mtr-td-tag\"><div class=\"mtr-cell-content\"><b>Arbeitstemperatur<\/b><\/div><\/td>\n<td align=\"left\" data-mtr-content=\"CR400G1 \u2013 1 piastra\" class=\"mtr-td-tag\"><div class=\"mtr-cell-content\">50\u00f7280\u00b0 C<\/div><\/td>\n<td align=\"left\" data-mtr-content=\"CR400G1 \u2013 2 piastre\" class=\"mtr-td-tag\"><div class=\"mtr-cell-content\">50\u00f7280\u00b0 C<\/div><\/td>\n<\/tr>\n<tr>\n<td data-mtr-content=\"Modello\" class=\"mtr-td-tag\"><div class=\"mtr-cell-content\"><b>Abmessungen <\/b><\/div><\/td>\n<td align=\"left\" data-mtr-content=\"CR400G1 \u2013 1 piastra\" class=\"mtr-td-tag\"><div class=\"mtr-cell-content\">480x480x270h (mm)<\/div><\/td>\n<td align=\"left\" data-mtr-content=\"CR400G1 \u2013 2 piastre\" class=\"mtr-td-tag\"><div class=\"mtr-cell-content\">900x480x270h (mm)<\/div><\/td>\n<\/tr>\n<tr>\n<td data-mtr-content=\"Modello\" class=\"mtr-td-tag\"><div class=\"mtr-cell-content\"><b>Nettogewicht<\/b><\/div><\/td>\n<td align=\"left\" data-mtr-content=\"CR400G1 \u2013 1 piastra\" class=\"mtr-td-tag\"><div class=\"mtr-cell-content\">23 kg<\/div><\/td>\n<td align=\"left\" data-mtr-content=\"CR400G1 \u2013 2 piastre\" class=\"mtr-td-tag\"><div class=\"mtr-cell-content\">46 Kg<\/div><\/td>\n<\/tr>\n<tr>\n<td data-mtr-content=\"Modello\" class=\"mtr-td-tag\"><div class=\"mtr-cell-content\"><b>Bruttogewicht<\/b><\/div><\/td>\n<td align=\"left\" data-mtr-content=\"CR400G1 \u2013 1 piastra\" class=\"mtr-td-tag\"><div class=\"mtr-cell-content\">26 kg<\/div><\/td>\n<td align=\"left\" data-mtr-content=\"CR400G1 \u2013 2 piastre\" class=\"mtr-td-tag\"><div class=\"mtr-cell-content\">52 kg<\/div><\/td>\n<\/tr>\n<tr>\n<td data-mtr-content=\"Modello\" class=\"mtr-td-tag\"><div class=\"mtr-cell-content\"><b>Abmessungen der Verpackung<\/b><\/div><\/td>\n<td align=\"left\" data-mtr-content=\"CR400G1 \u2013 1 piastra\" class=\"mtr-td-tag\"><div class=\"mtr-cell-content\">530x530x330h (mm)<\/div><\/td>\n<td align=\"left\" data-mtr-content=\"CR400G1 \u2013 2 piastre\" class=\"mtr-td-tag\"><div class=\"mtr-cell-content\">960x540x450h (mm)<\/div><\/td>\n<\/tr>\n<tr>\n<td data-mtr-content=\"Modello\" class=\"mtr-td-tag\"><div class=\"mtr-cell-content\"><strong>Verpackungsvolumen<\/strong><\/div><\/td>\n<td align=\"left\" data-mtr-content=\"CR400G1 \u2013 1 piastra\" class=\"mtr-td-tag\"><div class=\"mtr-cell-content\">0,093 m\u00b3<\/div><\/td>\n<td align=\"left\" data-mtr-content=\"CR400G1 \u2013 2 piastre\" class=\"mtr-td-tag\"><div class=\"mtr-cell-content\">0,233 m\u00b3<\/div><\/td>\n<\/tr>\n<tr>\n<td data-mtr-content=\"Modello\" class=\"mtr-td-tag\"><div class=\"mtr-cell-content\"><strong>Kalorien<\/strong><\/div><\/td>\n<td align=\"left\" data-mtr-content=\"CR400G1 \u2013 1 piastra\" class=\"mtr-td-tag\"><div class=\"mtr-cell-content\">3.600 kcal\/h - 14.286 BTU\/h<\/div><\/td>\n<td align=\"left\" data-mtr-content=\"CR400G1 \u2013 2 piastre\" class=\"mtr-td-tag\"><div class=\"mtr-cell-content\">3.600 + 3.600 kcal\/h - 14.286 + 14.286 BTU\/h<\/div><\/td>\n<\/tr>\n<tr>\n<td data-mtr-content=\"Modello\" class=\"mtr-td-tag\"><div class=\"mtr-cell-content\"><strong>Methanverbrauch<\/strong><\/div><\/td>\n<td align=\"left\" data-mtr-content=\"CR400G1 \u2013 1 piastra\" class=\"mtr-td-tag\"><div class=\"mtr-cell-content\">G20 = 0,34 m\u00b3\/h - G25 = 0,41 m\u00b3\/h<\/div><\/td>\n<td align=\"left\" data-mtr-content=\"CR400G1 \u2013 2 piastre\" class=\"mtr-td-tag\"><div class=\"mtr-cell-content\">G20 = 0,34 + 0,34 m\u00b3\/h - G25 = 0,41 + 0,41 m\u00b3\/h<\/div><\/td>\n<\/tr>\n<tr>\n<td data-mtr-content=\"Modello\" class=\"mtr-td-tag\"><div class=\"mtr-cell-content\"><strong>LPG-Verbrauch<\/strong><\/div><\/td>\n<td align=\"left\" data-mtr-content=\"CR400G1 \u2013 1 piastra\" class=\"mtr-td-tag\"><div class=\"mtr-cell-content\">G30\/G31 = 0,23 kg\/h<\/div><\/td>\n<td align=\"left\" data-mtr-content=\"CR400G1 \u2013 2 piastre\" class=\"mtr-td-tag\"><div class=\"mtr-cell-content\">G30\/G31 = 0,23 + 0,23 kg\/h<\/div><\/td>\n<\/tr>\n<tr>\n<td data-mtr-content=\"Modello\" class=\"mtr-td-tag\"><div class=\"mtr-cell-content\"><strong>Gasanschluss<\/strong><\/div><\/td>\n<td align=\"left\" data-mtr-content=\"CR400G1 \u2013 1 piastra\" class=\"mtr-td-tag\"><div class=\"mtr-cell-content\">1\/2\" G<\/div><\/td>\n<td align=\"left\" data-mtr-content=\"CR400G1 \u2013 2 piastre\" class=\"mtr-td-tag\"><div class=\"mtr-cell-content\">1\/2\" G<\/div><\/td>\n<\/tr>\n<tr>\n<td data-mtr-content=\"Modello\" class=\"mtr-td-tag\"><div class=\"mtr-cell-content\"><strong>Brenner<\/strong><\/div><\/td>\n<td align=\"left\" data-mtr-content=\"CR400G1 \u2013 1 piastra\" class=\"mtr-td-tag\"><div class=\"mtr-cell-content\">N\u00b0 1<\/div><\/td>\n<td align=\"left\" data-mtr-content=\"CR400G1 \u2013 2 piastre\" class=\"mtr-td-tag\"><div class=\"mtr-cell-content\">N\u00b0 2<\/div><\/td>\n<\/tr>\n<tr>\n<td data-mtr-content=\"Modello\" class=\"mtr-td-tag\"><div class=\"mtr-cell-content\"><strong>Kochzeit<\/strong><\/div><\/td>\n<td align=\"left\" data-mtr-content=\"CR400G1 \u2013 1 piastra\" class=\"mtr-td-tag\"><div class=\"mtr-cell-content\">~ 1-3'<\/div><\/td>\n<td align=\"left\" data-mtr-content=\"CR400G1 \u2013 2 piastre\" class=\"mtr-td-tag\"><div class=\"mtr-cell-content\">~ 1-3'<\/div><\/td>\n<\/tr>\n<tr>\n<td data-mtr-content=\"Modello\" class=\"mtr-td-tag\"><div class=\"mtr-cell-content\"><strong>Abmessungen des Kochfeldes<\/strong><\/div><\/td>\n<td align=\"left\" data-mtr-content=\"CR400G1 \u2013 1 piastra\" class=\"mtr-td-tag\"><div class=\"mtr-cell-content\">\u00f8400 (mm)<\/div><\/td>\n<td align=\"left\" data-mtr-content=\"CR400G1 \u2013 2 piastre\" class=\"mtr-td-tag\"><div class=\"mtr-cell-content\">2 x \u00f8400 (mm)<\/div><\/td>\n<\/tr>\n<tr>\n<td data-mtr-content=\"Modello\" class=\"mtr-td-tag\"><div class=\"mtr-cell-content\"><strong>Z\u00fcndung<\/strong><\/div><\/td>\n<td align=\"left\" data-mtr-content=\"CR400G1 \u2013 1 piastra\" class=\"mtr-td-tag\"><div class=\"mtr-cell-content\">NR. 1 PIEZOELEKTRISCH<\/div><\/td>\n<td align=\"left\" data-mtr-content=\"CR400G1 \u2013 2 piastre\" class=\"mtr-td-tag\"><div class=\"mtr-cell-content\">NR. 2 PIEZOELEKTRISCH<\/div><\/td>\n<\/tr>\n<\/tbody>\n<\/table>","protected":false},"excerpt":{"rendered":"<p>Crepiera a gas in ghisa \u00d8 400 mm Fimar CR400G1 e CR400G2 CREPIERE A GAS CR400G1 e CR400G2 Macchine per la preparazione di crepes dolci o salate. Struttura in acciaio inox. Piastra di cottura in ghisa con superficie multirighe antiscivolo. Disponibili con una o due piastre di cottura. Alimentazione a G.P.L., in dotazione kit metano. [&#8230;]","protected":false},"featured_media":122202,"comment_status":"closed","ping_status":"closed","template":"","meta":{"_monsterinsights_skip_tracking":false,"_monsterinsights_sitenote_active":false,"_monsterinsights_sitenote_note":"","_monsterinsights_sitenote_category":0},"product_brand":[628],"product_cat":[86,89],"product_tag":[],"class_list":{"0":"post-18330","1":"product","2":"type-product","3":"status-publish","4":"has-post-thumbnail","6":"product_brand-fimar","7":"product_cat-piastre","8":"product_cat-in-ghisa","9":"product_shipping_class-215","10":"pa_marca-fimar","12":"first","13":"instock","14":"sale","15":"taxable","16":"shipping-taxable","17":"purchasable","18":"product-type-variable"},"_links":{"self":[{"href":"https:\/\/www.creaearredanegozi.it\/de\/wp-json\/wp\/v2\/product\/18330","targetHints":{"allow":["GET"]}}],"collection":[{"href":"https:\/\/www.creaearredanegozi.it\/de\/wp-json\/wp\/v2\/product"}],"about":[{"href":"https:\/\/www.creaearredanegozi.it\/de\/wp-json\/wp\/v2\/types\/product"}],"replies":[{"embeddable":true,"href":"https:\/\/www.creaearredanegozi.it\/de\/wp-json\/wp\/v2\/comments?post=18330"}],"wp:featuredmedia":[{"embeddable":true,"href":"https:\/\/www.creaearredanegozi.it\/de\/wp-json\/wp\/v2\/media\/122202"}],"wp:attachment":[{"href":"https:\/\/www.creaearredanegozi.it\/de\/wp-json\/wp\/v2\/media?parent=18330"}],"wp:term":[{"taxonomy":"product_brand","embeddable":true,"href":"https:\/\/www.creaearredanegozi.it\/de\/wp-json\/wp\/v2\/product_brand?post=18330"},{"taxonomy":"product_cat","embeddable":true,"href":"https:\/\/www.creaearredanegozi.it\/de\/wp-json\/wp\/v2\/product_cat?post=18330"},{"taxonomy":"product_tag","embeddable":true,"href":"https:\/\/www.creaearredanegozi.it\/de\/wp-json\/wp\/v2\/product_tag?post=18330"}],"curies":[{"name":"wp","href":"https:\/\/api.w.org\/{rel}","templated":true}]}}