{"id":18337,"date":"2019-01-04T17:09:11","date_gmt":"2019-01-04T16:09:11","guid":{"rendered":"https:\/\/www.creaearredanegozi.it\/?post_type=product&#038;p=18337"},"modified":"2023-11-24T13:02:36","modified_gmt":"2023-11-24T12:02:36","slug":"professioneller-hot-dog-warmer-8-rollen-edelstahl-fimar-rw8","status":"publish","type":"product","link":"https:\/\/www.creaearredanegozi.it\/de\/professioneller-hot-dog-warmer-8-rollen-edelstahl-fimar-rw8\/","title":{"rendered":"Professioneller Hot Dog Heizer 8 Rollen Edelstahl Fimar RW8"},"content":{"rendered":"<h3>Professioneller Wurstw\u00e4rmer 8 Edelstahlrollen Fimar RW8<\/h3>\n<p><strong>HOT DOG KOCHER RW8<\/strong><br \/>\nMaschine zum Erhitzen und Kochen von W\u00fcrstchen und W\u00fcrstchen.<\/p>\n<ul>\n<li class=\"image-additional\">Schnelles und gleichm\u00e4\u00dfiges Garen, das den Produkten den typischen Geschmack und die typische F\u00e4rbung des Grills verleiht, ohne dass sie von Hand gewendet werden m\u00fcssen.<\/li>\n<li class=\"image-additional\">Geh\u00e4use aus rostfreiem Stahl.<\/li>\n<li class=\"image-additional\">Rollen aus rostfreiem Stahl AISI304.<\/li>\n<li class=\"image-additional\">Gepanzerte Heizelemente im Inneren der Walzen.<\/li>\n<li class=\"image-additional\">Schublade zum Auffangen von Kochresten.<\/li>\n<li class=\"image-additional\">3 Kochleistungsstufen.<\/li>\n<li>8 Walzen mit einem Durchmesser von 25 mm und der M\u00f6glichkeit, bis zu maximal 14 W\u00fcrstchen zu garen.<\/li>\n<\/ul>\n<p><strong>Technische Daten:<\/strong><\/p>\n<p>&nbsp;<\/p>\n<table class=\"table table-striped\">\n<tbody>\n<tr>\n<td>\n<p class=\"dati_tecnici_label_1\"><strong>Modell<\/strong><\/p>\n<\/td>\n<td><strong>RW8<\/strong><\/td>\n<\/tr>\n<tr>\n<td><b>Strom<\/b><\/td>\n<td align=\"left\">1800 W<\/td>\n<\/tr>\n<tr>\n<td><b>Stromversorgung <\/b><\/td>\n<td align=\"left\">230V\/1N\/50-60Hz<\/td>\n<\/tr>\n<tr>\n<td><b>Abmessungen <\/b><\/td>\n<td align=\"left\">460x350x200h (mm)<\/td>\n<\/tr>\n<tr>\n<td><b>Nettogewicht<\/b><\/td>\n<td align=\"left\">11 kg<\/td>\n<\/tr>\n<tr>\n<td><b>Bruttogewicht<\/b><\/td>\n<td align=\"left\">12 kg<\/td>\n<\/tr>\n<tr>\n<td><b>Abmessungen der Verpackung<\/b><\/td>\n<td align=\"left\">590x440x270h (mm)<\/td>\n<\/tr>\n<tr>\n<td><strong>Verpackungsvolumen<\/strong><\/td>\n<td align=\"left\">0,070 m\u00b3<\/td>\n<\/tr>\n<tr>\n<td><strong>L\u00e4nge der Rolle<\/strong><\/td>\n<td align=\"left\">35 cm<\/td>\n<\/tr>\n<tr>\n<td><strong>Anzahl der Rollen<\/strong><\/td>\n<td align=\"left\">8<\/td>\n<\/tr>\n<tr>\n<td><strong>Durchmesser der Rolle<\/strong><\/td>\n<td align=\"left\">\u00d8 25 mm<\/td>\n<\/tr>\n<tr>\n<td><strong>Max. Anzahl von W\u00fcrstchen<\/strong><\/td>\n<td align=\"left\">14<\/td>\n<\/tr>\n<\/tbody>\n<\/table>","protected":false},"excerpt":{"rendered":"<p>Scalda w\u00fcrstel Professionale 8 rulli inox Fimar RW8 CUOCI HOT DOG RW8 Macchina per riscaldare e cuocere w\u00fcrstel e salsicce. Cottura rapida ed uniforme che conferisce ai prodotti il sapore e la colorazione tipica della cottura alla griglia senza che sia necessario rigirarli manualmente. Carcassa in acciaio inox. Rulli in acciaio inox AISI304. Resistenze elettriche [&#8230;]","protected":false},"featured_media":122207,"comment_status":"closed","ping_status":"closed","template":"","meta":{"_monsterinsights_skip_tracking":false,"_monsterinsights_sitenote_active":false,"_monsterinsights_sitenote_note":"","_monsterinsights_sitenote_category":0},"product_brand":[628],"product_cat":[94,9],"product_tag":[],"class_list":{"0":"post-18337","1":"product","2":"type-product","3":"status-publish","4":"has-post-thumbnail","6":"product_brand-fimar","7":"product_cat-tostiere","8":"product_cat-attrezzature-pub","9":"product_shipping_class-215","10":"pa_marca-fimar","12":"first","13":"instock","14":"taxable","15":"shipping-taxable","16":"purchasable","17":"product-type-simple"},"_links":{"self":[{"href":"https:\/\/www.creaearredanegozi.it\/de\/wp-json\/wp\/v2\/product\/18337","targetHints":{"allow":["GET"]}}],"collection":[{"href":"https:\/\/www.creaearredanegozi.it\/de\/wp-json\/wp\/v2\/product"}],"about":[{"href":"https:\/\/www.creaearredanegozi.it\/de\/wp-json\/wp\/v2\/types\/product"}],"replies":[{"embeddable":true,"href":"https:\/\/www.creaearredanegozi.it\/de\/wp-json\/wp\/v2\/comments?post=18337"}],"wp:featuredmedia":[{"embeddable":true,"href":"https:\/\/www.creaearredanegozi.it\/de\/wp-json\/wp\/v2\/media\/122207"}],"wp:attachment":[{"href":"https:\/\/www.creaearredanegozi.it\/de\/wp-json\/wp\/v2\/media?parent=18337"}],"wp:term":[{"taxonomy":"product_brand","embeddable":true,"href":"https:\/\/www.creaearredanegozi.it\/de\/wp-json\/wp\/v2\/product_brand?post=18337"},{"taxonomy":"product_cat","embeddable":true,"href":"https:\/\/www.creaearredanegozi.it\/de\/wp-json\/wp\/v2\/product_cat?post=18337"},{"taxonomy":"product_tag","embeddable":true,"href":"https:\/\/www.creaearredanegozi.it\/de\/wp-json\/wp\/v2\/product_tag?post=18337"}],"curies":[{"name":"wp","href":"https:\/\/api.w.org\/{rel}","templated":true}]}}