{"id":18807,"date":"2019-01-26T11:55:00","date_gmt":"2019-01-26T10:55:00","guid":{"rendered":"https:\/\/www.creaearredanegozi.it\/?post_type=product&#038;p=18807"},"modified":"2025-02-11T10:37:57","modified_gmt":"2025-02-11T09:37:57","slug":"unterbau-glaserspuler-nutzhohe-25-cm-quadratischer-oder-runder-korb-35-cm-ew530","status":"publish","type":"product","link":"https:\/\/www.creaearredanegozi.it\/de\/unterbau-glaserspuler-nutzhohe-25-cm-quadratischer-oder-runder-korb-35-cm-ew530\/","title":{"rendered":"Untertisch-Gl\u00e4sersp\u00fcler Nutzh\u00f6he 25 cm quadratischer oder runder Korb 35 cm einphasig 220V EW530"},"content":{"rendered":"<h2 style=\"text-align: center;\">Unterbaukorbwaschmaschine, quadratisch oder rund 35 cm<\/h2>\n<div>\n<p>Die professionellen Geschirrsp\u00fclmaschinen von Eurowash sind so konzipiert, dass sie hervorragende Sp\u00fclergebnisse bei geringem Energieverbrauch und niedrigen Betriebskosten erzielen.<\/p>\n<p>Der Wasserverbrauch liegt unter idealen Installationsbedingungen bei weniger als zwei Litern pro Korb und geh\u00f6rt damit zu den niedrigsten Werten, die von Konkurrenzprodukten der gleichen Klasse erreicht werden.<\/p>\n<p>Dadurch wird auch der Stromverbrauch gesenkt.<\/p>\n<\/div>\n<div>\n<p>Einwandige Waschmaschine mit doppelwandiger T\u00fcr zur Verringerung von Ger\u00e4usch- und W\u00e4rmeverlusten, geschwei\u00dfte Beh\u00e4lter- und Korbf\u00fchrungen, hydraulischer Klarsp\u00fclerspender als Standard, elektromechanische Schnittstelle.<\/p>\n<p>Korbgr\u00f6\u00dfe cm 35\u00d735; runder Korb mit einem Durchmesser von 35 cm ebenfalls erh\u00e4ltlich.<\/p>\n<p><strong>Verf\u00fcgbare Versionen: <\/strong>Mit quadratischem Korb; Mit quadratischem Korb und Weichsp\u00fcler; Mit rundem Korb.<\/p>\n<\/div>\n<p><strong>Serienm\u00e4\u00dfige Ausstattung:<\/strong><\/p>\n<ul>\n<li>Nr. 2 quadratische K\u00f6rbe (oder 2 runde K\u00f6rbe in der Version mit rundem Korb)<\/li>\n<li>Nr. 1 Besteckkorb.<\/li>\n<\/ul>\n<p>Basisversion mit Klarsp\u00fclerspender inklusive.<\/p>\n<p><strong>Technische Daten<\/strong><\/p>\n<table class=\"table table-striped\">\n<tbody>\n<tr>\n<td>\n<p class=\"dati_tecnici_label_1\"><strong>Modell<\/strong><\/p>\n<\/td>\n<td><b>EW 530<\/b><\/td>\n<\/tr>\n<tr>\n<td><strong>Abmessungen<\/strong><\/td>\n<td align=\"left\">40,1x49x59,5 cm<\/td>\n<\/tr>\n<tr>\n<td><strong>\u00d6ffnen der T\u00fcr<\/strong><\/td>\n<td align=\"left\">26 cm<\/td>\n<\/tr>\n<tr>\n<td><strong>Max. Plattenh\u00f6he<\/strong><\/td>\n<td align=\"left\">&#8211;<\/td>\n<\/tr>\n<tr>\n<td><b>Max. H\u00f6he des Glases<\/b><\/td>\n<td align=\"left\">25 cm<\/td>\n<\/tr>\n<tr>\n<td><strong>Waschgang<\/strong><\/td>\n<td align=\"left\">120 Sek.<\/td>\n<\/tr>\n<tr>\n<td><b>Korb<\/b><\/td>\n<td align=\"left\">35\u00d735 cm - \u00d8 35 cm<\/td>\n<\/tr>\n<tr>\n<td><b>Wasserverbrauch<\/b><\/td>\n<td align=\"left\">1,7 l\/Zyklus<\/td>\n<\/tr>\n<tr>\n<td><strong>Waschpumpe<\/strong><\/td>\n<td align=\"left\">0,15 kW<\/td>\n<\/tr>\n<tr>\n<td><b>Wanne<\/b><\/td>\n<td align=\"left\">7 L<\/p>\n<p>0,6 kW<\/p>\n<p>60 \u00b0C<\/td>\n<\/tr>\n<tr>\n<td><b>Kessel<\/b><\/td>\n<td align=\"left\">2.6 L<\/p>\n<p>2,6 kW<\/p>\n<p>65 \u00b0C<\/td>\n<\/tr>\n<tr>\n<td><b>Peristaltischer Klarsp\u00fclerspender<\/b><\/td>\n<td align=\"left\">Ja<\/td>\n<\/tr>\n<tr>\n<td><b>Installierte Leistung<\/b><\/td>\n<td align=\"left\">230 V - 50 Hz - 1N<\/p>\n<p>Amp. 16<\/p>\n<p>kW 3,5<\/td>\n<\/tr>\n<\/tbody>\n<\/table>","protected":false},"excerpt":{"rendered":"<p>Lavabicchieri sottobanco cesto quadrato o tondo 35 cm Le lavabicchieri professionali Eurowash sono progettate per ottenere eccellenti risultati di lavaggio con consumi energetici e costi operativi ridotti. Il consumo di acqua, in condizioni di installazione ideali, \u00e8 limitato a meno di due litri per cesto, un valore tra i pi\u00f9 bassi di quelli generalmente ottenuti [&#8230;]","protected":false},"featured_media":122381,"comment_status":"closed","ping_status":"closed","template":"","meta":{"_monsterinsights_skip_tracking":false,"_monsterinsights_sitenote_active":false,"_monsterinsights_sitenote_note":"","_monsterinsights_sitenote_category":0},"product_brand":[725],"product_cat":[19],"product_tag":[],"class_list":{"0":"post-18807","1":"product","2":"type-product","3":"status-publish","4":"has-post-thumbnail","6":"product_brand-eurowash","7":"product_cat-lavaggio","8":"product_shipping_class-32","9":"pa_marca-eurowash","11":"first","12":"instock","13":"taxable","14":"shipping-taxable","15":"purchasable","16":"product-type-variable"},"_links":{"self":[{"href":"https:\/\/www.creaearredanegozi.it\/de\/wp-json\/wp\/v2\/product\/18807","targetHints":{"allow":["GET"]}}],"collection":[{"href":"https:\/\/www.creaearredanegozi.it\/de\/wp-json\/wp\/v2\/product"}],"about":[{"href":"https:\/\/www.creaearredanegozi.it\/de\/wp-json\/wp\/v2\/types\/product"}],"replies":[{"embeddable":true,"href":"https:\/\/www.creaearredanegozi.it\/de\/wp-json\/wp\/v2\/comments?post=18807"}],"wp:featuredmedia":[{"embeddable":true,"href":"https:\/\/www.creaearredanegozi.it\/de\/wp-json\/wp\/v2\/media\/122381"}],"wp:attachment":[{"href":"https:\/\/www.creaearredanegozi.it\/de\/wp-json\/wp\/v2\/media?parent=18807"}],"wp:term":[{"taxonomy":"product_brand","embeddable":true,"href":"https:\/\/www.creaearredanegozi.it\/de\/wp-json\/wp\/v2\/product_brand?post=18807"},{"taxonomy":"product_cat","embeddable":true,"href":"https:\/\/www.creaearredanegozi.it\/de\/wp-json\/wp\/v2\/product_cat?post=18807"},{"taxonomy":"product_tag","embeddable":true,"href":"https:\/\/www.creaearredanegozi.it\/de\/wp-json\/wp\/v2\/product_tag?post=18807"}],"curies":[{"name":"wp","href":"https:\/\/api.w.org\/{rel}","templated":true}]}}