{"id":18829,"date":"2019-02-01T12:08:10","date_gmt":"2019-02-01T11:08:10","guid":{"rendered":"https:\/\/www.creaearredanegozi.it\/?post_type=product&#038;p=18829"},"modified":"2025-02-11T17:19:37","modified_gmt":"2025-02-11T16:19:37","slug":"spulmaschine-nutzbare-hohe-28-cm-quadratischer-korb-45x45-cm-ew550","status":"publish","type":"product","link":"https:\/\/www.creaearredanegozi.it\/de\/spulmaschine-nutzbare-hohe-28-cm-quadratischer-korb-45x45-cm-ew550\/","title":{"rendered":"Geschirrsp\u00fcler Nutzh\u00f6he 28 cm quadratischer Korb 45\u00d745 cm einphasig 220V EW550"},"content":{"rendered":"<h2 style=\"text-align: center;\">Professioneller Geschirrsp\u00fcler n\u00fctzliche H\u00f6he 28 cm quadratischer Korb 45\u00d745 cm<\/h2>\n<div>\n<p>Die professionellen Geschirrsp\u00fclmaschinen von Eurowash sind so konzipiert, dass sie hervorragende Sp\u00fclergebnisse bei reduziertem Energieverbrauch und geringeren Betriebskosten erzielen.<\/p>\n<p>Der Wasserverbrauch ist unter idealen Installationsbedingungen auf 2,8 Liter pro Korb begrenzt, einer der niedrigsten Werte, die von Konkurrenzprodukten derselben Klasse erreicht werden.<\/p>\n<p>Dadurch wird auch der Stromverbrauch gesenkt.<\/p>\n<\/div>\n<div>\n<p>Einwandiger Geschirrsp\u00fcler mit doppelwandiger T\u00fcr zur Reduzierung von Ger\u00e4usch- und W\u00e4rmeverlusten, geformte Beh\u00e4lter- und Korbf\u00fchrungen, hydraulischer Klarsp\u00fclerspender, elektromechanische Schnittstelle.<\/p>\n<p>Das patentierte Sp\u00fclsystem mit doppelter F\u00f6rderpumpe und Verbundwerkstoffarmen reduziert die Druckverluste drastisch, was die Leistung erheblich verbessert und die Ger\u00e4uschentwicklung verringert.<\/p>\n<\/div>\n<p><strong>Serienm\u00e4\u00dfige Ausstattung:<\/strong><\/p>\n<ul>\n<li>Nr. 1 Quadratischer Korb f\u00fcr Gl\u00e4ser.<\/li>\n<li>Nr. 1 Besteckkorb.<\/li>\n<li>Nr. 1 Quadratischer Korb f\u00fcr Geschirr.<\/li>\n<\/ul>\n<p><strong>Technische Daten:<\/strong><\/p>\n<table class=\"table table-striped\">\n<tbody>\n<tr>\n<td>\n<p class=\"dati_tecnici_label_1\"><strong>Modell<\/strong><\/p>\n<\/td>\n<td><b>EW 550<\/b><\/td>\n<\/tr>\n<tr>\n<td><strong>Abmessungen<\/strong><\/td>\n<td align=\"left\">52,5\u00d755,5\u00d771,5 cm<\/td>\n<\/tr>\n<tr>\n<td><strong>\u00d6ffnen der T\u00fcr<\/strong><\/td>\n<td align=\"left\">30 cm<\/td>\n<\/tr>\n<tr>\n<td><strong>Max. Plattenh\u00f6he<\/strong><\/td>\n<td align=\"left\">28 cm<\/td>\n<\/tr>\n<tr>\n<td><b>Max. H\u00f6he des Glases<\/b><\/td>\n<td align=\"left\">28 cm<\/td>\n<\/tr>\n<tr>\n<td><strong>Waschgang<\/strong><\/td>\n<td align=\"left\">120 Sek.<\/td>\n<\/tr>\n<tr>\n<td><b>Korb<\/b><\/td>\n<td align=\"left\">45\u00d745 cm<\/td>\n<\/tr>\n<tr>\n<td><b>Wasserverbrauch<\/b><\/td>\n<td align=\"left\">1,7 l\/Zyklus<\/td>\n<\/tr>\n<tr>\n<td><strong>Waschpumpe<\/strong><\/td>\n<td align=\"left\">0,2 kW<\/td>\n<\/tr>\n<tr>\n<td><b>Wanne<\/b><\/td>\n<td align=\"left\">14 L<\/p>\n<p>0,6 kW<\/p>\n<p>60 \u00b0C<\/td>\n<\/tr>\n<tr>\n<td><b>Kessel<\/b><\/td>\n<td align=\"left\">2.6 L<\/p>\n<p>2,6 kW<\/p>\n<p>65 - 80 \u00b0C<\/td>\n<\/tr>\n<tr>\n<td><b>Peristaltischer Klarsp\u00fclerspender<\/b><\/td>\n<td align=\"left\">Ja<\/td>\n<\/tr>\n<tr>\n<td><b>Installierte Leistung<\/b><\/td>\n<td align=\"left\">230 V - 50 Hz - 1N<\/p>\n<p>Amp. 16<\/p>\n<p>kW 3,5<\/td>\n<\/tr>\n<\/tbody>\n<\/table>\n<p>&nbsp;<\/p>","protected":false},"excerpt":{"rendered":"<p>Lavastoviglie professionale altezza utile 28 cm cesto quadrato 45&#215;45 cm Le lavapiatti professionali Eurowash sono progettate per ottenere eccellenti risultati di lavaggio con consumi energetici e costi operativi ridotti. Il consumo di acqua, in condizioni di installazione ideali, \u00e8 limitato a 2,8 litri per cesto, un valore tra i pi\u00f9 bassi di quelli generalmente ottenuti [&#8230;]","protected":false},"featured_media":18838,"comment_status":"closed","ping_status":"closed","template":"","meta":{"_monsterinsights_skip_tracking":false,"_monsterinsights_sitenote_active":false,"_monsterinsights_sitenote_note":"","_monsterinsights_sitenote_category":0},"product_brand":[725],"product_cat":[19],"product_tag":[],"class_list":{"0":"post-18829","1":"product","2":"type-product","3":"status-publish","4":"has-post-thumbnail","6":"product_brand-eurowash","7":"product_cat-lavaggio","8":"product_shipping_class-38","9":"pa_marca-eurowash","11":"first","12":"instock","13":"taxable","14":"shipping-taxable","15":"purchasable","16":"product-type-simple"},"_links":{"self":[{"href":"https:\/\/www.creaearredanegozi.it\/de\/wp-json\/wp\/v2\/product\/18829","targetHints":{"allow":["GET"]}}],"collection":[{"href":"https:\/\/www.creaearredanegozi.it\/de\/wp-json\/wp\/v2\/product"}],"about":[{"href":"https:\/\/www.creaearredanegozi.it\/de\/wp-json\/wp\/v2\/types\/product"}],"replies":[{"embeddable":true,"href":"https:\/\/www.creaearredanegozi.it\/de\/wp-json\/wp\/v2\/comments?post=18829"}],"wp:featuredmedia":[{"embeddable":true,"href":"https:\/\/www.creaearredanegozi.it\/de\/wp-json\/wp\/v2\/media\/18838"}],"wp:attachment":[{"href":"https:\/\/www.creaearredanegozi.it\/de\/wp-json\/wp\/v2\/media?parent=18829"}],"wp:term":[{"taxonomy":"product_brand","embeddable":true,"href":"https:\/\/www.creaearredanegozi.it\/de\/wp-json\/wp\/v2\/product_brand?post=18829"},{"taxonomy":"product_cat","embeddable":true,"href":"https:\/\/www.creaearredanegozi.it\/de\/wp-json\/wp\/v2\/product_cat?post=18829"},{"taxonomy":"product_tag","embeddable":true,"href":"https:\/\/www.creaearredanegozi.it\/de\/wp-json\/wp\/v2\/product_tag?post=18829"}],"curies":[{"name":"wp","href":"https:\/\/api.w.org\/{rel}","templated":true}]}}