{"id":18850,"date":"2019-02-01T13:08:23","date_gmt":"2019-02-01T12:08:23","guid":{"rendered":"https:\/\/www.creaearredanegozi.it\/?post_type=product&#038;p=18850"},"modified":"2025-09-26T11:42:15","modified_gmt":"2025-09-26T09:42:15","slug":"geschirrspuler-capot-nutzhohe-40-cm-quadratischer-korb-50x50-cm-ew580","status":"publish","type":"product","link":"https:\/\/www.creaearredanegozi.it\/de\/geschirrspuler-capot-nutzhohe-40-cm-quadratischer-korb-50x50-cm-ew580\/","title":{"rendered":"Haubengeschirrsp\u00fcler Nutzh\u00f6he 40 cm Quadratischer Korb 50\u00d750 cm EW580"},"content":{"rendered":"<h2 style=\"text-align: center;\">Haube Geschirrsp\u00fcler nutzbare H\u00f6he 40 cm quadratischen Korb 50\u00d750 cm<\/h2>\n<div>\n<p>Einwandiger Profi-Geschirrsp\u00fcler, einwandige Haube, geformte Wanne, Korbhalterung aus Draht, hydraulischer Klarsp\u00fclerspender, elektromechanische Schnittstelle.<\/p>\n<p>Gro\u00dfe Vielseitigkeit (Gastronorm- und Euronorm-Schalen k\u00f6nnen gewaschen werden).<\/p>\n<p>Kann in Reihe oder in einem Winkel installiert werden, ohne dass zus\u00e4tzliche Komponenten erforderlich sind.<\/p>\n<\/div>\n<div>\n<p>Das patentierte \u00dcberlaufsystem verbessert die Effizienz des Wasseraustauschs im Tank im Vergleich zum herk\u00f6mmlichen \u00dcberlauf drastisch, indem es ihn von 66% auf 83% erh\u00f6ht; saubereres Wasser bedeutet, dass mit niedrigeren Reinigungsmittelkonzentrationen gearbeitet werden kann.<\/p>\n<\/div>\n<p><strong>Serienm\u00e4\u00dfige Ausstattung:<\/strong><\/p>\n<ul>\n<li>Nr. 1 Quadratischer Korb 50\u00d750 f\u00fcr Gl\u00e4ser.<\/li>\n<li>Nr. 1 Quadratischer Korb 50\u00d750 f\u00fcr Geschirr.<\/li>\n<\/ul>\n<p>Basisversion nur mit Klarsp\u00fclerspender.<\/p>\n<p><strong>Technische Daten:<\/strong><\/p>\n<table class=\"table table-striped\">\n<tbody>\n<tr>\n<td>\n<p class=\"dati_tecnici_label_1\"><strong>Modell<\/strong><\/p>\n<\/td>\n<td><b>EW 580<\/b><\/td>\n<\/tr>\n<tr>\n<td><strong>Abmessungen<\/strong><\/td>\n<td align=\"left\">63,5\u00d773,5\u00d7148 cm<\/td>\n<\/tr>\n<tr>\n<td><strong>\u00d6ffnen der T\u00fcr<\/strong><\/td>\n<td align=\"left\">40 cm<\/td>\n<\/tr>\n<tr>\n<td><strong>Max. Plattenh\u00f6he<\/strong><\/td>\n<td align=\"left\">40 cm<\/td>\n<\/tr>\n<tr>\n<td><b>Max. H\u00f6he des Glases<\/b><\/td>\n<td align=\"left\">39 cm<\/td>\n<\/tr>\n<tr>\n<td><strong>Waschgang<\/strong><\/td>\n<td align=\"left\">60 - 120 Sek.<\/td>\n<\/tr>\n<tr>\n<td><b>Korb<\/b><\/td>\n<td align=\"left\">50\u00d750 cm<\/td>\n<\/tr>\n<tr>\n<td><b>Wasserverbrauch<\/b><\/td>\n<td align=\"left\">2,1 l\/Zyklus<\/td>\n<\/tr>\n<tr>\n<td><strong>Waschpumpe<\/strong><\/td>\n<td align=\"left\">0,5 kW<\/td>\n<\/tr>\n<tr>\n<td><b>Wanne<\/b><\/td>\n<td align=\"left\">15 L<\/p>\n<p>2,1 kW<\/p>\n<p>60 \u00b0C<\/td>\n<\/tr>\n<tr>\n<td><b>Kessel<\/b><\/td>\n<td align=\"left\">6 L<\/p>\n<p>8 kW<\/p>\n<p>80 \u00b0C<\/td>\n<\/tr>\n<tr>\n<td><b>Tank-Filter<\/b><\/td>\n<td align=\"left\">Ja<\/td>\n<\/tr>\n<tr>\n<td><b>Peristaltischer Klarsp\u00fclerspender<\/b><\/td>\n<td align=\"left\">Ja<\/td>\n<\/tr>\n<tr>\n<td><b>Installierte Leistung<\/b><\/td>\n<td align=\"left\">400 V - 50 Hz - 3N<\/p>\n<p>Amp. 16<\/p>\n<p>kW 8,5<\/td>\n<\/tr>\n<\/tbody>\n<\/table>\n<p>&nbsp;<\/p>","protected":false},"excerpt":{"rendered":"<p>Lavastoviglie a cappotta altezza utile 40 cm cesto quadrato 50&#215;50 cm Lavastoviglie a capot professionale costruita in parete singola, cappa in parete singola, vasca stampata, supporto cesto in filo, dosatore brillantante idraulico, interfaccia elettromeccanica. Grande versatilit\u00e0 (si possono lavare i vassoi Gastronorm ed Euronorm). Installabile in linea o ad angolo senza bisogno di componenti aggiuntivi. [&#8230;]","protected":false},"featured_media":129001,"comment_status":"closed","ping_status":"closed","template":"","meta":{"_monsterinsights_skip_tracking":false,"_monsterinsights_sitenote_active":false,"_monsterinsights_sitenote_note":"","_monsterinsights_sitenote_category":0},"product_brand":[725],"product_cat":[19],"product_tag":[],"class_list":{"0":"post-18850","1":"product","2":"type-product","3":"status-publish","4":"has-post-thumbnail","6":"product_brand-eurowash","7":"product_cat-lavaggio","8":"product_shipping_class-m","9":"pa_marca-eurowash","11":"first","12":"instock","13":"taxable","14":"shipping-taxable","15":"purchasable","16":"product-type-simple"},"_links":{"self":[{"href":"https:\/\/www.creaearredanegozi.it\/de\/wp-json\/wp\/v2\/product\/18850","targetHints":{"allow":["GET"]}}],"collection":[{"href":"https:\/\/www.creaearredanegozi.it\/de\/wp-json\/wp\/v2\/product"}],"about":[{"href":"https:\/\/www.creaearredanegozi.it\/de\/wp-json\/wp\/v2\/types\/product"}],"replies":[{"embeddable":true,"href":"https:\/\/www.creaearredanegozi.it\/de\/wp-json\/wp\/v2\/comments?post=18850"}],"wp:featuredmedia":[{"embeddable":true,"href":"https:\/\/www.creaearredanegozi.it\/de\/wp-json\/wp\/v2\/media\/129001"}],"wp:attachment":[{"href":"https:\/\/www.creaearredanegozi.it\/de\/wp-json\/wp\/v2\/media?parent=18850"}],"wp:term":[{"taxonomy":"product_brand","embeddable":true,"href":"https:\/\/www.creaearredanegozi.it\/de\/wp-json\/wp\/v2\/product_brand?post=18850"},{"taxonomy":"product_cat","embeddable":true,"href":"https:\/\/www.creaearredanegozi.it\/de\/wp-json\/wp\/v2\/product_cat?post=18850"},{"taxonomy":"product_tag","embeddable":true,"href":"https:\/\/www.creaearredanegozi.it\/de\/wp-json\/wp\/v2\/product_tag?post=18850"}],"curies":[{"name":"wp","href":"https:\/\/api.w.org\/{rel}","templated":true}]}}