{"id":18874,"date":"2019-02-01T13:46:08","date_gmt":"2019-02-01T12:46:08","guid":{"rendered":"https:\/\/www.creaearredanegozi.it\/?post_type=product&#038;p=18874"},"modified":"2025-02-11T10:07:48","modified_gmt":"2025-02-11T09:07:48","slug":"geschirrspuler-capot-nutzlich-hohe-44-cm-korb-quadratisch-50x50-cm-ew583","status":"publish","type":"product","link":"https:\/\/www.creaearredanegozi.it\/de\/geschirrspuler-capot-nutzlich-hohe-44-cm-korb-quadratisch-50x50-cm-ew583\/","title":{"rendered":"Geschirrsp\u00fcler capot Nutzh\u00f6he 44 cm quadratischer Korb 50\u00d750 cm EW583"},"content":{"rendered":"<p><strong>Geschirrsp\u00fcler mit Deckelh\u00f6he 44 cm, quadratischer Korb 50\u00d750 cm EW583:<\/strong><\/p>\n<div>\n<p>Einwandige Geschirrsp\u00fclmaschinen in Kapot-Bauweise, einwandige Haube, geformte Wanne, Drahtkorbhalterung, hydraulischer Klarsp\u00fclerspender, elektromechanische Schnittstelle.<\/p>\n<p>Gro\u00dfe Vielseitigkeit (Gastronorm- und Euronorm-Schalen k\u00f6nnen gewaschen werden).<\/p>\n<p>Kann in Reihe oder in einem Winkel installiert werden, ohne dass zus\u00e4tzliche Komponenten erforderlich sind.<\/p>\n<\/div>\n<div>\n<p>Das patentierte \u00dcberlaufsystem verbessert die Effizienz des Wasseraustauschs im Tank im Vergleich zum herk\u00f6mmlichen \u00dcberlauf drastisch, indem es ihn von 66% auf 83% erh\u00f6ht; saubereres Wasser bedeutet, dass mit niedrigeren Reinigungsmittelkonzentrationen gearbeitet werden kann.<\/p>\n<\/div>\n<p><strong>Serienm\u00e4\u00dfige Ausstattung:<\/strong><\/p>\n<ul>\n<li>Nr. 1 Quadratischer Korb f\u00fcr Gl\u00e4ser.<\/li>\n<li>Nr. 1 Quadratischer Korb f\u00fcr Geschirr.<\/li>\n<li>Nr. 1 Besteckkorb<\/li>\n<\/ul>\n<p><strong>Technische Daten:<\/strong><\/p>\n<table class=\"table table-striped\">\n<tbody>\n<tr>\n<td>\n<p class=\"dati_tecnici_label_1\"><strong>Modell<\/strong><\/p>\n<\/td>\n<td><b>EW 583<\/b><\/td>\n<\/tr>\n<tr>\n<td><strong>Abmessungen<\/strong><\/td>\n<td align=\"left\">63,5\u00d774,5\u00d7153 cm<\/td>\n<\/tr>\n<tr>\n<td><strong>\u00d6ffnen der T\u00fcr<\/strong><\/td>\n<td align=\"left\">45 cm<\/td>\n<\/tr>\n<tr>\n<td><strong>Max. Plattenh\u00f6he<\/strong><\/td>\n<td align=\"left\">44 cm<\/td>\n<\/tr>\n<tr>\n<td><b>Max. H\u00f6he des Glases<\/b><\/td>\n<td align=\"left\">45,5 cm<\/td>\n<\/tr>\n<tr>\n<td><strong>Waschgang<\/strong><\/td>\n<td align=\"left\">60 - 120 - 150 Sek.<\/td>\n<\/tr>\n<tr>\n<td><b>Korb<\/b><\/td>\n<td align=\"left\">50\u00d750 cm<\/td>\n<\/tr>\n<tr>\n<td><b>Wasserverbrauch<\/b><\/td>\n<td align=\"left\">2,1 l\/Zyklus<\/td>\n<\/tr>\n<tr>\n<td><strong>Waschpumpe<\/strong><\/td>\n<td align=\"left\">0,7 kW<\/td>\n<\/tr>\n<tr>\n<td><b>Wanne<\/b><\/td>\n<td align=\"left\">20 L<\/p>\n<p>2,5 kW<\/p>\n<p>60 \u00b0C<\/td>\n<\/tr>\n<tr>\n<td><b>Kessel<\/b><\/td>\n<td align=\"left\">6 L<\/p>\n<p>8 kW<\/p>\n<p>80 \u00b0C<\/td>\n<\/tr>\n<tr>\n<td><b>Tank-Filter<\/b><\/td>\n<td align=\"left\">Ja<\/td>\n<\/tr>\n<tr>\n<td><b>Peristaltischer Klarsp\u00fclerspender<\/b><\/td>\n<td align=\"left\">Ja<\/td>\n<\/tr>\n<tr>\n<td><b>Installierte Leistung<\/b><\/td>\n<td align=\"left\">230 V - 50 Hz - 3N<\/p>\n<p>Amp. 16<\/p>\n<p>kW 8,7<\/td>\n<\/tr>\n<\/tbody>\n<\/table>\n<p>&nbsp;<\/p>","protected":false},"excerpt":{"rendered":"<p>Lavastoviglie a capot altezza utile 44 cm cesto quadrato 50&#215;50 cm EW583: Lavastoviglie a capot costruita in parete singola, cappa in parete singola, vasca stampata, supporto cesto in filo, dosatore brillantante idraulico, interfaccia elettromeccanica. Grande versatilit\u00e0 (si possono lavare i vassoi Gastronorm ed Euronorm). Installabile in linea o ad angolo senza bisogno di componenti aggiuntivi. [&#8230;]","protected":false},"featured_media":18875,"comment_status":"closed","ping_status":"closed","template":"","meta":{"_monsterinsights_skip_tracking":false,"_monsterinsights_sitenote_active":false,"_monsterinsights_sitenote_note":"","_monsterinsights_sitenote_category":0},"product_brand":[725],"product_cat":[19],"product_tag":[],"class_list":{"0":"post-18874","1":"product","2":"type-product","3":"status-publish","4":"has-post-thumbnail","6":"product_brand-eurowash","7":"product_cat-lavaggio","8":"product_shipping_class-33","9":"pa_marca-eurowash","11":"first","12":"instock","13":"taxable","14":"shipping-taxable","15":"purchasable","16":"product-type-simple"},"_links":{"self":[{"href":"https:\/\/www.creaearredanegozi.it\/de\/wp-json\/wp\/v2\/product\/18874","targetHints":{"allow":["GET"]}}],"collection":[{"href":"https:\/\/www.creaearredanegozi.it\/de\/wp-json\/wp\/v2\/product"}],"about":[{"href":"https:\/\/www.creaearredanegozi.it\/de\/wp-json\/wp\/v2\/types\/product"}],"replies":[{"embeddable":true,"href":"https:\/\/www.creaearredanegozi.it\/de\/wp-json\/wp\/v2\/comments?post=18874"}],"wp:featuredmedia":[{"embeddable":true,"href":"https:\/\/www.creaearredanegozi.it\/de\/wp-json\/wp\/v2\/media\/18875"}],"wp:attachment":[{"href":"https:\/\/www.creaearredanegozi.it\/de\/wp-json\/wp\/v2\/media?parent=18874"}],"wp:term":[{"taxonomy":"product_brand","embeddable":true,"href":"https:\/\/www.creaearredanegozi.it\/de\/wp-json\/wp\/v2\/product_brand?post=18874"},{"taxonomy":"product_cat","embeddable":true,"href":"https:\/\/www.creaearredanegozi.it\/de\/wp-json\/wp\/v2\/product_cat?post=18874"},{"taxonomy":"product_tag","embeddable":true,"href":"https:\/\/www.creaearredanegozi.it\/de\/wp-json\/wp\/v2\/product_tag?post=18874"}],"curies":[{"name":"wp","href":"https:\/\/api.w.org\/{rel}","templated":true}]}}