{"id":19101,"date":"2019-02-08T19:31:25","date_gmt":"2019-02-08T18:31:25","guid":{"rendered":"https:\/\/www.creaearredanegozi.it\/?post_type=product&#038;p=19101"},"modified":"2026-01-26T12:21:49","modified_gmt":"2026-01-26T11:21:49","slug":"gravitationsschneidemesser-25-cm-bkl-250-lux-beckers","status":"publish","type":"product","link":"https:\/\/www.creaearredanegozi.it\/de\/gravitationsschneidemesser-25-cm-bkl-250-lux-beckers\/","title":{"rendered":"Schwerkraftschneidemesser 25 cm BKL 250 LUX Beckers"},"content":{"rendered":"<p><strong>Schwerkraft-Hobelmesser 25 cm Beckers<\/strong><\/p>\n<p>Modell: BKL 250 LUX<\/p>\n<p>Leistung: 160 Watt<br \/>\nGewicht: 15,5 kg<br \/>\nKlinge \u2205 250 mm<br \/>\nAusschnitt: 190\u00d7130 mm<br \/>\nHub des Schlittens: 235 mm<br \/>\nAbmessungen: 390x510x380 mm<br \/>\nAbmessungen der Verpackung: 570x445x400 mm<\/p>\n<p>Rahmen aus lackiertem Aluminiumdruckguss<br \/>\nSchnittst\u00e4rke: 0\u223e15 mm<br \/>\nFester Anspitzer<br \/>\nBel\u00fcfteter Motor<br \/>\nRASSPE-Klinge<br \/>\nDoppelte 24-V-Leuchttaste<br \/>\nSicherheitssteuerger\u00e4t<br \/>\nKn\u00f6pfe und F\u00fc\u00dfe aus Aluminium<br \/>\nTrolley-Schloss<br \/>\nHerkunft: Europ\u00e4ische Gemeinschaft<\/p>\n<hr \/>\n<p style=\"text-align: center;\"><iframe loading=\"lazy\" src=\"https:\/\/www.youtube.com\/embed\/4qHvPGlbV8A\" width=\"560\" height=\"315\" frameborder=\"0\" allowfullscreen=\"allowfullscreen\"><\/iframe><\/p>","protected":false},"excerpt":{"rendered":"<p>Affettatrice a gravit\u00e0 lama 25 cm Beckers Modello: BKL 250 LUX Potenza: 160 Watt Peso: 15,5 Kg Lama \u2205 250 mm Taglio utile: 190&#215;130 mm Corsa carrello: 235 mm Dimensioni: 390x510x380 mm Dimensioni imballo: 570x445x400 mm Telaio in alluminio pressofuso verniciato Spessore taglio: 0\u223e15 mm Affilatoio fisso Motore ventilato Lama RASSPE Doppio pulsante luminoso 24 [&#8230;]","protected":false},"featured_media":122210,"comment_status":"closed","ping_status":"closed","template":"","meta":{"_monsterinsights_skip_tracking":false,"_monsterinsights_sitenote_active":false,"_monsterinsights_sitenote_note":"","_monsterinsights_sitenote_category":0},"product_brand":[641],"product_cat":[51,677,678],"product_tag":[],"class_list":{"0":"post-19101","1":"product","2":"type-product","3":"status-publish","4":"has-post-thumbnail","6":"product_brand-beckers","7":"product_cat-affettatrici","8":"product_cat-affettatrici-professionali","9":"product_cat-affettatrici-salumi","10":"product_shipping_class-206","11":"pa_diametro-lama-250-mm","12":"pa_marca-beckers","13":"pa_tipo-piatto-salumi","14":"pa_versione-elettrica","16":"first","17":"instock","18":"taxable","19":"shipping-taxable","20":"purchasable","21":"product-type-simple"},"_links":{"self":[{"href":"https:\/\/www.creaearredanegozi.it\/de\/wp-json\/wp\/v2\/product\/19101","targetHints":{"allow":["GET"]}}],"collection":[{"href":"https:\/\/www.creaearredanegozi.it\/de\/wp-json\/wp\/v2\/product"}],"about":[{"href":"https:\/\/www.creaearredanegozi.it\/de\/wp-json\/wp\/v2\/types\/product"}],"replies":[{"embeddable":true,"href":"https:\/\/www.creaearredanegozi.it\/de\/wp-json\/wp\/v2\/comments?post=19101"}],"wp:featuredmedia":[{"embeddable":true,"href":"https:\/\/www.creaearredanegozi.it\/de\/wp-json\/wp\/v2\/media\/122210"}],"wp:attachment":[{"href":"https:\/\/www.creaearredanegozi.it\/de\/wp-json\/wp\/v2\/media?parent=19101"}],"wp:term":[{"taxonomy":"product_brand","embeddable":true,"href":"https:\/\/www.creaearredanegozi.it\/de\/wp-json\/wp\/v2\/product_brand?post=19101"},{"taxonomy":"product_cat","embeddable":true,"href":"https:\/\/www.creaearredanegozi.it\/de\/wp-json\/wp\/v2\/product_cat?post=19101"},{"taxonomy":"product_tag","embeddable":true,"href":"https:\/\/www.creaearredanegozi.it\/de\/wp-json\/wp\/v2\/product_tag?post=19101"}],"curies":[{"name":"wp","href":"https:\/\/api.w.org\/{rel}","templated":true}]}}