{"id":19103,"date":"2019-02-08T19:36:56","date_gmt":"2019-02-08T18:36:56","guid":{"rendered":"https:\/\/www.creaearredanegozi.it\/?post_type=product&#038;p=19103"},"modified":"2026-01-26T12:21:50","modified_gmt":"2026-01-26T11:21:50","slug":"schwerkraft-hobelmesser-30-cm-bkl-300-lux-beckers","status":"publish","type":"product","link":"https:\/\/www.creaearredanegozi.it\/de\/schwerkraft-hobelmesser-30-cm-bkl-300-lux-beckers\/","title":{"rendered":"Schwerkraftschneidemesser 300 mm Schr\u00e4gscheibe f\u00fcr Salami BKL 300 LUX Beckers"},"content":{"rendered":"<p><strong>Schwerkraftschneider 30 cm Klinge<\/strong><\/p>\n<p>Ideal zum Schneiden von Aufschnitt, Schinken, Braten, Salami, Mortadella, K\u00e4se und Gem\u00fcse. Hergestellt aus hochwertigen Materialien, robust und einfach zu bedienen.<br \/>\nSorgf\u00e4ltig entworfen f\u00fcr eine ausgezeichnete Reinigung nach dem Gebrauch. Sowohl f\u00fcr den privaten als auch f\u00fcr den professionellen Gebrauch geeignet.<\/p>\n<p><strong>Das LUX-Modell<\/strong> hat zus\u00e4tzlich ALUMINUM-GRIFFE und -F\u00dcSSE und ein KARTENSCHLOSS.<\/p>\n<p>Die <strong>TROLLEY BLOCK<\/strong> ist ein zus\u00e4tzliches Sicherheitsmerkmal f\u00fcr die Profi-Aufschnittmaschine. Das Einsetzen ist sehr einfach und mit wenigen Handgriffen erledigt: Stellen Sie den Drehknopf mit der Skala (1) auf Null, l\u00f6sen Sie die Schraube an der Schlittenwelle (2), schieben Sie den Schlitten ganz zur Bedienerseite, bis Sie ein \"Klick\" h\u00f6ren (3). Dann ist das Segel verriegelt und der Bediener kann die Maschine sicher reinigen.<\/p>\n<p><strong>Anti-Blackout-Kontrolleinheit<\/strong>Im Falle eines Stromausfalls muss die Aufschnittmaschine mit der Netztaste wieder eingeschaltet werden. Diese zus\u00e4tzliche Sicherheit sorgt daf\u00fcr, dass die Maschine nicht automatisch wieder anl\u00e4uft, wenn der Strom wieder eingeschaltet wird, um unangenehme Unf\u00e4lle zu vermeiden.<\/p>\n<p><strong>Motor mit Thermof\u00fchler<\/strong>Wenn das Ger\u00e4t \u00fcberhitzt ist, schaltet es sich ab und muss manuell neu gestartet werden.<\/p>\n<p><strong>KLINGE DER DRITTEN GENERATION<\/strong> Das auf zwei verschiedenen Ebenen entwickelte Profil und das schmale Band minimieren die Ber\u00fchrungsfl\u00e4che des Messers mit dem Produkt, wodurch: Abfall vermieden wird; sehr d\u00fcnne Scheiben geschnitten werden k\u00f6nnen; der Geschmack des Produkts unver\u00e4ndert bleibt, da sich das Messer nicht erhitzt.<\/p>\n<ul>\n<li>Rahmen aus lackiertem Aluminiumdruckguss<\/li>\n<li>Fester Anspitzer<\/li>\n<li>Bel\u00fcfteter Motor<\/li>\n<li>RASSPE-Klinge<\/li>\n<li>Doppelte 24-V-Leuchttaste<\/li>\n<li>Sicherheitssteuerger\u00e4t<\/li>\n<li>Kn\u00f6pfe und F\u00fc\u00dfe aus Aluminium<\/li>\n<li>Trolley-Schloss<\/li>\n<li>Herkunft: Europ\u00e4ische Gemeinschaft<\/li>\n<\/ul>\n<table style=\"border-collapse: collapse; width: 100%;\">\n<tbody>\n<tr>\n<td style=\"width: 50%;\">Modell:<\/td>\n<td style=\"width: 50%;\">BKL 300 LUX<\/td>\n<\/tr>\n<tr>\n<td style=\"width: 50%;\">Macht:<\/td>\n<td style=\"width: 50%;\">230 Watt<\/td>\n<\/tr>\n<tr>\n<td style=\"width: 50%;\">Gewicht:<\/td>\n<td style=\"width: 50%;\">21,5 kg<\/td>\n<\/tr>\n<tr>\n<td style=\"width: 50%;\">Klinge<\/td>\n<td style=\"width: 50%;\">\u2205 300 mm<\/td>\n<\/tr>\n<tr>\n<td style=\"width: 50%;\">N\u00fctzlicher Schnitt:<\/td>\n<td style=\"width: 50%;\">210\u00d7240 mm<\/td>\n<\/tr>\n<tr>\n<td style=\"width: 50%;\">Schnittst\u00e4rke:<\/td>\n<td style=\"width: 50%;\">0\u223e15 mm<\/td>\n<\/tr>\n<tr>\n<td style=\"width: 50%;\">Reisen mit dem Trolley:<\/td>\n<td style=\"width: 50%;\">280 mm<\/td>\n<\/tr>\n<tr>\n<td style=\"width: 50%;\">Abmessungen:<\/td>\n<td style=\"width: 50%;\">450x595x455 mm<\/td>\n<\/tr>\n<\/tbody>\n<\/table>\n<p>&nbsp;<\/p>\n<hr \/>\n<p style=\"text-align: center;\"><iframe loading=\"lazy\" src=\"https:\/\/www.youtube.com\/embed\/4qHvPGlbV8A\" width=\"560\" height=\"315\" frameborder=\"0\" allowfullscreen=\"allowfullscreen\"><\/iframe><\/p>","protected":false},"excerpt":{"rendered":"<p>Affettatrice a gravit\u00e0 lama 30 cm Ideale per il taglio di salumi, prosciutto, arrosti, salame, mortadella, formaggi e verdure. Realizzata con materiali di qualit\u00e0; robusta e di facile utilizzo. Linea curata che consente un\u2019ottima pulizia dopo l\u2019utilizzo. Adatta sia per uso casalingo che professionale. Il modello LUX ha in aggiunta le MANOPOLE ed i PIEDINI [&#8230;]","protected":false},"featured_media":123255,"comment_status":"closed","ping_status":"closed","template":"","meta":{"_monsterinsights_skip_tracking":false,"_monsterinsights_sitenote_active":false,"_monsterinsights_sitenote_note":"","_monsterinsights_sitenote_category":0},"product_brand":[641],"product_cat":[51,677,678],"product_tag":[],"class_list":{"0":"post-19103","1":"product","2":"type-product","3":"status-publish","4":"has-post-thumbnail","6":"product_brand-beckers","7":"product_cat-affettatrici","8":"product_cat-affettatrici-professionali","9":"product_cat-affettatrici-salumi","10":"product_shipping_class-32","11":"pa_diametro-lama-300-mm","12":"pa_marca-beckers","13":"pa_versione-elettrica","15":"first","16":"instock","17":"taxable","18":"shipping-taxable","19":"purchasable","20":"product-type-simple"},"_links":{"self":[{"href":"https:\/\/www.creaearredanegozi.it\/de\/wp-json\/wp\/v2\/product\/19103","targetHints":{"allow":["GET"]}}],"collection":[{"href":"https:\/\/www.creaearredanegozi.it\/de\/wp-json\/wp\/v2\/product"}],"about":[{"href":"https:\/\/www.creaearredanegozi.it\/de\/wp-json\/wp\/v2\/types\/product"}],"replies":[{"embeddable":true,"href":"https:\/\/www.creaearredanegozi.it\/de\/wp-json\/wp\/v2\/comments?post=19103"}],"wp:featuredmedia":[{"embeddable":true,"href":"https:\/\/www.creaearredanegozi.it\/de\/wp-json\/wp\/v2\/media\/123255"}],"wp:attachment":[{"href":"https:\/\/www.creaearredanegozi.it\/de\/wp-json\/wp\/v2\/media?parent=19103"}],"wp:term":[{"taxonomy":"product_brand","embeddable":true,"href":"https:\/\/www.creaearredanegozi.it\/de\/wp-json\/wp\/v2\/product_brand?post=19103"},{"taxonomy":"product_cat","embeddable":true,"href":"https:\/\/www.creaearredanegozi.it\/de\/wp-json\/wp\/v2\/product_cat?post=19103"},{"taxonomy":"product_tag","embeddable":true,"href":"https:\/\/www.creaearredanegozi.it\/de\/wp-json\/wp\/v2\/product_tag?post=19103"}],"curies":[{"name":"wp","href":"https:\/\/api.w.org\/{rel}","templated":true}]}}