{"id":19105,"date":"2019-02-09T09:09:55","date_gmt":"2019-02-09T08:09:55","guid":{"rendered":"https:\/\/www.creaearredanegozi.it\/?post_type=product&#038;p=19105"},"modified":"2025-02-11T17:29:27","modified_gmt":"2025-02-11T16:29:27","slug":"spulmaschinenauszug-nutzlich-hohe-46-cm-50x50-cm-quadratischer-korb-ew-4512","status":"publish","type":"product","link":"https:\/\/www.creaearredanegozi.it\/de\/spulmaschinenauszug-nutzlich-hohe-46-cm-50x50-cm-quadratischer-korb-ew-4512\/","title":{"rendered":"Korbsp\u00fclmaschine Nutzh\u00f6he 46 cm quadratischer Korb 50\u00d750 cm EW 4512"},"content":{"rendered":"<p style=\"text-align: center;\"><strong>Einbaugeschirrsp\u00fcler Nutzh\u00f6he 46 cm Quadratischer Korb 50\u00d750 cm EW 4512:<\/strong><\/p>\n<div>\n<p>Sie sind in zwei Versionen erh\u00e4ltlich, beide mit doppelter Geschwindigkeit und einer Produktivit\u00e4t von 95 oder 125 K\u00f6rben pro Stunde.<\/p>\n<p>Der Wasserverbrauch ist auf 1,9 Liter\/Korb begrenzt, und die spezielle Konstruktion des Sp\u00fclkreislaufs erm\u00f6glicht den Betrieb mit einem Netzdruck von nur einem Bar.<\/p>\n<p>Sie sind \u00e4u\u00dferst kompakt, k\u00f6nnen auch auf engstem Raum installiert werden und verf\u00fcgen \u00fcber eine gro\u00dfe Auswahl an Optionen (Trockentunnel, Dampfkondensat, W\u00e4rmer\u00fcckgewinnung) und Zubeh\u00f6r (Tische, Rollenbahnen, Kurven), so dass die Planer stets einen auf die tats\u00e4chlichen Bed\u00fcrfnisse des Kunden zugeschnittenen Waschbereich entwerfen k\u00f6nnen.<\/p>\n<p>Das bedeutet, dass Sie mit ein paar einfachen Handgriffen die Richtung der Eins\u00e4tze umkehren k\u00f6nnen, von links\/rechts auf rechts\/links. Auf diese Weise passt sich der Geschirrsp\u00fcler im Laufe der Jahre der Entwicklung Ihrer K\u00fcche an, denn Flexibilit\u00e4t ist ein wichtiges Merkmal, das Ihre Investition im Laufe der Zeit sch\u00fctzt.<\/p>\n<p>Erh\u00e4ltlich mit Korbauslass auf der rechten oder linken Seite, bei der Bestellung anzugeben.<\/p>\n<\/div>\n<p><strong>Serienm\u00e4\u00dfige Ausstattung:<\/strong><\/p>\n<ul>\n<li>Nr. 1 Quadratischer Korb f\u00fcr Gl\u00e4ser.<\/li>\n<li>Nr. 1 Quadratischer Korb f\u00fcr Geschirr.<\/li>\n<li>Nr. 1 Besteckkorb<\/li>\n<\/ul>\n<p><strong>Technische Daten:<\/strong><\/p>\n<table class=\"table table-striped\">\n<tbody>\n<tr>\n<td>\n<p class=\"dati_tecnici_label_1\"><strong>Modell<\/strong><\/p>\n<\/td>\n<td><b>EW 4512<\/b><\/td>\n<\/tr>\n<tr>\n<td><strong>Abmessungen<\/strong><\/td>\n<td align=\"left\">77x115x161 cm<\/td>\n<\/tr>\n<tr>\n<td><strong>\u00d6ffnen der T\u00fcr<\/strong><\/td>\n<td align=\"left\">45 cm<\/td>\n<\/tr>\n<tr>\n<td><strong>Max. Plattenh\u00f6he<\/strong><\/td>\n<td align=\"left\">46 cm<\/td>\n<\/tr>\n<tr>\n<td><b>Max. H\u00f6he des Glases<\/b><\/td>\n<td align=\"left\">44 cm<\/td>\n<\/tr>\n<tr>\n<td><strong>Waschgang<\/strong><\/td>\n<td align=\"left\">60 - 120 Sek.<\/td>\n<\/tr>\n<tr>\n<td><b>Korb<\/b><\/td>\n<td align=\"left\">50\u00d750 cm<\/td>\n<\/tr>\n<tr>\n<td><b>Wasserverbrauch<\/b><\/td>\n<td align=\"left\">160 L\/h<\/td>\n<\/tr>\n<tr>\n<td><strong>Waschpumpe<\/strong><\/td>\n<td align=\"left\">1,5 kW<\/td>\n<\/tr>\n<tr>\n<td><b>Wanne<\/b><\/td>\n<td align=\"left\">70 L<\/p>\n<p>10,5 kW<\/p>\n<p>60 \u00b0C<\/td>\n<\/tr>\n<tr>\n<td><b>Kessel<\/b><\/td>\n<td align=\"left\">17 L<\/p>\n<p>9,5 kW<\/p>\n<p>82 \u00b0C<\/td>\n<\/tr>\n<tr>\n<td><b>Komposit-Tankfilter<\/b><\/td>\n<td align=\"left\">Ja<\/td>\n<\/tr>\n<tr>\n<td><b>Installierte Leistung<\/b><\/p>\n<p><strong>maximale Absorption bei Wasserzufuhr bei 50\u00b0C<\/strong><\/td>\n<td align=\"left\">400 V - 50\/60 Hz - 3N<\/p>\n<p>kW 22<\/td>\n<\/tr>\n<tr>\n<td><b>Installierte Leistung<\/b><\/p>\n<p><strong>maximale Absorption bei Wasserzufuhr bei 15\u00b0C<\/strong><\/td>\n<td align=\"left\">400 V - 50 Hz - 3N<\/p>\n<p>kW 28,5<\/td>\n<\/tr>\n<tr>\n<td><b>Installierte Leistung<\/b><\/p>\n<p><strong>maximale Absorption bei Wasserzufuhr bei 15\u00b0C <\/strong><\/p>\n<p><strong>und W\u00e4rmer\u00fcckgewinnungsanlage installiert<\/strong><\/td>\n<td align=\"left\">400 V - 50 Hz - 3N<\/p>\n<p>kW 24,7<\/td>\n<\/tr>\n<\/tbody>\n<\/table>\n<p>&nbsp;<\/p>","protected":false},"excerpt":{"rendered":"<p>Lavastoviglie a traino altezza utile 46 cm cesto quadrato 50&#215;50 cm EW 4512: Sono disponibili in due versioni entrambe a doppia velocit\u00e0 con produttivit\u00e0 di 95 o 125 cesti\/ora. Il consumo di acqua \u00e8 limitato 1,9 lt\/cesto e la particolare conformazione del circuito di risciacquo rende possibile operare con pressione di rete anche di un [&#8230;]","protected":false},"featured_media":122325,"comment_status":"closed","ping_status":"closed","template":"","meta":{"_monsterinsights_skip_tracking":false,"_monsterinsights_sitenote_active":false,"_monsterinsights_sitenote_note":"","_monsterinsights_sitenote_category":0},"product_brand":[725],"product_cat":[19],"product_tag":[],"class_list":{"0":"post-19105","1":"product","2":"type-product","3":"status-publish","4":"has-post-thumbnail","6":"product_brand-eurowash","7":"product_cat-lavaggio","8":"product_shipping_class-m","9":"pa_marca-eurowash","11":"first","12":"instock","13":"taxable","14":"shipping-taxable","15":"purchasable","16":"product-type-simple"},"_links":{"self":[{"href":"https:\/\/www.creaearredanegozi.it\/de\/wp-json\/wp\/v2\/product\/19105","targetHints":{"allow":["GET"]}}],"collection":[{"href":"https:\/\/www.creaearredanegozi.it\/de\/wp-json\/wp\/v2\/product"}],"about":[{"href":"https:\/\/www.creaearredanegozi.it\/de\/wp-json\/wp\/v2\/types\/product"}],"replies":[{"embeddable":true,"href":"https:\/\/www.creaearredanegozi.it\/de\/wp-json\/wp\/v2\/comments?post=19105"}],"wp:featuredmedia":[{"embeddable":true,"href":"https:\/\/www.creaearredanegozi.it\/de\/wp-json\/wp\/v2\/media\/122325"}],"wp:attachment":[{"href":"https:\/\/www.creaearredanegozi.it\/de\/wp-json\/wp\/v2\/media?parent=19105"}],"wp:term":[{"taxonomy":"product_brand","embeddable":true,"href":"https:\/\/www.creaearredanegozi.it\/de\/wp-json\/wp\/v2\/product_brand?post=19105"},{"taxonomy":"product_cat","embeddable":true,"href":"https:\/\/www.creaearredanegozi.it\/de\/wp-json\/wp\/v2\/product_cat?post=19105"},{"taxonomy":"product_tag","embeddable":true,"href":"https:\/\/www.creaearredanegozi.it\/de\/wp-json\/wp\/v2\/product_tag?post=19105"}],"curies":[{"name":"wp","href":"https:\/\/api.w.org\/{rel}","templated":true}]}}