{"id":19114,"date":"2019-02-09T10:16:09","date_gmt":"2019-02-09T09:16:09","guid":{"rendered":"https:\/\/www.creaearredanegozi.it\/?post_type=product&#038;p=19114"},"modified":"2025-02-11T10:19:52","modified_gmt":"2025-02-11T09:19:52","slug":"waschkorbe-nutzhohe-65-cm-quadratischer-korb-56x63-cm-ew-3102","status":"publish","type":"product","link":"https:\/\/www.creaearredanegozi.it\/de\/waschkorbe-nutzhohe-65-cm-quadratischer-korb-56x63-cm-ew-3102\/","title":{"rendered":"Korbwaschmaschine Nutzh\u00f6he 65 cm Quadratischer Korb 56\u00d763 cm EW 3102"},"content":{"rendered":"<p><strong>Waschmaschine-Geschirrsp\u00fcler Nutzh\u00f6he 65 cm quadratischer Korb 56\u00d763 cm EW 3102:<\/strong><\/p>\n<div>\n<p>Die eurowash ist eine vielseitige und effiziente Maschine, die f\u00fcr das Waschen von Backblechen, Planetenblechen und sogar gro\u00dfen T\u00f6pfen und Pfannen entwickelt wurde.<br \/>\nVier w\u00e4hlbare Waschzyklen von 2 bis 8 Minuten und der Endloszyklus erm\u00f6glichen die Anpassung der Waschdauer an die Art der zu behandelnden Verschmutzung. Optional sind Halterungen zum Waschen von Backblechen, Geb\u00e4cktrichtern, Abschlussblechen und kleinen Utensilien erh\u00e4ltlich.<\/p>\n<\/div>\n<p><strong>Serienm\u00e4\u00dfige Ausstattung:<\/strong><\/p>\n<ul>\n<li>Nr. 1 Korb 56\u00d763 cm aus Edelstahl<\/li>\n<\/ul>\n<p><strong>Technische Daten:<\/strong><\/p>\n<table class=\"table table-striped\">\n<tbody>\n<tr>\n<td><strong>Modell<\/strong><\/td>\n<td><b>EW 3102<\/b><\/td>\n<\/tr>\n<tr>\n<td><strong>Abmessungen<\/strong><\/td>\n<td align=\"left\">72x78x170 cm<\/td>\n<\/tr>\n<tr>\n<td><strong>\u00d6ffnen der T\u00fcr<\/strong><\/td>\n<td align=\"left\">65 cm<\/td>\n<\/tr>\n<tr>\n<td><strong>Waschgang<\/strong><\/td>\n<td align=\"left\">min. 2 - 4 - 8 - \u221e<\/td>\n<\/tr>\n<tr>\n<td><b>Korb<\/b><\/td>\n<td align=\"left\">56\u00d763 cm<\/td>\n<\/tr>\n<tr>\n<td><b>Wasserverbrauch<\/b><\/td>\n<td align=\"left\">4 L\/Zyklus<\/td>\n<\/tr>\n<tr>\n<td><strong>Waschpumpe<\/strong><\/td>\n<td align=\"left\">1,5 kW<\/td>\n<\/tr>\n<tr>\n<td><b>Wanne<\/b><\/td>\n<td align=\"left\">37 L<\/p>\n<p>3 kW<\/p>\n<p>55 \u00b0C<\/td>\n<\/tr>\n<tr>\n<td><b>Kessel<\/b><\/td>\n<td align=\"left\">5 L<\/p>\n<p>6 kW<\/p>\n<p>80 \u00b0C<\/td>\n<\/tr>\n<tr>\n<td><b>Tank-Filter<\/b><\/td>\n<td align=\"left\">Ja<\/td>\n<\/tr>\n<tr>\n<td><b>Installierte Leistung<\/b><\/td>\n<td align=\"left\">400 V - 50\/60 Hz - 3N<\/p>\n<p>Amp. 16<\/p>\n<p>kW 7,5<\/td>\n<\/tr>\n<\/tbody>\n<\/table>\n<p>&nbsp;<\/p>","protected":false},"excerpt":{"rendered":"<p>Lavaoggetti altezza utile 65 cm cesto quadrato 56&#215;63 cm EW 3102: La lavaoggetti di eurowash \u00e8 una macchina versatile ed efficace, pensata per i lavaggio di teglie da forno, vasche di planetarie, pentole anche di grandi dimensioni. Quattro cicli di lavaggio selezionabili da 2 a 8 minuti e il ciclo infinito, permettono di adattare la [&#8230;]","protected":false},"featured_media":122319,"comment_status":"closed","ping_status":"closed","template":"","meta":{"_monsterinsights_skip_tracking":false,"_monsterinsights_sitenote_active":false,"_monsterinsights_sitenote_note":"","_monsterinsights_sitenote_category":0},"product_brand":[725],"product_cat":[19],"product_tag":[],"class_list":{"0":"post-19114","1":"product","2":"type-product","3":"status-publish","4":"has-post-thumbnail","6":"product_brand-eurowash","7":"product_cat-lavaggio","8":"product_shipping_class-i","9":"pa_marca-eurowash","11":"first","12":"instock","13":"taxable","14":"shipping-taxable","15":"purchasable","16":"product-type-simple"},"_links":{"self":[{"href":"https:\/\/www.creaearredanegozi.it\/de\/wp-json\/wp\/v2\/product\/19114","targetHints":{"allow":["GET"]}}],"collection":[{"href":"https:\/\/www.creaearredanegozi.it\/de\/wp-json\/wp\/v2\/product"}],"about":[{"href":"https:\/\/www.creaearredanegozi.it\/de\/wp-json\/wp\/v2\/types\/product"}],"replies":[{"embeddable":true,"href":"https:\/\/www.creaearredanegozi.it\/de\/wp-json\/wp\/v2\/comments?post=19114"}],"wp:featuredmedia":[{"embeddable":true,"href":"https:\/\/www.creaearredanegozi.it\/de\/wp-json\/wp\/v2\/media\/122319"}],"wp:attachment":[{"href":"https:\/\/www.creaearredanegozi.it\/de\/wp-json\/wp\/v2\/media?parent=19114"}],"wp:term":[{"taxonomy":"product_brand","embeddable":true,"href":"https:\/\/www.creaearredanegozi.it\/de\/wp-json\/wp\/v2\/product_brand?post=19114"},{"taxonomy":"product_cat","embeddable":true,"href":"https:\/\/www.creaearredanegozi.it\/de\/wp-json\/wp\/v2\/product_cat?post=19114"},{"taxonomy":"product_tag","embeddable":true,"href":"https:\/\/www.creaearredanegozi.it\/de\/wp-json\/wp\/v2\/product_tag?post=19114"}],"curies":[{"name":"wp","href":"https:\/\/api.w.org\/{rel}","templated":true}]}}