{"id":19119,"date":"2019-02-09T10:48:21","date_gmt":"2019-02-09T09:48:21","guid":{"rendered":"https:\/\/www.creaearredanegozi.it\/?post_type=product&#038;p=19119"},"modified":"2025-02-11T17:35:11","modified_gmt":"2025-02-11T16:35:11","slug":"waschkorbe-nutzhohe-40-cm-quadratischer-korb-50x60-cm-ew-3101","status":"publish","type":"product","link":"https:\/\/www.creaearredanegozi.it\/de\/waschkorbe-nutzhohe-40-cm-quadratischer-korb-50x60-cm-ew-3101\/","title":{"rendered":"Korbwaschmaschine Nutzh\u00f6he 40 cm Quadratischer Korb 50\u00d760 cm EW 3101"},"content":{"rendered":"<p><strong>Korbwaschmaschine H\u00f6he 85 cm quadratischer Korb 70\u00d770 cm EW 3101:<\/strong><\/p>\n<div>\n<p>Hier handelt es sich um eine Universalwaschmaschine, die besonders f\u00fcr die Gastronomie und das Catering geeignet ist.<br \/>\nDank des fortschrittlichen elektronischen Headers ist er einfach zu bedienen, wird mit einem einzigen Knopfdruck bet\u00e4tigt und ist mit leuchtenden und akustischen Warnsignalen zum Ende des Zyklus ausgestattet.<br \/>\nVier Waschzyklen von 2 bis 8 Minuten und der Endloszyklus sorgen f\u00fcr maximale Flexibilit\u00e4t. Au\u00dferdem gibt es einen abschlie\u00dfenden Selbstreinigungszyklus, der den Aufwand f\u00fcr die m\u00fchsame Reinigung der Maschine am Ende des Tages auf nahezu Null reduziert.<br \/>\nEs ist eine Version mit elektronisch gesteuerten Klarsp\u00fcler- und Waschmittelspendern erh\u00e4ltlich.<\/p>\n<\/div>\n<p><strong>Serienm\u00e4\u00dfige Ausstattung:<\/strong><\/p>\n<ul>\n<li>Nr. 1 Korb aus rostfreiem Stahl 50\u00d760 cm<\/li>\n<\/ul>\n<p><strong>Technische Daten:<\/strong><\/p>\n<table class=\"table table-striped\">\n<tbody>\n<tr style=\"height: 50px;\">\n<td style=\"height: 50px;\"><strong>Modell<\/strong><\/td>\n<td><b>EW 3101<\/b><\/td>\n<\/tr>\n<tr>\n<td><strong>Abmessungen<\/strong><\/td>\n<td>60x70x129 cm<\/td>\n<\/tr>\n<tr>\n<td><strong>\u00d6ffnen der T\u00fcr<\/strong><\/td>\n<td>40,5 cm<\/td>\n<\/tr>\n<tr>\n<td><strong>Waschgang<\/strong><\/td>\n<td>min. 2 - 4 - 8 - \u221e<\/td>\n<\/tr>\n<tr>\n<td><b>Korb<\/b><\/td>\n<td>50\u00d760 cm<\/td>\n<\/tr>\n<tr>\n<td><b>Wasserverbrauch<\/b><\/td>\n<td>4 L\/Zyklus<\/td>\n<\/tr>\n<tr style=\"height: 21px;\">\n<td style=\"height: 21px;\"><strong>Waschpumpe<\/strong><\/td>\n<td style=\"height: 21px;\" align=\"left\">0,7 kW<\/td>\n<\/tr>\n<tr style=\"height: 43px;\">\n<td style=\"height: 43px;\"><strong>Pumpe zum Sp\u00fclen<\/strong><\/td>\n<td style=\"height: 43px;\" align=\"left\">0,2 kW<\/td>\n<\/tr>\n<tr style=\"height: 122px;\">\n<td style=\"height: 122px;\"><b>Wanne<\/b><\/td>\n<td style=\"height: 122px;\" align=\"left\">23 L<\/p>\n<p>2,1 kW<\/p>\n<p>60 \u00b0C<\/td>\n<\/tr>\n<tr style=\"height: 122px;\">\n<td style=\"height: 122px;\"><b>Kessel<\/b><\/td>\n<td style=\"height: 122px;\" align=\"left\">7 L<\/p>\n<p>6 kW<\/p>\n<p>80 \u00b0C<\/td>\n<\/tr>\n<tr style=\"height: 21px;\">\n<td style=\"height: 21px;\"><b>Tank-Filter<\/b><\/td>\n<td style=\"height: 21px;\" align=\"left\">Ja, aus Verbundwerkstoff<\/td>\n<\/tr>\n<tr style=\"height: 144px;\">\n<td style=\"height: 144px;\"><b>Standard-Stromversorgung\u00a0<\/b><\/td>\n<td style=\"height: 144px;\" align=\"left\">400 V - 50 Hz - 3N<\/p>\n<p>Amp. 16<\/p>\n<p>kW 6,7<\/p>\n<p><em>(60 Hz auf Anfrage)<\/em><\/td>\n<\/tr>\n<\/tbody>\n<\/table>\n<p>&nbsp;<\/p>","protected":false},"excerpt":{"rendered":"<p>Lavaoggetti altezza utile 85 cm cesto quadrato 70&#215;70 cm EW 3101: Ecco una lavaoggetti di impiego generale, particolarmente adatta alla gastronomia ed alla ristorazione. Facile da usare grazie alla testiera elettronica di tipo avanzato, si comanda con la pressione di un solo tasto ed \u00e8 dotata di avvisatori luminoso e sonoro della fine del ciclo. [&#8230;]","protected":false},"featured_media":122316,"comment_status":"closed","ping_status":"closed","template":"","meta":{"_monsterinsights_skip_tracking":false,"_monsterinsights_sitenote_active":false,"_monsterinsights_sitenote_note":"","_monsterinsights_sitenote_category":0},"product_brand":[725],"product_cat":[19],"product_tag":[],"class_list":{"0":"post-19119","1":"product","2":"type-product","3":"status-publish","4":"has-post-thumbnail","6":"product_brand-eurowash","7":"product_cat-lavaggio","8":"product_shipping_class-i","9":"pa_marca-eurowash","11":"first","12":"instock","13":"taxable","14":"shipping-taxable","15":"purchasable","16":"product-type-simple"},"_links":{"self":[{"href":"https:\/\/www.creaearredanegozi.it\/de\/wp-json\/wp\/v2\/product\/19119","targetHints":{"allow":["GET"]}}],"collection":[{"href":"https:\/\/www.creaearredanegozi.it\/de\/wp-json\/wp\/v2\/product"}],"about":[{"href":"https:\/\/www.creaearredanegozi.it\/de\/wp-json\/wp\/v2\/types\/product"}],"replies":[{"embeddable":true,"href":"https:\/\/www.creaearredanegozi.it\/de\/wp-json\/wp\/v2\/comments?post=19119"}],"wp:featuredmedia":[{"embeddable":true,"href":"https:\/\/www.creaearredanegozi.it\/de\/wp-json\/wp\/v2\/media\/122316"}],"wp:attachment":[{"href":"https:\/\/www.creaearredanegozi.it\/de\/wp-json\/wp\/v2\/media?parent=19119"}],"wp:term":[{"taxonomy":"product_brand","embeddable":true,"href":"https:\/\/www.creaearredanegozi.it\/de\/wp-json\/wp\/v2\/product_brand?post=19119"},{"taxonomy":"product_cat","embeddable":true,"href":"https:\/\/www.creaearredanegozi.it\/de\/wp-json\/wp\/v2\/product_cat?post=19119"},{"taxonomy":"product_tag","embeddable":true,"href":"https:\/\/www.creaearredanegozi.it\/de\/wp-json\/wp\/v2\/product_tag?post=19119"}],"curies":[{"name":"wp","href":"https:\/\/api.w.org\/{rel}","templated":true}]}}