{"id":19215,"date":"2019-02-10T17:15:11","date_gmt":"2019-02-10T16:15:11","guid":{"rendered":"https:\/\/www.creaearredanegozi.it\/?post_type=product&#038;p=19215"},"modified":"2025-12-03T20:39:18","modified_gmt":"2025-12-03T19:39:18","slug":"professioneller-servicewagen-massivholz-3-etagen-plaxiglas-kuppel-110x55x114-cm-furcar-clc-2013","status":"publish","type":"product","link":"https:\/\/www.creaearredanegozi.it\/de\/professioneller-servicewagen-massivholz-3-etagen-plaxiglas-kuppel-110x55x114-cm-furcar-clc-2013\/","title":{"rendered":"Professioneller Servierwagen Massivholz 3 Etagen Plaxiglas Kuppel 110x55x114 cm Forcar CLC 2013"},"content":{"rendered":"<h3>Professioneller Servierwagen Massivholz 3 Etagen Plaxiglas Kuppel 110x55x114 cm Forcar<\/h3>\n<p>Servierwagen aus Holz mit Kuppel CLC2013 Nussbaum \/ CLC 2012W Wenge \/ CLC 2012B Wei\u00df \/ CLC 2012N Schwarz<\/p>\n<ul>\n<li>Struktur aus Massivholz.<\/li>\n<li>Holzwagen f\u00fcr Desserts, K\u00e4se und Vorspeisen.<\/li>\n<li>Mehrschichtige Birkenb\u00f6den.<\/li>\n<li>Halbkreisf\u00f6rmige Plexiglaskuppel, die an zwei Seiten ge\u00f6ffnet werden kann.<\/li>\n<li>In der oberen Etage integrierte Schiebegriffe.<\/li>\n<li>Auffanggel\u00e4nder in den unteren Stockwerken.<\/li>\n<li class=\"p1\">Die Wagen sind in Nussbaum, Wenge, Wei\u00df und Schwarz erh\u00e4ltlich.<\/li>\n<li class=\"p1\">Standardm\u00e4\u00dfig verchromte Mehrrichtungsr\u00e4der \u00f8 95 mm. Achtung Wagen mit optionalen Noppenrollen auf dem Foto.<\/li>\n<li>\u00c4u\u00dfere Abmessungen: <b>110x55x114h cm.<\/b><\/li>\n<\/ul>\n<p>Optional<\/p>\n<ul>\n<li>4 R\u00e4der mit verchromter oder vermessingter Kappe<\/li>\n<li>Versenkbares Tellerregal<\/li>\n<li>Besteckschublade mit 3 F\u00e4chern.<\/li>\n<\/ul>\n<p><img decoding=\"async\" class=\"alignnone size-full wp-image-122785\" src=\"https:\/\/www.creaearredanegozi.it\/wp-content\/uploads\/2019\/02\/reggipiattoportaposate.jpg\" alt=\"\" width=\"310\" height=\"230\" title=\"\" srcset=\"https:\/\/www.creaearredanegozi.it\/wp-content\/uploads\/2019\/02\/reggipiattoportaposate.jpg 310w, https:\/\/www.creaearredanegozi.it\/wp-content\/uploads\/2019\/02\/reggipiattoportaposate-64x47.jpg 64w\" sizes=\"(max-width: 310px) 100vw, 310px\" \/> <img decoding=\"async\" class=\"alignnone size-full wp-image-122769\" src=\"https:\/\/www.creaearredanegozi.it\/wp-content\/uploads\/2019\/02\/4-ruote-forcar-mini.jpg\" alt=\"\" width=\"350\" height=\"270\" title=\"\" srcset=\"https:\/\/www.creaearredanegozi.it\/wp-content\/uploads\/2019\/02\/4-ruote-forcar-mini.jpg 350w, https:\/\/www.creaearredanegozi.it\/wp-content\/uploads\/2019\/02\/4-ruote-forcar-mini-64x49.jpg 64w\" sizes=\"(max-width: 350px) 100vw, 350px\" \/><\/p>","protected":false},"excerpt":{"rendered":"<p>Carrello di Servizio Professionale Legno Massello 3 Ripiani Cupola Plaxiglass 110x55x114 cm Forcar Carrello di servizio in legno con cupola CLC2013 Noce \/ CLC 2012W Weng\u00e9 \/ CLC 2012B Bianco \/ CLC 2012N Nero Struttura in legno massello. Carrello per dolci, formaggi e antipasti in legno. Ripiani in multistrato di betulla. Cupola semicircolare in plexiglass [&#8230;]","protected":false},"featured_media":127104,"comment_status":"closed","ping_status":"closed","template":"","meta":{"_monsterinsights_skip_tracking":false,"_monsterinsights_sitenote_active":false,"_monsterinsights_sitenote_note":"","_monsterinsights_sitenote_category":0},"product_brand":[624],"product_cat":[276,29],"product_tag":[],"class_list":{"0":"post-19215","1":"product","2":"type-product","3":"status-publish","4":"has-post-thumbnail","6":"product_brand-forcar","7":"product_cat-carrelli-di-servizio","8":"product_cat-cesteria-e-carrelli","9":"product_shipping_class-d","10":"pa_marca-forcar","12":"first","13":"instock","14":"sale","15":"taxable","16":"shipping-taxable","17":"purchasable","18":"product-type-variable"},"_links":{"self":[{"href":"https:\/\/www.creaearredanegozi.it\/de\/wp-json\/wp\/v2\/product\/19215","targetHints":{"allow":["GET"]}}],"collection":[{"href":"https:\/\/www.creaearredanegozi.it\/de\/wp-json\/wp\/v2\/product"}],"about":[{"href":"https:\/\/www.creaearredanegozi.it\/de\/wp-json\/wp\/v2\/types\/product"}],"replies":[{"embeddable":true,"href":"https:\/\/www.creaearredanegozi.it\/de\/wp-json\/wp\/v2\/comments?post=19215"}],"wp:featuredmedia":[{"embeddable":true,"href":"https:\/\/www.creaearredanegozi.it\/de\/wp-json\/wp\/v2\/media\/127104"}],"wp:attachment":[{"href":"https:\/\/www.creaearredanegozi.it\/de\/wp-json\/wp\/v2\/media?parent=19215"}],"wp:term":[{"taxonomy":"product_brand","embeddable":true,"href":"https:\/\/www.creaearredanegozi.it\/de\/wp-json\/wp\/v2\/product_brand?post=19215"},{"taxonomy":"product_cat","embeddable":true,"href":"https:\/\/www.creaearredanegozi.it\/de\/wp-json\/wp\/v2\/product_cat?post=19215"},{"taxonomy":"product_tag","embeddable":true,"href":"https:\/\/www.creaearredanegozi.it\/de\/wp-json\/wp\/v2\/product_tag?post=19215"}],"curies":[{"name":"wp","href":"https:\/\/api.w.org\/{rel}","templated":true}]}}