{"id":19239,"date":"2019-02-10T18:27:20","date_gmt":"2019-02-10T17:27:20","guid":{"rendered":"https:\/\/www.creaearredanegozi.it\/?post_type=product&#038;p=19239"},"modified":"2025-12-03T20:39:18","modified_gmt":"2025-12-03T19:39:18","slug":"professioneller-servicewagen-aus-holz-2-etagen-und-4-rader-106x55x85-cm-furcar-cl-2001-w","status":"publish","type":"product","link":"https:\/\/www.creaearredanegozi.it\/de\/professioneller-servicewagen-aus-holz-2-etagen-und-4-rader-106x55x85-cm-furcar-cl-2001-w\/","title":{"rendered":"Professioneller Servierwagen aus Holz 2 Etagen und 4 R\u00e4der 106x55x85 cm Forcar CL 2001"},"content":{"rendered":"<h3>Professioneller Servierwagen aus Holz 2 Etagen und 4 R\u00e4der 106x55x85 cm Forcar<\/h3>\n<p><strong>CL 2001 Walnuss \/ CL 2001 CA Carbon Service-Wagen aus Holz<\/strong><\/p>\n<ul>\n<li class=\"p1\">Rahmen aus Birkensperrholz.<\/li>\n<li class=\"p1\">2 furnierte Einlegeb\u00f6den<\/li>\n<li>Massivholz-Rahmen.<\/li>\n<li>Erh\u00e4ltlich in den Farben Walnuss und Carbon.<\/li>\n<li>Maximale Belastung 80 kg.<\/li>\n<li class=\"p1\">4 multidirektionale gummibeschichtete R\u00e4der \u00f8 95 mm.<\/li>\n<li>\u00c4u\u00dfere Abmessungen: <strong>106<\/strong><b>x55x85h cm.<\/b><\/li>\n<\/ul>\n<p>Optional<\/p>\n<ul>\n<li>4 R\u00e4der mit verchromter oder vermessingter Kappe.<\/li>\n<li>Eisbox Carbon oder Nussbaum: Holzstruktur mit Wanne und Gitter aus rostfreiem Stahl, Kuppel aus Plexiglas, ausgestattet mit 8 eutektischen Beh\u00e4ltern. Ma\u00dfe: 90\u00d748,5\u00d723(h) cm.<\/li>\n<li>Kuppel Carbon oder Nussbaum: Vitrine mit Holzrahmen und Plexiglas-Kuppel 90x50x22(h) cm.<\/li>\n<li>Versenkbare Tellerablage.<\/li>\n<li>Besteckschublade mit 3 F\u00e4chern.<\/li>\n<\/ul>\n<p style=\"text-align: center;\"><img decoding=\"async\" class=\"size-full wp-image-122769 aligncenter\" src=\"https:\/\/www.creaearredanegozi.it\/wp-content\/uploads\/2019\/02\/4-ruote-forcar-mini.jpg\" alt=\"\" width=\"350\" height=\"270\" title=\"\" srcset=\"https:\/\/www.creaearredanegozi.it\/wp-content\/uploads\/2019\/02\/4-ruote-forcar-mini.jpg 350w, https:\/\/www.creaearredanegozi.it\/wp-content\/uploads\/2019\/02\/4-ruote-forcar-mini-64x49.jpg 64w\" sizes=\"(max-width: 350px) 100vw, 350px\" \/> \u00a0<img decoding=\"async\" class=\"alignnone size-full wp-image-122783\" src=\"https:\/\/www.creaearredanegozi.it\/wp-content\/uploads\/2019\/02\/cupola.jpg\" alt=\"\" width=\"464\" height=\"400\" title=\"\" srcset=\"https:\/\/www.creaearredanegozi.it\/wp-content\/uploads\/2019\/02\/cupola.jpg 464w, https:\/\/www.creaearredanegozi.it\/wp-content\/uploads\/2019\/02\/cupola-64x55.jpg 64w\" sizes=\"(max-width: 464px) 100vw, 464px\" \/> <img decoding=\"async\" class=\"size-full wp-image-122784 aligncenter\" src=\"https:\/\/www.creaearredanegozi.it\/wp-content\/uploads\/2019\/02\/espositore-ghiacciaia.jpg\" alt=\"\" width=\"464\" height=\"400\" title=\"\" srcset=\"https:\/\/www.creaearredanegozi.it\/wp-content\/uploads\/2019\/02\/espositore-ghiacciaia.jpg 464w, https:\/\/www.creaearredanegozi.it\/wp-content\/uploads\/2019\/02\/espositore-ghiacciaia-64x55.jpg 64w\" sizes=\"(max-width: 464px) 100vw, 464px\" \/><img decoding=\"async\" class=\"alignnone size-full wp-image-122785\" src=\"https:\/\/www.creaearredanegozi.it\/wp-content\/uploads\/2019\/02\/reggipiattoportaposate.jpg\" alt=\"\" width=\"310\" height=\"230\" title=\"\" srcset=\"https:\/\/www.creaearredanegozi.it\/wp-content\/uploads\/2019\/02\/reggipiattoportaposate.jpg 310w, https:\/\/www.creaearredanegozi.it\/wp-content\/uploads\/2019\/02\/reggipiattoportaposate-64x47.jpg 64w\" sizes=\"(max-width: 310px) 100vw, 310px\" \/><\/p>","protected":false},"excerpt":{"rendered":"<p>Carrello di Servizio Professionale in Legno 2 Ripiani e 4 Ruote 106x55x85 cm Forcar Carrello di servizio in legno CL 2001 Noce \/ CL 2001 CA Carbon Struttura in legno multistrato di betulla. 2 Ripiani in nobilitato Cornice perimetrale in legno massello. Disponibili nei colori Noce e Carbon. Carico massimo 80 kg. 4 ruote multidirezionali [&#8230;]","protected":false},"featured_media":127085,"comment_status":"closed","ping_status":"closed","template":"","meta":{"_monsterinsights_skip_tracking":false,"_monsterinsights_sitenote_active":false,"_monsterinsights_sitenote_note":"","_monsterinsights_sitenote_category":0},"product_brand":[624],"product_cat":[276,29],"product_tag":[],"class_list":{"0":"post-19239","1":"product","2":"type-product","3":"status-publish","4":"has-post-thumbnail","6":"product_brand-forcar","7":"product_cat-carrelli-di-servizio","8":"product_cat-cesteria-e-carrelli","9":"product_shipping_class-206","10":"pa_marca-forcar","12":"first","13":"instock","14":"sale","15":"taxable","16":"shipping-taxable","17":"purchasable","18":"product-type-variable"},"_links":{"self":[{"href":"https:\/\/www.creaearredanegozi.it\/de\/wp-json\/wp\/v2\/product\/19239","targetHints":{"allow":["GET"]}}],"collection":[{"href":"https:\/\/www.creaearredanegozi.it\/de\/wp-json\/wp\/v2\/product"}],"about":[{"href":"https:\/\/www.creaearredanegozi.it\/de\/wp-json\/wp\/v2\/types\/product"}],"replies":[{"embeddable":true,"href":"https:\/\/www.creaearredanegozi.it\/de\/wp-json\/wp\/v2\/comments?post=19239"}],"wp:featuredmedia":[{"embeddable":true,"href":"https:\/\/www.creaearredanegozi.it\/de\/wp-json\/wp\/v2\/media\/127085"}],"wp:attachment":[{"href":"https:\/\/www.creaearredanegozi.it\/de\/wp-json\/wp\/v2\/media?parent=19239"}],"wp:term":[{"taxonomy":"product_brand","embeddable":true,"href":"https:\/\/www.creaearredanegozi.it\/de\/wp-json\/wp\/v2\/product_brand?post=19239"},{"taxonomy":"product_cat","embeddable":true,"href":"https:\/\/www.creaearredanegozi.it\/de\/wp-json\/wp\/v2\/product_cat?post=19239"},{"taxonomy":"product_tag","embeddable":true,"href":"https:\/\/www.creaearredanegozi.it\/de\/wp-json\/wp\/v2\/product_tag?post=19239"}],"curies":[{"name":"wp","href":"https:\/\/api.w.org\/{rel}","templated":true}]}}