{"id":19247,"date":"2019-02-10T18:49:12","date_gmt":"2019-02-10T17:49:12","guid":{"rendered":"https:\/\/www.creaearredanegozi.it\/?post_type=product&#038;p=19247"},"modified":"2025-12-03T20:39:19","modified_gmt":"2025-12-03T19:39:19","slug":"professioneller-servierwagen-aus-holz-3-etagen-und-4-rader-106x55x85-cm-furcar-cl-2151-w","status":"publish","type":"product","link":"https:\/\/www.creaearredanegozi.it\/de\/professioneller-servierwagen-aus-holz-3-etagen-und-4-rader-106x55x85-cm-furcar-cl-2151-w\/","title":{"rendered":"Professioneller Servierwagen aus Holz 3 Etagen und 4 R\u00e4der 106x55x85 cm Forcar CL 2151"},"content":{"rendered":"<h2>Professioneller h\u00f6lzerner Servierwagen mit 3 Ablagen und 4 R\u00e4dern Forcar<\/h2>\n<p><strong>CL 2151 Nussbaum \/ CL 2151 CA Carbon Service-Wagen aus Holz<\/strong><\/p>\n<ul>\n<li class=\"p1\">Rahmen aus Birkensperrholz.<\/li>\n<li class=\"p1\">\u00a0Furnierte Regale.<\/li>\n<li>Perimeterrahmen und Griff aus Massivholz.<\/li>\n<li>Erh\u00e4ltlich in den Farben Walnuss und Carbon.<\/li>\n<li class=\"p1\">4 verchromte Mehrrichtungsr\u00e4der \u00f8 95 mm als Standard.<\/li>\n<li>\u00c4u\u00dfere Abmessungen: <strong>106<\/strong><b>x55x85h cm.<\/b><\/li>\n<\/ul>\n<p>Optional<\/p>\n<ul>\n<li>4 R\u00e4der mit verchromter oder vermessingter Kappe.<\/li>\n<li>Eisschrank aus Carbon oder Nussbaum: Holzstruktur mit Wanne und Gitter aus Edelstahl, Plexiglas-Kuppel, ausgestattet mit 8 eutektischen Beh\u00e4ltern 90\u00d748,5\u00d723(h) cm.<\/li>\n<li>Kuppel: Vitrine mit Holzrahmen und Plexiglas-Kuppel 90x50x22(h) cm.<\/li>\n<li>Versenkbare Tellerablage.<\/li>\n<li>Besteckschublade mit 3 F\u00e4chern.<\/li>\n<\/ul>\n<p style=\"text-align: center;\"><img decoding=\"async\" class=\"size-full wp-image-122769 aligncenter\" src=\"https:\/\/www.creaearredanegozi.it\/wp-content\/uploads\/2019\/02\/4-ruote-forcar-mini.jpg\" alt=\"\" width=\"350\" height=\"270\" title=\"\" srcset=\"https:\/\/www.creaearredanegozi.it\/wp-content\/uploads\/2019\/02\/4-ruote-forcar-mini.jpg 350w, https:\/\/www.creaearredanegozi.it\/wp-content\/uploads\/2019\/02\/4-ruote-forcar-mini-64x49.jpg 64w\" sizes=\"(max-width: 350px) 100vw, 350px\" \/> \u00a0\u00a0<img decoding=\"async\" class=\"wp-image-122783 size-full aligncenter\" src=\"https:\/\/www.creaearredanegozi.it\/wp-content\/uploads\/2019\/02\/cupola.jpg\" alt=\"\" width=\"464\" height=\"400\" title=\"\" srcset=\"https:\/\/www.creaearredanegozi.it\/wp-content\/uploads\/2019\/02\/cupola.jpg 464w, https:\/\/www.creaearredanegozi.it\/wp-content\/uploads\/2019\/02\/cupola-64x55.jpg 64w\" sizes=\"(max-width: 464px) 100vw, 464px\" \/> <img decoding=\"async\" class=\"size-full wp-image-122784 aligncenter\" src=\"https:\/\/www.creaearredanegozi.it\/wp-content\/uploads\/2019\/02\/espositore-ghiacciaia.jpg\" alt=\"\" width=\"464\" height=\"400\" title=\"\" srcset=\"https:\/\/www.creaearredanegozi.it\/wp-content\/uploads\/2019\/02\/espositore-ghiacciaia.jpg 464w, https:\/\/www.creaearredanegozi.it\/wp-content\/uploads\/2019\/02\/espositore-ghiacciaia-64x55.jpg 64w\" sizes=\"(max-width: 464px) 100vw, 464px\" \/> <img decoding=\"async\" class=\"alignnone size-full wp-image-122785\" src=\"https:\/\/www.creaearredanegozi.it\/wp-content\/uploads\/2019\/02\/reggipiattoportaposate.jpg\" alt=\"\" width=\"310\" height=\"230\" title=\"\" srcset=\"https:\/\/www.creaearredanegozi.it\/wp-content\/uploads\/2019\/02\/reggipiattoportaposate.jpg 310w, https:\/\/www.creaearredanegozi.it\/wp-content\/uploads\/2019\/02\/reggipiattoportaposate-64x47.jpg 64w\" sizes=\"(max-width: 310px) 100vw, 310px\" \/><\/p>","protected":false},"excerpt":{"rendered":"<p>Carrello di Servizio Professionale in Legno 3 Ripiani e 4 Ruote Forcar Carrello di servizio in legno CL 2151 Noce \/ CL 2151 CA Carbon Struttura in legno multistrato di betulla. \u00a0Ripiani in nobilitato. Cornice perimetrale e maniglia in legno massello. Disponibili nei colori noce e Carbon. 4 ruote multidirezionali di serie cromate \u00f8 95 [&#8230;]","protected":false},"featured_media":126284,"comment_status":"closed","ping_status":"closed","template":"","meta":{"_monsterinsights_skip_tracking":false,"_monsterinsights_sitenote_active":false,"_monsterinsights_sitenote_note":"","_monsterinsights_sitenote_category":0},"product_brand":[624],"product_cat":[276,29],"product_tag":[],"class_list":{"0":"post-19247","1":"product","2":"type-product","3":"status-publish","4":"has-post-thumbnail","6":"product_brand-forcar","7":"product_cat-carrelli-di-servizio","8":"product_cat-cesteria-e-carrelli","9":"product_shipping_class-206","10":"pa_marca-forcar","12":"first","13":"instock","14":"sale","15":"taxable","16":"shipping-taxable","17":"purchasable","18":"product-type-variable"},"_links":{"self":[{"href":"https:\/\/www.creaearredanegozi.it\/de\/wp-json\/wp\/v2\/product\/19247","targetHints":{"allow":["GET"]}}],"collection":[{"href":"https:\/\/www.creaearredanegozi.it\/de\/wp-json\/wp\/v2\/product"}],"about":[{"href":"https:\/\/www.creaearredanegozi.it\/de\/wp-json\/wp\/v2\/types\/product"}],"replies":[{"embeddable":true,"href":"https:\/\/www.creaearredanegozi.it\/de\/wp-json\/wp\/v2\/comments?post=19247"}],"wp:featuredmedia":[{"embeddable":true,"href":"https:\/\/www.creaearredanegozi.it\/de\/wp-json\/wp\/v2\/media\/126284"}],"wp:attachment":[{"href":"https:\/\/www.creaearredanegozi.it\/de\/wp-json\/wp\/v2\/media?parent=19247"}],"wp:term":[{"taxonomy":"product_brand","embeddable":true,"href":"https:\/\/www.creaearredanegozi.it\/de\/wp-json\/wp\/v2\/product_brand?post=19247"},{"taxonomy":"product_cat","embeddable":true,"href":"https:\/\/www.creaearredanegozi.it\/de\/wp-json\/wp\/v2\/product_cat?post=19247"},{"taxonomy":"product_tag","embeddable":true,"href":"https:\/\/www.creaearredanegozi.it\/de\/wp-json\/wp\/v2\/product_tag?post=19247"}],"curies":[{"name":"wp","href":"https:\/\/api.w.org\/{rel}","templated":true}]}}