{"id":19313,"date":"2019-02-11T11:23:21","date_gmt":"2019-02-11T10:23:21","guid":{"rendered":"https:\/\/www.creaearredanegozi.it\/?post_type=product&#038;p=19313"},"modified":"2025-12-03T20:39:21","modified_gmt":"2025-12-03T19:39:21","slug":"service-wagen-holz-2-etagen-halbrund-plexiglas-deckel-81x55x108-cm-furcar-lpc-800-w","status":"publish","type":"product","link":"https:\/\/www.creaearredanegozi.it\/de\/service-wagen-holz-2-etagen-halbrund-plexiglas-deckel-81x55x108-cm-furcar-lpc-800-w\/","title":{"rendered":"Servierwagen Holz 2 Etagen halbrunder Deckel Plexiglas 81x55x108 cm Forcar LPC 800 \/W"},"content":{"rendered":"<div class=\"\">\n<div class=\"\">\n<h3>Servierwagen Holz 2 Etagen halbkreisf\u00f6rmig Plexiglasdeckel 81x55x108 cm Forcar<\/h3>\n<p><strong>Servierwagen aus Holz mit Kuppel LPC800 Walnuss \/ LPC800W Wenge'<\/strong><\/p>\n<ul>\n<li>Tragwerk aus Massivholz.<\/li>\n<li>Regale aus Birkenfurnier.<\/li>\n<li>Halbkreisf\u00f6rmige Plexiglas-Kuppel.<\/li>\n<li>Massivholz-Rahmen.<\/li>\n<li>Erh\u00e4ltlich in Nussbaum oder Wenge.<\/li>\n<li>Modelle auch mit 3 Einlegeb\u00f6den erh\u00e4ltlich.<\/li>\n<li>R\u00e4der mit mehreren Richtungen \u00f8 100 mm. Foto mit optionalen R\u00e4dern.<\/li>\n<li>\u00c4u\u00dfere Abmessungen: <strong>81x55x108h cm<\/strong><strong>.<\/strong><\/li>\n<\/ul>\n<p>Optional<\/p>\n<ul>\n<li>4 R\u00e4der mit verchromter oder vermessingter Kappe.<\/li>\n<li>Versenkbare Tellerablage.<\/li>\n<li>Besteckschublade mit 3 F\u00e4chern.<\/li>\n<\/ul>\n<p><img decoding=\"async\" class=\"alignnone size-full wp-image-122785\" src=\"https:\/\/www.creaearredanegozi.it\/wp-content\/uploads\/2019\/02\/reggipiattoportaposate.jpg\" alt=\"\" width=\"310\" height=\"230\" title=\"\" srcset=\"https:\/\/www.creaearredanegozi.it\/wp-content\/uploads\/2019\/02\/reggipiattoportaposate.jpg 310w, https:\/\/www.creaearredanegozi.it\/wp-content\/uploads\/2019\/02\/reggipiattoportaposate-64x47.jpg 64w\" sizes=\"(max-width: 310px) 100vw, 310px\" \/> <img decoding=\"async\" class=\"alignnone size-full wp-image-122769\" src=\"https:\/\/www.creaearredanegozi.it\/wp-content\/uploads\/2019\/02\/4-ruote-forcar-mini.jpg\" alt=\"\" width=\"350\" height=\"270\" title=\"\" srcset=\"https:\/\/www.creaearredanegozi.it\/wp-content\/uploads\/2019\/02\/4-ruote-forcar-mini.jpg 350w, https:\/\/www.creaearredanegozi.it\/wp-content\/uploads\/2019\/02\/4-ruote-forcar-mini-64x49.jpg 64w\" sizes=\"(max-width: 350px) 100vw, 350px\" \/><\/p>\n<\/div>\n<\/div>","protected":false},"excerpt":{"rendered":"<p>Carrello di servizio legno 2 ripiani coperchio semicircolare plexiglass 81x55x108 cm Forcar Carrello di servizio in legno con cupola LPC800 Noce \/ LPC800W Wenge&#8217; Struttura portante in legno massello. Ripiani in nobilitato di betulla. Cupola semicircolare in plexiglass. Cornice perimetrale in legno massello. Disponibile nei colori noce o weng\u00e8. Modelli disponibili anche a 3 ripiani. [&#8230;]","protected":false},"featured_media":122758,"comment_status":"closed","ping_status":"closed","template":"","meta":{"_monsterinsights_skip_tracking":false,"_monsterinsights_sitenote_active":false,"_monsterinsights_sitenote_note":"","_monsterinsights_sitenote_category":0},"product_brand":[624],"product_cat":[276,29],"product_tag":[],"class_list":{"0":"post-19313","1":"product","2":"type-product","3":"status-publish","4":"has-post-thumbnail","6":"product_brand-forcar","7":"product_cat-carrelli-di-servizio","8":"product_cat-cesteria-e-carrelli","9":"product_shipping_class-33","10":"pa_marca-forcar","12":"first","13":"outofstock","14":"sale","15":"taxable","16":"shipping-taxable","17":"purchasable","18":"product-type-variable"},"_links":{"self":[{"href":"https:\/\/www.creaearredanegozi.it\/de\/wp-json\/wp\/v2\/product\/19313","targetHints":{"allow":["GET"]}}],"collection":[{"href":"https:\/\/www.creaearredanegozi.it\/de\/wp-json\/wp\/v2\/product"}],"about":[{"href":"https:\/\/www.creaearredanegozi.it\/de\/wp-json\/wp\/v2\/types\/product"}],"replies":[{"embeddable":true,"href":"https:\/\/www.creaearredanegozi.it\/de\/wp-json\/wp\/v2\/comments?post=19313"}],"wp:featuredmedia":[{"embeddable":true,"href":"https:\/\/www.creaearredanegozi.it\/de\/wp-json\/wp\/v2\/media\/122758"}],"wp:attachment":[{"href":"https:\/\/www.creaearredanegozi.it\/de\/wp-json\/wp\/v2\/media?parent=19313"}],"wp:term":[{"taxonomy":"product_brand","embeddable":true,"href":"https:\/\/www.creaearredanegozi.it\/de\/wp-json\/wp\/v2\/product_brand?post=19313"},{"taxonomy":"product_cat","embeddable":true,"href":"https:\/\/www.creaearredanegozi.it\/de\/wp-json\/wp\/v2\/product_cat?post=19313"},{"taxonomy":"product_tag","embeddable":true,"href":"https:\/\/www.creaearredanegozi.it\/de\/wp-json\/wp\/v2\/product_tag?post=19313"}],"curies":[{"name":"wp","href":"https:\/\/api.w.org\/{rel}","templated":true}]}}