{"id":19404,"date":"2019-02-13T10:05:41","date_gmt":"2019-02-13T09:05:41","guid":{"rendered":"https:\/\/www.creaearredanegozi.it\/?post_type=product&#038;p=19404"},"modified":"2024-03-05T10:19:29","modified_gmt":"2024-03-05T09:19:29","slug":"espositore-ghiacciaia-legno-cupola-plexiglass-90x485x23-cm-forcar-a-1290","status":"publish","type":"product","link":"https:\/\/www.creaearredanegozi.it\/de\/espositore-ghiacciaia-legno-cupola-plexiglass-90x485x23-cm-forcar-a-1290\/","title":{"rendered":"Eisboxenst\u00e4nder Holz Plexiglas Kuppel 90\u00d748,5\u00d723 cm Forcar A 1290"},"content":{"rendered":"<div class=\"\">\n<div class=\"\">\n<p><strong>Espositore ghiacciaia legno cupola plexiglass 90&#215;48,5&#215;23 cm <\/strong><\/p>\n<p><strong>Modell Forcar <\/strong><\/p>\n<ul>\n<li><strong>A 1290 Noce<\/strong><\/li>\n<li><strong>A 1290 CA\u00a0 Carbon<\/strong><\/li>\n<\/ul>\n<p>&nbsp;<\/p>\n<ul>\n<li>Espositore ghiacciaia.<\/li>\n<li>Struttura in legno con vasca e griglia in <strong>rostfreier Stahl<\/strong>.<\/li>\n<li>Cupola plexiglass.<\/li>\n<li>Provvisto di 8 contenitori eutettici.<\/li>\n<li>Erh\u00e4ltlich in den Farben Walnuss oder Carbon.<\/li>\n<li>\u00c4u\u00dfere Abmessungen: <strong>90&#215;48,5&#215;23<\/strong><strong>h cm<\/strong><strong>.<\/strong><\/li>\n<\/ul>\n<\/div>\n<\/div>","protected":false},"excerpt":{"rendered":"<p>Espositore ghiacciaia legno cupola plexiglass 90&#215;48,5&#215;23 cm Modello Forcar A 1290 Noce A 1290 CA\u00a0 Carbon &nbsp; Espositore ghiacciaia. Struttura in legno con vasca e griglia in acciaio inox. Cupola plexiglass. Provvisto di 8 contenitori eutettici. Disponibili versioni in colore noce o carbon. Dimensioni esterne: 90&#215;48,5&#215;23h cm.<\/p>","protected":false},"featured_media":19407,"comment_status":"closed","ping_status":"closed","template":"","meta":{"_monsterinsights_skip_tracking":false,"_monsterinsights_sitenote_active":false,"_monsterinsights_sitenote_note":"","_monsterinsights_sitenote_category":0},"product_brand":[],"product_cat":[104],"product_tag":[],"class_list":{"0":"post-19404","1":"product","2":"type-product","3":"status-publish","4":"has-post-thumbnail","6":"product_cat-cesteespositori","7":"product_shipping_class-206","8":"pa_marca-forcar","10":"first","11":"instock","12":"taxable","13":"shipping-taxable","14":"purchasable","15":"product-type-variable"},"_links":{"self":[{"href":"https:\/\/www.creaearredanegozi.it\/de\/wp-json\/wp\/v2\/product\/19404","targetHints":{"allow":["GET"]}}],"collection":[{"href":"https:\/\/www.creaearredanegozi.it\/de\/wp-json\/wp\/v2\/product"}],"about":[{"href":"https:\/\/www.creaearredanegozi.it\/de\/wp-json\/wp\/v2\/types\/product"}],"replies":[{"embeddable":true,"href":"https:\/\/www.creaearredanegozi.it\/de\/wp-json\/wp\/v2\/comments?post=19404"}],"wp:featuredmedia":[{"embeddable":true,"href":"https:\/\/www.creaearredanegozi.it\/de\/wp-json\/wp\/v2\/media\/19407"}],"wp:attachment":[{"href":"https:\/\/www.creaearredanegozi.it\/de\/wp-json\/wp\/v2\/media?parent=19404"}],"wp:term":[{"taxonomy":"product_brand","embeddable":true,"href":"https:\/\/www.creaearredanegozi.it\/de\/wp-json\/wp\/v2\/product_brand?post=19404"},{"taxonomy":"product_cat","embeddable":true,"href":"https:\/\/www.creaearredanegozi.it\/de\/wp-json\/wp\/v2\/product_cat?post=19404"},{"taxonomy":"product_tag","embeddable":true,"href":"https:\/\/www.creaearredanegozi.it\/de\/wp-json\/wp\/v2\/product_tag?post=19404"}],"curies":[{"name":"wp","href":"https:\/\/api.w.org\/{rel}","templated":true}]}}