{"id":19557,"date":"2019-02-14T10:32:43","date_gmt":"2019-02-14T09:32:43","guid":{"rendered":"https:\/\/www.creaearredanegozi.it\/?post_type=product&#038;p=19557"},"modified":"2025-12-03T20:39:22","modified_gmt":"2025-12-03T19:39:22","slug":"dielenhochschrank-2-turen-2-schubladen-2-hangeschranke-92x48x153-cm-forcar-ml-3212-ssp-w-n","status":"publish","type":"product","link":"https:\/\/www.creaearredanegozi.it\/de\/dielenhochschrank-2-turen-2-schubladen-2-hangeschranke-92x48x153-cm-forcar-ml-3212-ssp-w-n\/","title":{"rendered":"H\u00e4ngeschrank 2 T\u00fcren 2 Schubladen 2 Oberschr\u00e4nke 92x48x153 cm Forcar ML 3212SSP N \/ CA \/ CE"},"content":{"rendered":"<div class=\"\">\n<div class=\"\">\n<h2>Gro\u00dfer Dielenschrank 2 T\u00fcren 2 Schubladen 2 Oberschr\u00e4nke Forcar<\/h2>\n<p><strong>Double High Service M\u00f6bel ML 3212SSP CA Carbon \/ ML 3212SSP N Nussbaum \/ ML 3212SSP CE Esche<\/strong><\/p>\n<ul>\n<li>Struktur und Paneele aus Melamin.<\/li>\n<li>Offene Oberschrank-Tragstruktur aus kunststoffbeschichtetem Stahl.<\/li>\n<li>Multidirektionale R\u00e4der \u00f8 50 mm.<\/li>\n<li>2 Oberschr\u00e4nke.<\/li>\n<li>2 Besteckschubladen, 1 mit Trennwand.<\/li>\n<li>2 Z\u00e4hler.<\/li>\n<li>Erh\u00e4ltlich in Walnuss, Holzkohle oder Esche.<\/li>\n<li>\u00c4u\u00dfere Abmessungen: <strong>92x48x153<\/strong><strong>h cm<\/strong><strong>.<\/strong><\/li>\n<\/ul>\n<p>Optional<\/p>\n<ul>\n<li>Anwendung des Trichters.<\/li>\n<\/ul>\n<\/div>\n<\/div>","protected":false},"excerpt":{"rendered":"<p>Mobile Sala Alto 2 Sportelli 2 Cassetti 2 Pensili Forcar Mobili di servizio alti doppi ML 3212SSP CA Carbon \/ ML 3212SSP N Noce \/ ML 3212SSP CE Cenere Struttura e pannelli in nobilitato. Struttura reggi pensili a giorno in acciaio plastificato. Ruote multidirezionali \u00f8 50 mm. 2 pensili. 2 cassetti portaposate di cui 1 [&#8230;]","protected":false},"featured_media":127191,"comment_status":"closed","ping_status":"closed","template":"","meta":{"_monsterinsights_skip_tracking":false,"_monsterinsights_sitenote_active":false,"_monsterinsights_sitenote_note":"","_monsterinsights_sitenote_category":0},"product_brand":[624],"product_cat":[398,25],"product_tag":[],"class_list":{"0":"post-19557","1":"product","2":"type-product","3":"status-publish","4":"has-post-thumbnail","6":"product_brand-forcar","7":"product_cat-mobili-di-servizio","8":"product_cat-attrezzature-ristoranti-pub-cucine","9":"product_shipping_class-745","10":"pa_marca-forcar","12":"first","13":"instock","14":"sale","15":"taxable","16":"shipping-taxable","17":"purchasable","18":"product-type-variable"},"_links":{"self":[{"href":"https:\/\/www.creaearredanegozi.it\/de\/wp-json\/wp\/v2\/product\/19557","targetHints":{"allow":["GET"]}}],"collection":[{"href":"https:\/\/www.creaearredanegozi.it\/de\/wp-json\/wp\/v2\/product"}],"about":[{"href":"https:\/\/www.creaearredanegozi.it\/de\/wp-json\/wp\/v2\/types\/product"}],"replies":[{"embeddable":true,"href":"https:\/\/www.creaearredanegozi.it\/de\/wp-json\/wp\/v2\/comments?post=19557"}],"wp:featuredmedia":[{"embeddable":true,"href":"https:\/\/www.creaearredanegozi.it\/de\/wp-json\/wp\/v2\/media\/127191"}],"wp:attachment":[{"href":"https:\/\/www.creaearredanegozi.it\/de\/wp-json\/wp\/v2\/media?parent=19557"}],"wp:term":[{"taxonomy":"product_brand","embeddable":true,"href":"https:\/\/www.creaearredanegozi.it\/de\/wp-json\/wp\/v2\/product_brand?post=19557"},{"taxonomy":"product_cat","embeddable":true,"href":"https:\/\/www.creaearredanegozi.it\/de\/wp-json\/wp\/v2\/product_cat?post=19557"},{"taxonomy":"product_tag","embeddable":true,"href":"https:\/\/www.creaearredanegozi.it\/de\/wp-json\/wp\/v2\/product_tag?post=19557"}],"curies":[{"name":"wp","href":"https:\/\/api.w.org\/{rel}","templated":true}]}}