{"id":19583,"date":"2019-02-14T11:33:48","date_gmt":"2019-02-14T10:33:48","guid":{"rendered":"https:\/\/www.creaearredanegozi.it\/?post_type=product&#038;p=19583"},"modified":"2025-12-03T20:39:24","modified_gmt":"2025-12-03T19:39:24","slug":"professioneller-edelstahl-servierwagen-3-etagen-83x57x97-cm-furcar-ca-1050-w","status":"publish","type":"product","link":"https:\/\/www.creaearredanegozi.it\/de\/professioneller-edelstahl-servierwagen-3-etagen-83x57x97-cm-furcar-ca-1050-w\/","title":{"rendered":"Professioneller Servicewagen aus Edelstahl 3 Etagen 83x57x97 cm Forcar CA 1050 \/W"},"content":{"rendered":"<div class=\"\">\n<div class=\"\">\n<h3>Professioneller Servicewagen aus Edelstahl 3 Etagen 83x57x97 cm Forcar CA 1050 \/W<\/h3>\n<p><strong>Edelstahl Servicewagen CA1050 Walnuss \/ CA1050W Wenge<\/strong><\/p>\n<ul>\n<li>20\u00d720 mm Edelstahl-Rohrrahmen <strong>AISI 304<\/strong>.<\/li>\n<li>Furnierte Einlegeb\u00f6den mit umlaufendem Rahmen aus Edelstahl <strong>AISI 304<\/strong>.<\/li>\n<li>Multidirektionale R\u00e4der \u00f8 125 mm.<\/li>\n<li>Gummi-Sto\u00dff\u00e4nger.<\/li>\n<li>\u00c4u\u00dfere Abmessungen: <strong>83x57x97<\/strong><strong>h<\/strong><strong> cm<\/strong><strong>.<\/strong><\/li>\n<\/ul>\n<table style=\"border-collapse: collapse; width: 100%;\">\n<tbody>\n<tr>\n<td style=\"width: 50%;\">Modell<\/td>\n<td style=\"width: 50%;\">CA1050 \/W<\/td>\n<\/tr>\n<tr>\n<td style=\"width: 50%;\">Abmessungen<\/td>\n<td style=\"width: 50%;\">83X57X97H cm<\/td>\n<\/tr>\n<tr>\n<td style=\"width: 50%;\">Regale<\/td>\n<td style=\"width: 50%;\">3<\/td>\n<\/tr>\n<tr>\n<td style=\"width: 50%;\">Gr\u00f6\u00dfe der Arbeitsfl\u00e4che<\/td>\n<td style=\"width: 50%;\">72,4 x 50 cm<\/td>\n<\/tr>\n<tr>\n<td style=\"width: 50%;\">Maximale Belastung<\/td>\n<td style=\"width: 50%;\">60 kg<\/td>\n<\/tr>\n<\/tbody>\n<\/table>\n<p>Optional<\/p>\n<ul>\n<li>Rad mit Bremse (1er Pack).<\/li>\n<\/ul>\n<p><img decoding=\"async\" class=\"alignnone size-full wp-image-122955\" src=\"https:\/\/www.creaearredanegozi.it\/wp-content\/uploads\/2019\/02\/Ruota-con-freno-Forcar-CA-1000-1050-1070-1071.jpg\" alt=\"\" width=\"234\" height=\"354\" title=\"\" srcset=\"https:\/\/www.creaearredanegozi.it\/wp-content\/uploads\/2019\/02\/Ruota-con-freno-Forcar-CA-1000-1050-1070-1071.jpg 234w, https:\/\/www.creaearredanegozi.it\/wp-content\/uploads\/2019\/02\/Ruota-con-freno-Forcar-CA-1000-1050-1070-1071-64x97.jpg 64w\" sizes=\"(max-width: 234px) 100vw, 234px\" \/><\/p>\n<\/div>\n<\/div>","protected":false},"excerpt":{"rendered":"<p>Carrello di Servizio Professionale Acciaio Inox 3 Ripiani 83x57x97 cm Forcar CA 1050 \/W Carrello di servizio in acciaio inox CA1050 Noce \/ CA1050W Wenge Struttura tubolare 20\u00d720 mm in acciaio inox AISI 304. Ripiani in nobilitato con cornice perimetrale in acciaio inox AISI 304. Ruote multidirezionali \u00f8 125 mm. Paracolpi in gomma. Dimensioni esterne: [&#8230;]","protected":false},"featured_media":122949,"comment_status":"closed","ping_status":"closed","template":"","meta":{"_monsterinsights_skip_tracking":false,"_monsterinsights_sitenote_active":false,"_monsterinsights_sitenote_note":"","_monsterinsights_sitenote_category":0},"product_brand":[624],"product_cat":[276,29],"product_tag":[],"class_list":{"0":"post-19583","1":"product","2":"type-product","3":"status-publish","4":"has-post-thumbnail","6":"product_brand-forcar","7":"product_cat-carrelli-di-servizio","8":"product_cat-cesteria-e-carrelli","9":"product_shipping_class-38","10":"pa_marca-forcar","12":"first","13":"outofstock","14":"sale","15":"taxable","16":"shipping-taxable","17":"purchasable","18":"product-type-variable"},"_links":{"self":[{"href":"https:\/\/www.creaearredanegozi.it\/de\/wp-json\/wp\/v2\/product\/19583","targetHints":{"allow":["GET"]}}],"collection":[{"href":"https:\/\/www.creaearredanegozi.it\/de\/wp-json\/wp\/v2\/product"}],"about":[{"href":"https:\/\/www.creaearredanegozi.it\/de\/wp-json\/wp\/v2\/types\/product"}],"replies":[{"embeddable":true,"href":"https:\/\/www.creaearredanegozi.it\/de\/wp-json\/wp\/v2\/comments?post=19583"}],"wp:featuredmedia":[{"embeddable":true,"href":"https:\/\/www.creaearredanegozi.it\/de\/wp-json\/wp\/v2\/media\/122949"}],"wp:attachment":[{"href":"https:\/\/www.creaearredanegozi.it\/de\/wp-json\/wp\/v2\/media?parent=19583"}],"wp:term":[{"taxonomy":"product_brand","embeddable":true,"href":"https:\/\/www.creaearredanegozi.it\/de\/wp-json\/wp\/v2\/product_brand?post=19583"},{"taxonomy":"product_cat","embeddable":true,"href":"https:\/\/www.creaearredanegozi.it\/de\/wp-json\/wp\/v2\/product_cat?post=19583"},{"taxonomy":"product_tag","embeddable":true,"href":"https:\/\/www.creaearredanegozi.it\/de\/wp-json\/wp\/v2\/product_tag?post=19583"}],"curies":[{"name":"wp","href":"https:\/\/api.w.org\/{rel}","templated":true}]}}