{"id":19608,"date":"2019-02-14T12:15:09","date_gmt":"2019-02-14T11:15:09","guid":{"rendered":"https:\/\/www.creaearredanegozi.it\/?post_type=product&#038;p=19608"},"modified":"2025-12-03T20:39:24","modified_gmt":"2025-12-03T19:39:24","slug":"carrello-di-servizio-inox-2-ripiani-111-91x57x96-cm-forcar-ca1382-e-ca1383","status":"publish","type":"product","link":"https:\/\/www.creaearredanegozi.it\/de\/carrello-di-servizio-inox-2-ripiani-111-91x57x96-cm-forcar-ca1382-e-ca1383\/","title":{"rendered":"Edelstahl Servicewagen 2 Etagen 111\/91x57x96 cm Forcar CA1382 und CA1383"},"content":{"rendered":"<div class=\"\">\n<div class=\"\">\n<h3>Carrello di Servizio Inox 2 Ripiani 111\/91x57x96 cm Forcar<\/h3>\n<p><strong>Servicewagen aus rostfreiem Stahl CA 1382 und CA 1383<\/strong><\/p>\n<ul>\n<li>20\u00d720 mm Edelstahl-Rohrrahmen <strong>AISI 304<\/strong>.<\/li>\n<li>Einlegeb\u00f6den aus rostfreiem Stahl <strong>AISI 304<\/strong> gebogen, satiniert, schallged\u00e4mmt.<\/li>\n<li>Multidirektionale R\u00e4der \u00f8 125 mm.<\/li>\n<li>Gummi-Sto\u00dff\u00e4nger.<\/li>\n<li>Gesamtbelastbarkeit 80 kg.<\/li>\n<li>\u00c4u\u00dfere Abmessungen: <strong>111\/91x57x96<\/strong><strong>h<\/strong><strong> cm<\/strong><strong>.<\/strong><\/li>\n<\/ul>\n<table style=\"border-collapse: collapse; width: 100%;\" class=\"mtr-table mtr-tr-td\">\n<tbody>\n<tr>\n<td style=\"width: 33.3333%;\" data-mtr-content=\"Modello\" class=\"mtr-td-tag\"><div class=\"mtr-cell-content\">Modell<\/div><\/td>\n<td style=\"width: 33.3333%;\" data-mtr-content=\"CA1382\" class=\"mtr-td-tag\"><div class=\"mtr-cell-content\">CA1382<\/div><\/td>\n<td style=\"width: 33.3333%;\" data-mtr-content=\"CA1383\" class=\"mtr-td-tag\"><div class=\"mtr-cell-content\">CA1383<\/div><\/td>\n<\/tr>\n<tr>\n<td style=\"width: 33.3333%;\" data-mtr-content=\"Modello\" class=\"mtr-td-tag\"><div class=\"mtr-cell-content\">Abmessungen<\/div><\/td>\n<td style=\"width: 33.3333%;\" data-mtr-content=\"CA1382\" class=\"mtr-td-tag\"><div class=\"mtr-cell-content\">91 x 57 x 96(h) cm<\/div><\/td>\n<td style=\"width: 33.3333%;\" data-mtr-content=\"CA1383\" class=\"mtr-td-tag\"><div class=\"mtr-cell-content\">111 x 57 x 96(h) cm<\/div><\/td>\n<\/tr>\n<tr>\n<td style=\"width: 33.3333%;\" data-mtr-content=\"Modello\" class=\"mtr-td-tag\"><div class=\"mtr-cell-content\">Regale<\/div><\/td>\n<td style=\"width: 33.3333%;\" data-mtr-content=\"CA1382\" class=\"mtr-td-tag\"><div class=\"mtr-cell-content\">2<\/div><\/td>\n<td style=\"width: 33.3333%;\" data-mtr-content=\"CA1383\" class=\"mtr-td-tag\"><div class=\"mtr-cell-content\">2<\/div><\/td>\n<\/tr>\n<tr>\n<td style=\"width: 33.3333%;\" data-mtr-content=\"Modello\" class=\"mtr-td-tag\"><div class=\"mtr-cell-content\">Gr\u00f6\u00dfe der Arbeitsfl\u00e4che<\/div><\/td>\n<td style=\"width: 33.3333%;\" data-mtr-content=\"CA1382\" class=\"mtr-td-tag\"><div class=\"mtr-cell-content\">80 x 50 cm<\/div><\/td>\n<td style=\"width: 33.3333%;\" data-mtr-content=\"CA1383\" class=\"mtr-td-tag\"><div class=\"mtr-cell-content\">100 x 50 cm<\/div><\/td>\n<\/tr>\n<tr>\n<td style=\"width: 33.3333%;\" data-mtr-content=\"Modello\" class=\"mtr-td-tag\"><div class=\"mtr-cell-content\">Bruttogewicht<\/div><\/td>\n<td style=\"width: 33.3333%;\" data-mtr-content=\"CA1382\" class=\"mtr-td-tag\"><div class=\"mtr-cell-content\">16 kg<\/div><\/td>\n<td style=\"width: 33.3333%;\" data-mtr-content=\"CA1383\" class=\"mtr-td-tag\"><div class=\"mtr-cell-content\">17,5 kg<\/div><\/td>\n<\/tr>\n<tr>\n<td style=\"width: 33.3333%;\" data-mtr-content=\"Modello\" class=\"mtr-td-tag\"><div class=\"mtr-cell-content\">Maximale Belastung<\/div><\/td>\n<td style=\"width: 33.3333%;\" data-mtr-content=\"CA1382\" class=\"mtr-td-tag\"><div class=\"mtr-cell-content\">80 kg<\/div><\/td>\n<td style=\"width: 33.3333%;\" data-mtr-content=\"CA1383\" class=\"mtr-td-tag\"><div class=\"mtr-cell-content\">80 kg<\/div><\/td>\n<\/tr>\n<\/tbody>\n<\/table>\n<p>Optional<\/p>\n<ul>\n<li>Rad mit Bremse (1er Pack).<\/li>\n<\/ul>\n<p><img decoding=\"async\" class=\"alignnone size-full wp-image-122955\" src=\"https:\/\/www.creaearredanegozi.it\/wp-content\/uploads\/2019\/02\/Ruota-con-freno-Forcar-CA-1000-1050-1070-1071.jpg\" alt=\"\" width=\"234\" height=\"354\" title=\"\" srcset=\"https:\/\/www.creaearredanegozi.it\/wp-content\/uploads\/2019\/02\/Ruota-con-freno-Forcar-CA-1000-1050-1070-1071.jpg 234w, https:\/\/www.creaearredanegozi.it\/wp-content\/uploads\/2019\/02\/Ruota-con-freno-Forcar-CA-1000-1050-1070-1071-64x97.jpg 64w\" sizes=\"(max-width: 234px) 100vw, 234px\" \/><\/p>\n<\/div>\n<\/div>","protected":false},"excerpt":{"rendered":"<p>Carrello di Servizio Inox 2 Ripiani 111\/91x57x96 cm Forcar Carrelli di servizio in acciaio inox CA 1382 e CA 1383 Struttura tubolare 20\u00d720 mm in acciaio inox AISI 304. Ripiani in acciaio inox AISI 304 piegati, satinati, insonorizzati. Ruote multidirezionali \u00f8 125 mm. Paracolpi in gomma. Portata complessiva 80 Kg. Dimensioni esterne: 111\/91x57x96h cm. Modello [&#8230;]","protected":false},"featured_media":122974,"comment_status":"closed","ping_status":"closed","template":"","meta":{"_monsterinsights_skip_tracking":false,"_monsterinsights_sitenote_active":false,"_monsterinsights_sitenote_note":"","_monsterinsights_sitenote_category":0},"product_brand":[624],"product_cat":[276,29],"product_tag":[],"class_list":{"0":"post-19608","1":"product","2":"type-product","3":"status-publish","4":"has-post-thumbnail","6":"product_brand-forcar","7":"product_cat-carrelli-di-servizio","8":"product_cat-cesteria-e-carrelli","9":"product_shipping_class-206","10":"pa_marca-forcar","12":"first","13":"instock","14":"sale","15":"taxable","16":"shipping-taxable","17":"purchasable","18":"product-type-variable"},"_links":{"self":[{"href":"https:\/\/www.creaearredanegozi.it\/de\/wp-json\/wp\/v2\/product\/19608","targetHints":{"allow":["GET"]}}],"collection":[{"href":"https:\/\/www.creaearredanegozi.it\/de\/wp-json\/wp\/v2\/product"}],"about":[{"href":"https:\/\/www.creaearredanegozi.it\/de\/wp-json\/wp\/v2\/types\/product"}],"replies":[{"embeddable":true,"href":"https:\/\/www.creaearredanegozi.it\/de\/wp-json\/wp\/v2\/comments?post=19608"}],"wp:featuredmedia":[{"embeddable":true,"href":"https:\/\/www.creaearredanegozi.it\/de\/wp-json\/wp\/v2\/media\/122974"}],"wp:attachment":[{"href":"https:\/\/www.creaearredanegozi.it\/de\/wp-json\/wp\/v2\/media?parent=19608"}],"wp:term":[{"taxonomy":"product_brand","embeddable":true,"href":"https:\/\/www.creaearredanegozi.it\/de\/wp-json\/wp\/v2\/product_brand?post=19608"},{"taxonomy":"product_cat","embeddable":true,"href":"https:\/\/www.creaearredanegozi.it\/de\/wp-json\/wp\/v2\/product_cat?post=19608"},{"taxonomy":"product_tag","embeddable":true,"href":"https:\/\/www.creaearredanegozi.it\/de\/wp-json\/wp\/v2\/product_tag?post=19608"}],"curies":[{"name":"wp","href":"https:\/\/api.w.org\/{rel}","templated":true}]}}