{"id":19660,"date":"2019-02-15T10:10:31","date_gmt":"2019-02-15T09:10:31","guid":{"rendered":"https:\/\/www.creaearredanegozi.it\/?post_type=product&#038;p=19660"},"modified":"2025-12-03T20:39:24","modified_gmt":"2025-12-03T19:39:24","slug":"servicewagen-4-rohrboden-aus-edelstahl-rund-oder-25-90-110x60x140-cm-furcar-ca1424-5","status":"publish","type":"product","link":"https:\/\/www.creaearredanegozi.it\/de\/servicewagen-4-rohrboden-aus-edelstahl-rund-oder-25-90-110x60x140-cm-furcar-ca1424-5\/","title":{"rendered":"Servicewagen 4 Etagen Edelstahl Rundrohr \u00d8 25 90\/110x60x140 cm Forcar CA1424 \/5"},"content":{"rendered":"<div class=\"\">\n<div class=\"\">\n<h3>Servicewagen 4 Etagen Edelstahl Rundrohr \u00d8 25 90\/110x60x140 cm Forcar<\/h3>\n<p><strong>Servicewagen aus Edelstahl CA1424 und CA1425<\/strong><br \/>\nRohrstruktur aus rostfreiem Stahl AISI 304, \u00f8 25 mm - Einlegeb\u00f6den aus rostfreiem Stahl AISI 304, geformt in Schalenform mit abgerundeten Kanten und hoher St\u00e4rke, schallged\u00e4mpft und satiniert - Gummipuffer - Mehrrichtungsr\u00e4der, \u00f8 125 mm<\/p>\n<ul>\n<li>Rohrrahmen \u00f8 25 mm aus rostfreiem Stahl AISI 304.<\/li>\n<li>Einlegeb\u00f6den aus Edelstahl AISI 304, geformt in Schalenform mit abgerundeten Kanten und hoher St\u00e4rke, schallged\u00e4mpft und satiniert.<\/li>\n<li>Multidirektionale R\u00e4der \u00f8 125 mm.<\/li>\n<li>Gummi-Sto\u00dff\u00e4nger.<\/li>\n<li>Gesamtbelastbarkeit 100 kg.<\/li>\n<li>4 Regale.<\/li>\n<li>Erh\u00e4ltlich in verschiedenen Gr\u00f6\u00dfen: <b>90x60x140h cm <\/b>e<b> 110x60x140h cm.<\/b><\/li>\n<\/ul>\n<\/div>\n<\/div>\n<p>&nbsp;<\/p>\n<table style=\"border-collapse: collapse; width: 100%;\" class=\"mtr-table mtr-tr-td\">\n<tbody>\n<tr>\n<td style=\"width: 33.3333%;\" data-mtr-content=\"Modello\" class=\"mtr-td-tag\"><div class=\"mtr-cell-content\">Modell<\/div><\/td>\n<td style=\"width: 33.3333%;\" data-mtr-content=\"CA1424\" class=\"mtr-td-tag\"><div class=\"mtr-cell-content\"><strong>CA1424<\/strong><\/div><\/td>\n<td style=\"width: 33.3333%;\" data-mtr-content=\"CA1425\" class=\"mtr-td-tag\"><div class=\"mtr-cell-content\"><strong>CA1425<\/strong><\/div><\/td>\n<\/tr>\n<tr>\n<td style=\"width: 33.3333%;\" data-mtr-content=\"Modello\" class=\"mtr-td-tag\"><div class=\"mtr-cell-content\">Abmessungen<\/div><\/td>\n<td style=\"width: 33.3333%;\" data-mtr-content=\"CA1424\" class=\"mtr-td-tag\"><div class=\"mtr-cell-content\">90 x 60 x 140(h) cm<\/div><\/td>\n<td style=\"width: 33.3333%;\" data-mtr-content=\"CA1425\" class=\"mtr-td-tag\"><div class=\"mtr-cell-content\">110 x 60 x 140(h) cm<\/div><\/td>\n<\/tr>\n<tr>\n<td style=\"width: 33.3333%;\" data-mtr-content=\"Modello\" class=\"mtr-td-tag\"><div class=\"mtr-cell-content\">Regale<\/div><\/td>\n<td style=\"width: 33.3333%;\" data-mtr-content=\"CA1424\" class=\"mtr-td-tag\"><div class=\"mtr-cell-content\">4<\/div><\/td>\n<td style=\"width: 33.3333%;\" data-mtr-content=\"CA1425\" class=\"mtr-td-tag\"><div class=\"mtr-cell-content\">4<\/div><\/td>\n<\/tr>\n<tr>\n<td style=\"width: 33.3333%;\" data-mtr-content=\"Modello\" class=\"mtr-td-tag\"><div class=\"mtr-cell-content\">Gr\u00f6\u00dfe der Arbeitsfl\u00e4che<\/div><\/td>\n<td style=\"width: 33.3333%;\" data-mtr-content=\"CA1424\" class=\"mtr-td-tag\"><div class=\"mtr-cell-content\">80 x 50 cm<\/div><\/td>\n<td style=\"width: 33.3333%;\" data-mtr-content=\"CA1425\" class=\"mtr-td-tag\"><div class=\"mtr-cell-content\">100 x 50 cm<\/div><\/td>\n<\/tr>\n<tr>\n<td style=\"width: 33.3333%;\" data-mtr-content=\"Modello\" class=\"mtr-td-tag\"><div class=\"mtr-cell-content\">Bruttogewicht<\/div><\/td>\n<td style=\"width: 33.3333%;\" data-mtr-content=\"CA1424\" class=\"mtr-td-tag\"><div class=\"mtr-cell-content\">28<\/div><\/td>\n<td style=\"width: 33.3333%;\" data-mtr-content=\"CA1425\" class=\"mtr-td-tag\"><div class=\"mtr-cell-content\">30<\/div><\/td>\n<\/tr>\n<tr>\n<td style=\"width: 33.3333%;\" data-mtr-content=\"Modello\" class=\"mtr-td-tag\"><div class=\"mtr-cell-content\">Maximale Belastung<\/div><\/td>\n<td style=\"width: 33.3333%;\" data-mtr-content=\"CA1424\" class=\"mtr-td-tag\"><div class=\"mtr-cell-content\">100 kg<\/div><\/td>\n<td style=\"width: 33.3333%;\" data-mtr-content=\"CA1425\" class=\"mtr-td-tag\"><div class=\"mtr-cell-content\">100 kg<\/div><\/td>\n<\/tr>\n<\/tbody>\n<\/table>\n<p>&nbsp;<\/p>\n<div class=\"\">\n<div class=\"\">\n<p>Optional<\/p>\n<ul>\n<li>Rad mit Bremse (1er-Pack).<\/li>\n<\/ul>\n<p><img decoding=\"async\" class=\"alignnone size-full wp-image-122955\" src=\"https:\/\/www.creaearredanegozi.it\/wp-content\/uploads\/2019\/02\/Ruota-con-freno-Forcar-CA-1000-1050-1070-1071.jpg\" alt=\"\" width=\"234\" height=\"354\" title=\"\" srcset=\"https:\/\/www.creaearredanegozi.it\/wp-content\/uploads\/2019\/02\/Ruota-con-freno-Forcar-CA-1000-1050-1070-1071.jpg 234w, https:\/\/www.creaearredanegozi.it\/wp-content\/uploads\/2019\/02\/Ruota-con-freno-Forcar-CA-1000-1050-1070-1071-64x97.jpg 64w\" sizes=\"(max-width: 234px) 100vw, 234px\" \/><\/p>\n<\/div>\n<\/div>","protected":false},"excerpt":{"rendered":"<p>Carrello di Servizio 4 Ripiani Inox Tubolare Tonda \u00d8 25 90\/110x60x140 cm Forcar Carrello di servizio in acciaio inox CA1424 e CA1425 Struttura tubolare \u00f8 25 mm in acciaio inox AISI 304 \u2013 ripiani in acciaio inox AISI 304, stampati in forma di vassoio con bordi arrotondati e alto spessore, insonorizzati e con finitura satinata [&#8230;]","protected":false},"featured_media":123018,"comment_status":"closed","ping_status":"closed","template":"","meta":{"_monsterinsights_skip_tracking":false,"_monsterinsights_sitenote_active":false,"_monsterinsights_sitenote_note":"","_monsterinsights_sitenote_category":0},"product_brand":[624],"product_cat":[276,29],"product_tag":[],"class_list":{"0":"post-19660","1":"product","2":"type-product","3":"status-publish","4":"has-post-thumbnail","6":"product_brand-forcar","7":"product_cat-carrelli-di-servizio","8":"product_cat-cesteria-e-carrelli","9":"pa_marca-forcar","11":"first","12":"instock","13":"sale","14":"taxable","15":"shipping-taxable","16":"purchasable","17":"product-type-variable"},"_links":{"self":[{"href":"https:\/\/www.creaearredanegozi.it\/de\/wp-json\/wp\/v2\/product\/19660","targetHints":{"allow":["GET"]}}],"collection":[{"href":"https:\/\/www.creaearredanegozi.it\/de\/wp-json\/wp\/v2\/product"}],"about":[{"href":"https:\/\/www.creaearredanegozi.it\/de\/wp-json\/wp\/v2\/types\/product"}],"replies":[{"embeddable":true,"href":"https:\/\/www.creaearredanegozi.it\/de\/wp-json\/wp\/v2\/comments?post=19660"}],"wp:featuredmedia":[{"embeddable":true,"href":"https:\/\/www.creaearredanegozi.it\/de\/wp-json\/wp\/v2\/media\/123018"}],"wp:attachment":[{"href":"https:\/\/www.creaearredanegozi.it\/de\/wp-json\/wp\/v2\/media?parent=19660"}],"wp:term":[{"taxonomy":"product_brand","embeddable":true,"href":"https:\/\/www.creaearredanegozi.it\/de\/wp-json\/wp\/v2\/product_brand?post=19660"},{"taxonomy":"product_cat","embeddable":true,"href":"https:\/\/www.creaearredanegozi.it\/de\/wp-json\/wp\/v2\/product_cat?post=19660"},{"taxonomy":"product_tag","embeddable":true,"href":"https:\/\/www.creaearredanegozi.it\/de\/wp-json\/wp\/v2\/product_tag?post=19660"}],"curies":[{"name":"wp","href":"https:\/\/api.w.org\/{rel}","templated":true}]}}