{"id":19673,"date":"2019-02-15T10:30:33","date_gmt":"2019-02-15T09:30:33","guid":{"rendered":"https:\/\/www.creaearredanegozi.it\/?post_type=product&#038;p=19673"},"modified":"2025-12-03T20:39:24","modified_gmt":"2025-12-03T19:39:24","slug":"professioneller-edelstahl-1-loch-abfallwagen-90-110x60x94-cm-furcar-ca1390s-91s","status":"publish","type":"product","link":"https:\/\/www.creaearredanegozi.it\/de\/professioneller-edelstahl-1-loch-abfallwagen-90-110x60x94-cm-furcar-ca1390s-91s\/","title":{"rendered":"Professioneller 1-Loch-M\u00fcllwagen aus Edelstahl 90\/110x60x94 cm Forcar CA1390S \/91S"},"content":{"rendered":"<div class=\"\">\n<div class=\"\">\n<h3>Profi-Edelstahl 1-Loch-Eimerwagen 90\/110x60x94 cm Forcar<\/h3>\n<p><strong>CA1390S und CA1391S Abfallwagen<\/strong><\/p>\n<ul>\n<li>Servicewagen aus rostfreiem Stahl mit 1 Loch.<\/li>\n<li>Rahmen aus rostfreiem Stahlrohr mit 25 mm \u00f8 <strong>AISI 304.<\/strong><\/li>\n<li>2 Einlegeb\u00f6den aus Edelstahl <strong>AISI 304<\/strong> mit Loch f\u00fcr Abfallsack (ohne S\u00e4cke).<\/li>\n<li>Gummi-Sto\u00dff\u00e4nger.<\/li>\n<li>Multidirektionale R\u00e4der \u00f8 125 mm.<\/li>\n<li>Erh\u00e4ltlich in verschiedenen Gr\u00f6\u00dfen: <b>90x60x94h cm <\/b>e<b> 110x60x94h cm.<\/b><\/li>\n<\/ul>\n<table style=\"border-collapse: collapse; width: 100%;\" class=\"mtr-table mtr-tr-td\">\n<tbody>\n<tr>\n<td style=\"width: 33.3333%;\" data-mtr-content=\"Modello\" class=\"mtr-td-tag\"><div class=\"mtr-cell-content\">Modell<\/div><\/td>\n<td style=\"width: 33.3333%;\" data-mtr-content=\"CA1390S\" class=\"mtr-td-tag\"><div class=\"mtr-cell-content\"><strong>CA1390S<\/strong><\/div><\/td>\n<td style=\"width: 33.3333%;\" data-mtr-content=\"CA1391S\" class=\"mtr-td-tag\"><div class=\"mtr-cell-content\"><strong>CA1391S<\/strong><\/div><\/td>\n<\/tr>\n<tr>\n<td style=\"width: 33.3333%;\" data-mtr-content=\"Modello\" class=\"mtr-td-tag\"><div class=\"mtr-cell-content\">Gr\u00f6\u00dfe<\/div><\/td>\n<td style=\"width: 33.3333%;\" data-mtr-content=\"CA1390S\" class=\"mtr-td-tag\"><div class=\"mtr-cell-content\">90 x 60 x 94(h) cm<\/div><\/td>\n<td style=\"width: 33.3333%;\" data-mtr-content=\"CA1391S\" class=\"mtr-td-tag\"><div class=\"mtr-cell-content\">110 x 60 x 94(h) cm<\/div><\/td>\n<\/tr>\n<tr>\n<td style=\"width: 33.3333%;\" data-mtr-content=\"Modello\" class=\"mtr-td-tag\"><div class=\"mtr-cell-content\">Regale<\/div><\/td>\n<td style=\"width: 33.3333%;\" data-mtr-content=\"CA1390S\" class=\"mtr-td-tag\"><div class=\"mtr-cell-content\">2<\/div><\/td>\n<td style=\"width: 33.3333%;\" data-mtr-content=\"CA1391S\" class=\"mtr-td-tag\"><div class=\"mtr-cell-content\">2<\/div><\/td>\n<\/tr>\n<tr>\n<td style=\"width: 33.3333%;\" data-mtr-content=\"Modello\" class=\"mtr-td-tag\"><div class=\"mtr-cell-content\">Gr\u00f6\u00dfe der Arbeitsfl\u00e4che<\/div><\/td>\n<td style=\"width: 33.3333%;\" data-mtr-content=\"CA1390S\" class=\"mtr-td-tag\"><div class=\"mtr-cell-content\">80 x 50 cm<\/div><\/td>\n<td style=\"width: 33.3333%;\" data-mtr-content=\"CA1391S\" class=\"mtr-td-tag\"><div class=\"mtr-cell-content\">100 x 50 cm<\/div><\/td>\n<\/tr>\n<tr>\n<td style=\"width: 33.3333%;\" data-mtr-content=\"Modello\" class=\"mtr-td-tag\"><div class=\"mtr-cell-content\">Bruttogewicht<\/div><\/td>\n<td style=\"width: 33.3333%;\" data-mtr-content=\"CA1390S\" class=\"mtr-td-tag\"><div class=\"mtr-cell-content\">17 kg<\/div><\/td>\n<td style=\"width: 33.3333%;\" data-mtr-content=\"CA1391S\" class=\"mtr-td-tag\"><div class=\"mtr-cell-content\">17 kg<\/div><\/td>\n<\/tr>\n<tr>\n<td style=\"width: 33.3333%;\" data-mtr-content=\"Modello\" class=\"mtr-td-tag\"><div class=\"mtr-cell-content\">Maximale Belastung<\/div><\/td>\n<td style=\"width: 33.3333%;\" data-mtr-content=\"CA1390S\" class=\"mtr-td-tag\"><div class=\"mtr-cell-content\">100 kg<\/div><\/td>\n<td style=\"width: 33.3333%;\" data-mtr-content=\"CA1391S\" class=\"mtr-td-tag\"><div class=\"mtr-cell-content\">100 kg<\/div><\/td>\n<\/tr>\n<\/tbody>\n<\/table>\n<\/div>\n<p>Optional<\/p>\n<ul>\n<li>Rad mit Bremse (1er Pack).<\/li>\n<\/ul>\n<p><img decoding=\"async\" class=\"alignnone size-full wp-image-122955\" src=\"https:\/\/www.creaearredanegozi.it\/wp-content\/uploads\/2019\/02\/Ruota-con-freno-Forcar-CA-1000-1050-1070-1071.jpg\" alt=\"\" width=\"234\" height=\"354\" title=\"\" srcset=\"https:\/\/www.creaearredanegozi.it\/wp-content\/uploads\/2019\/02\/Ruota-con-freno-Forcar-CA-1000-1050-1070-1071.jpg 234w, https:\/\/www.creaearredanegozi.it\/wp-content\/uploads\/2019\/02\/Ruota-con-freno-Forcar-CA-1000-1050-1070-1071-64x97.jpg 64w\" sizes=\"(max-width: 234px) 100vw, 234px\" \/><\/p>\n<\/div>","protected":false},"excerpt":{"rendered":"<p>Carrello Portarifiuti Professionale Inox 1 Foro Sacco 90\/110x60x94 cm Forcar Carrello portarifiuti CA1390S e CA1391S Carrelli di servizio in acciaio inox con 1 foro. Struttura tubolare \u00f8 25 mm in acciaio inox AISI 304. 2 Ripiani in acciaio inox AISI 304 con foro per sacco porta rifiuti (sacchi esclusi). Paracolpi in gomma. Ruote multidirezionali \u00f8 [&#8230;]","protected":false},"featured_media":123034,"comment_status":"closed","ping_status":"closed","template":"","meta":{"_monsterinsights_skip_tracking":false,"_monsterinsights_sitenote_active":false,"_monsterinsights_sitenote_note":"","_monsterinsights_sitenote_category":0},"product_brand":[624],"product_cat":[276,29],"product_tag":[],"class_list":{"0":"post-19673","1":"product","2":"type-product","3":"status-publish","4":"has-post-thumbnail","6":"product_brand-forcar","7":"product_cat-carrelli-di-servizio","8":"product_cat-cesteria-e-carrelli","9":"pa_marca-forcar","11":"first","12":"instock","13":"sale","14":"taxable","15":"shipping-taxable","16":"purchasable","17":"product-type-variable"},"_links":{"self":[{"href":"https:\/\/www.creaearredanegozi.it\/de\/wp-json\/wp\/v2\/product\/19673","targetHints":{"allow":["GET"]}}],"collection":[{"href":"https:\/\/www.creaearredanegozi.it\/de\/wp-json\/wp\/v2\/product"}],"about":[{"href":"https:\/\/www.creaearredanegozi.it\/de\/wp-json\/wp\/v2\/types\/product"}],"replies":[{"embeddable":true,"href":"https:\/\/www.creaearredanegozi.it\/de\/wp-json\/wp\/v2\/comments?post=19673"}],"wp:featuredmedia":[{"embeddable":true,"href":"https:\/\/www.creaearredanegozi.it\/de\/wp-json\/wp\/v2\/media\/123034"}],"wp:attachment":[{"href":"https:\/\/www.creaearredanegozi.it\/de\/wp-json\/wp\/v2\/media?parent=19673"}],"wp:term":[{"taxonomy":"product_brand","embeddable":true,"href":"https:\/\/www.creaearredanegozi.it\/de\/wp-json\/wp\/v2\/product_brand?post=19673"},{"taxonomy":"product_cat","embeddable":true,"href":"https:\/\/www.creaearredanegozi.it\/de\/wp-json\/wp\/v2\/product_cat?post=19673"},{"taxonomy":"product_tag","embeddable":true,"href":"https:\/\/www.creaearredanegozi.it\/de\/wp-json\/wp\/v2\/product_tag?post=19673"}],"curies":[{"name":"wp","href":"https:\/\/api.w.org\/{rel}","templated":true}]}}