{"id":19678,"date":"2019-02-15T10:46:44","date_gmt":"2019-02-15T09:46:44","guid":{"rendered":"https:\/\/www.creaearredanegozi.it\/?post_type=product&#038;p=19678"},"modified":"2025-12-03T20:39:24","modified_gmt":"2025-12-03T19:39:24","slug":"professioneller-2-loch-abfallwagen-aus-edelstahl-110x60x94-cm-furcar-ca1391s2","status":"publish","type":"product","link":"https:\/\/www.creaearredanegozi.it\/de\/professioneller-2-loch-abfallwagen-aus-edelstahl-110x60x94-cm-furcar-ca1391s2\/","title":{"rendered":"Professioneller 2-Loch-Abfallwagen aus Edelstahl 110x60x94 cm Forcar CA1391S2"},"content":{"rendered":"<div class=\"\">\n<div class=\"\">\n<h3>Professioneller 2-Loch-Abfallwagen aus Edelstahl 110x60x94 cm Forcar<\/h3>\n<p><strong>CA 1391S2 Abfallwagen<\/strong><\/p>\n<ul>\n<li>Servicewagen aus rostfreiem Stahl.<\/li>\n<li>Rahmen aus rostfreiem Stahlrohr mit 25 mm \u00f8 <strong>AISI 304<\/strong>.<\/li>\n<li>Einlegeb\u00f6den aus rostfreiem Stahl <strong>AISI 304<\/strong> mit L\u00f6chern f\u00fcr Abfalls\u00e4cke.<span style=\"color: #333333;\">(<\/span><strong style=\"color: #333333;\">Taschen ausgeschlossen<\/strong><span style=\"color: #333333;\">)<\/span><\/li>\n<li>Gummi-Sto\u00dff\u00e4nger.<\/li>\n<li>Multidirektionale R\u00e4der \u00f8 125 mm.<\/li>\n<li>Abmessungen:<b> 110x60x94h cm.<\/b><\/li>\n<\/ul>\n<p>*S\u00e4cke nicht enthalten.<\/p>\n<\/div>\n<table style=\"border-collapse: collapse; width: 100%;\">\n<tbody>\n<tr>\n<td style=\"width: 50%;\">Modell<\/td>\n<td style=\"width: 50%;\"><strong>CA 1391S2<\/strong><\/td>\n<\/tr>\n<tr>\n<td style=\"width: 50%;\">Abmessungen<\/td>\n<td style=\"width: 50%;\">110 x 60 x 94(h) cm<\/td>\n<\/tr>\n<tr>\n<td style=\"width: 50%;\">Regale<\/td>\n<td style=\"width: 50%;\">2<\/td>\n<\/tr>\n<tr>\n<td style=\"width: 50%;\">Abmessungen der Arbeitsplatte<\/td>\n<td style=\"width: 50%;\">100 x 50 cm<\/td>\n<\/tr>\n<tr>\n<td style=\"width: 50%;\">Bruttogewicht<\/td>\n<td style=\"width: 50%;\">18,5 kg<\/td>\n<\/tr>\n<tr>\n<td style=\"width: 50%;\">Maximale Belastung<\/td>\n<td style=\"width: 50%;\">100 kg<\/td>\n<\/tr>\n<\/tbody>\n<\/table>\n<div class=\"\">\n<p>Optional<\/p>\n<ul>\n<li>Rad mit Bremse (1er-Pack).<\/li>\n<\/ul>\n<\/div>\n<p><img decoding=\"async\" class=\"alignnone size-full wp-image-122955\" src=\"https:\/\/www.creaearredanegozi.it\/wp-content\/uploads\/2019\/02\/Ruota-con-freno-Forcar-CA-1000-1050-1070-1071.jpg\" alt=\"\" width=\"234\" height=\"354\" title=\"\" srcset=\"https:\/\/www.creaearredanegozi.it\/wp-content\/uploads\/2019\/02\/Ruota-con-freno-Forcar-CA-1000-1050-1070-1071.jpg 234w, https:\/\/www.creaearredanegozi.it\/wp-content\/uploads\/2019\/02\/Ruota-con-freno-Forcar-CA-1000-1050-1070-1071-64x97.jpg 64w\" sizes=\"(max-width: 234px) 100vw, 234px\" \/><\/p>\n<\/div>","protected":false},"excerpt":{"rendered":"<p>Carrello Porta rifiuti Professionale Acciaio Inox 2 Fori 110x60x94 cm Forcar Carrello portarifiuti CA 1391S2 Carrelli di servizio in acciaio inox. Struttura tubolare \u00f8 25 mm in acciaio inox AISI 304. Ripiani in acciaio inox AISI 304 con fori per sacchi porta rifiuti.(sacchi esclusi) Paracolpi in gomma. Ruote multidirezionali \u00f8 125 mm. Dimensioni: 110x60x94h cm. [&#8230;]","protected":false},"featured_media":123037,"comment_status":"closed","ping_status":"closed","template":"","meta":{"_monsterinsights_skip_tracking":false,"_monsterinsights_sitenote_active":false,"_monsterinsights_sitenote_note":"","_monsterinsights_sitenote_category":0},"product_brand":[624],"product_cat":[276,29],"product_tag":[],"class_list":{"0":"post-19678","1":"product","2":"type-product","3":"status-publish","4":"has-post-thumbnail","6":"product_brand-forcar","7":"product_cat-carrelli-di-servizio","8":"product_cat-cesteria-e-carrelli","9":"product_shipping_class-206","10":"pa_marca-forcar","12":"first","13":"instock","14":"sale","15":"taxable","16":"shipping-taxable","17":"purchasable","18":"product-type-simple"},"_links":{"self":[{"href":"https:\/\/www.creaearredanegozi.it\/de\/wp-json\/wp\/v2\/product\/19678","targetHints":{"allow":["GET"]}}],"collection":[{"href":"https:\/\/www.creaearredanegozi.it\/de\/wp-json\/wp\/v2\/product"}],"about":[{"href":"https:\/\/www.creaearredanegozi.it\/de\/wp-json\/wp\/v2\/types\/product"}],"replies":[{"embeddable":true,"href":"https:\/\/www.creaearredanegozi.it\/de\/wp-json\/wp\/v2\/comments?post=19678"}],"wp:featuredmedia":[{"embeddable":true,"href":"https:\/\/www.creaearredanegozi.it\/de\/wp-json\/wp\/v2\/media\/123037"}],"wp:attachment":[{"href":"https:\/\/www.creaearredanegozi.it\/de\/wp-json\/wp\/v2\/media?parent=19678"}],"wp:term":[{"taxonomy":"product_brand","embeddable":true,"href":"https:\/\/www.creaearredanegozi.it\/de\/wp-json\/wp\/v2\/product_brand?post=19678"},{"taxonomy":"product_cat","embeddable":true,"href":"https:\/\/www.creaearredanegozi.it\/de\/wp-json\/wp\/v2\/product_cat?post=19678"},{"taxonomy":"product_tag","embeddable":true,"href":"https:\/\/www.creaearredanegozi.it\/de\/wp-json\/wp\/v2\/product_tag?post=19678"}],"curies":[{"name":"wp","href":"https:\/\/api.w.org\/{rel}","templated":true}]}}