{"id":19690,"date":"2019-02-15T11:12:02","date_gmt":"2019-02-15T10:12:02","guid":{"rendered":"https:\/\/www.creaearredanegozi.it\/?post_type=product&#038;p=19690"},"modified":"2024-03-13T10:42:21","modified_gmt":"2024-03-13T09:42:21","slug":"edelstahl-wagen-2-becken-h-65-91x57x97-cm-forcar-ca-1396","status":"publish","type":"product","link":"https:\/\/www.creaearredanegozi.it\/de\/edelstahl-wagen-2-becken-h-65-91x57x97-cm-forcar-ca-1396\/","title":{"rendered":"Edelstahlwagen 2 Becken h 6,5 cm ideal f\u00fcr die Entsorgung Forcar CA 1396"},"content":{"rendered":"<h3>Edelstahlwagen 2 Becken h 6,5 91x57x97 cm<\/h3>\n<p><strong>Modell Forcar CA 1396<\/strong><\/p>\n<ul>\n<li>Edelstahl-Rohrrahmen <strong>AISI 304<\/strong> 20\u00d720 mm<\/li>\n<li>Wagen aus rostfreiem Stahl, ideal zum Entladen.<\/li>\n<li>Tanks aus rostfreiem Stahl <strong>AISI 304<\/strong> h. 65 mm schallged\u00e4mmt.<\/li>\n<li>Multidirektionale R\u00e4der mit 125 mm Durchmesser<\/li>\n<li>Gummi-Sto\u00dff\u00e4nger.<\/li>\n<li>Gesamtbelastbarkeit 80 kg.<\/li>\n<li>Abmessungen: 91x57x97h cm.<\/li>\n<li>Gr\u00f6\u00dfe der Arbeitsplatte 90\u00d750 cm.<\/li>\n<li>Abmessungen der Wanne 90x50x6,5h cm<\/li>\n<\/ul>","protected":false},"excerpt":{"rendered":"<p>Carrello acciaio inox 2 vasche h 6,5 91x57x97 cm modello Forcar CA 1396 Struttura tubolare in accicio inox AISI 304 20&#215;20 mm Carrello inox ideale per uso sbarazzo. Vasche inox AISI 304 h. 65 mm insonorizzate. Ruote multidirezionali diametro 125 mm Paracolpi in gomma. Portata complessiva Kg 80. Dimensioni: 91x57x97h cm. Dimensione piano lavoro 90&#215;50 [&#8230;]","protected":false},"featured_media":127204,"comment_status":"closed","ping_status":"closed","template":"","meta":{"_monsterinsights_skip_tracking":false,"_monsterinsights_sitenote_active":false,"_monsterinsights_sitenote_note":"","_monsterinsights_sitenote_category":0},"product_brand":[],"product_cat":[276,29],"product_tag":[],"class_list":{"0":"post-19690","1":"product","2":"type-product","3":"status-publish","4":"has-post-thumbnail","6":"product_cat-carrelli-di-servizio","7":"product_cat-cesteria-e-carrelli","8":"product_shipping_class-206","9":"pa_marca-forcar","11":"first","12":"instock","13":"taxable","14":"shipping-taxable","15":"purchasable","16":"product-type-simple"},"_links":{"self":[{"href":"https:\/\/www.creaearredanegozi.it\/de\/wp-json\/wp\/v2\/product\/19690","targetHints":{"allow":["GET"]}}],"collection":[{"href":"https:\/\/www.creaearredanegozi.it\/de\/wp-json\/wp\/v2\/product"}],"about":[{"href":"https:\/\/www.creaearredanegozi.it\/de\/wp-json\/wp\/v2\/types\/product"}],"replies":[{"embeddable":true,"href":"https:\/\/www.creaearredanegozi.it\/de\/wp-json\/wp\/v2\/comments?post=19690"}],"wp:featuredmedia":[{"embeddable":true,"href":"https:\/\/www.creaearredanegozi.it\/de\/wp-json\/wp\/v2\/media\/127204"}],"wp:attachment":[{"href":"https:\/\/www.creaearredanegozi.it\/de\/wp-json\/wp\/v2\/media?parent=19690"}],"wp:term":[{"taxonomy":"product_brand","embeddable":true,"href":"https:\/\/www.creaearredanegozi.it\/de\/wp-json\/wp\/v2\/product_brand?post=19690"},{"taxonomy":"product_cat","embeddable":true,"href":"https:\/\/www.creaearredanegozi.it\/de\/wp-json\/wp\/v2\/product_cat?post=19690"},{"taxonomy":"product_tag","embeddable":true,"href":"https:\/\/www.creaearredanegozi.it\/de\/wp-json\/wp\/v2\/product_tag?post=19690"}],"curies":[{"name":"wp","href":"https:\/\/api.w.org\/{rel}","templated":true}]}}