{"id":19773,"date":"2019-02-16T10:22:31","date_gmt":"2019-02-16T09:22:31","guid":{"rendered":"https:\/\/www.creaearredanegozi.it\/?post_type=product&#038;p=19773"},"modified":"2025-12-03T21:00:05","modified_gmt":"2025-12-03T20:00:05","slug":"einbau-kuhltank-aus-edelstahl-2-8c-furcar-g-vri","status":"publish","type":"product","link":"https:\/\/www.creaearredanegozi.it\/de\/einbau-kuhltank-aus-edelstahl-2-8c-furcar-g-vri\/","title":{"rendered":"Eingebauter gek\u00fchlter Edelstahltank Eingebaute Gruppe +2\/+8\u00b0C Forcar G-VRI"},"content":{"rendered":"<h3>Einbau-K\u00fchltank Edelstahl-Einbauger\u00e4t +2\/+8\u00b0C Forcar G-VRI<\/h3>\n<p><strong>Produktbezeichnung G-VRI211 \/ G-VRI311 \/ G-VRI411<\/strong><\/p>\n<p>Eingebaute K\u00fchltanks aus rostfreiem Stahl AISI 304.<\/p>\n<ul>\n<li>Konstruktion aus rostfreiem Stahl AISI 304.<\/li>\n<li>Au\u00dfenverkleidung aus verzinktem Blech.<\/li>\n<li>Dicke der Isolierung 50 mm.<\/li>\n<li>Statische K\u00fchlung.<\/li>\n<li>Die Gruppe ist in das untere Fach integriert.<\/li>\n<li>Elektronische Temperaturregelung mit digitalem Thermostat.<\/li>\n<li>Automatische Abtauung.<\/li>\n<li>Automatische Kondenswasserverdunstung.<\/li>\n<li>220\/240V - 50Hz - 340W - 2,8KW\/24 h.<\/li>\n<li>Verf\u00fcgbare Gr\u00f6\u00dfen: <strong>2xGN1\/1-150(h)mm<\/strong> \/\u00a0<strong>3xGN1\/1-150(h)mm<\/strong> <b>\/<\/b>\u00a0 <strong>4xGN1\/1-150(h)mm.<\/strong><b><\/b><\/li>\n<li>Becken ausgeschlossen.<\/li>\n<\/ul>\n<p><img decoding=\"async\" class=\"alignnone size-medium wp-image-19778 aligncenter\" src=\"https:\/\/www.creaearredanegozi.it\/wp-content\/uploads\/2019\/02\/VRI411.png\" alt=\"\" width=\"433\" height=\"228\" title=\"\" srcset=\"https:\/\/www.creaearredanegozi.it\/wp-content\/uploads\/2019\/02\/VRI411.png 433w, https:\/\/www.creaearredanegozi.it\/wp-content\/uploads\/2019\/02\/VRI411-64x34.png 64w, https:\/\/www.creaearredanegozi.it\/wp-content\/uploads\/2019\/02\/VRI411-200x105.png 200w, https:\/\/www.creaearredanegozi.it\/wp-content\/uploads\/2019\/02\/VRI411-400x211.png 400w\" sizes=\"(max-width: 433px) 100vw, 433px\" \/><img decoding=\"async\" class=\"alignnone size-medium wp-image-19777 aligncenter\" src=\"https:\/\/www.creaearredanegozi.it\/wp-content\/uploads\/2019\/02\/VRI311.png\" alt=\"\" width=\"425\" height=\"219\" title=\"\" srcset=\"https:\/\/www.creaearredanegozi.it\/wp-content\/uploads\/2019\/02\/VRI311.png 425w, https:\/\/www.creaearredanegozi.it\/wp-content\/uploads\/2019\/02\/VRI311-64x33.png 64w, https:\/\/www.creaearredanegozi.it\/wp-content\/uploads\/2019\/02\/VRI311-200x103.png 200w, https:\/\/www.creaearredanegozi.it\/wp-content\/uploads\/2019\/02\/VRI311-400x206.png 400w\" sizes=\"(max-width: 425px) 100vw, 425px\" \/><img decoding=\"async\" class=\"alignnone size-medium wp-image-19776 aligncenter\" src=\"https:\/\/www.creaearredanegozi.it\/wp-content\/uploads\/2019\/02\/VRI211.png\" alt=\"\" width=\"415\" height=\"436\" title=\"\" srcset=\"https:\/\/www.creaearredanegozi.it\/wp-content\/uploads\/2019\/02\/VRI211.png 415w, https:\/\/www.creaearredanegozi.it\/wp-content\/uploads\/2019\/02\/VRI211-64x67.png 64w, https:\/\/www.creaearredanegozi.it\/wp-content\/uploads\/2019\/02\/VRI211-200x210.png 200w, https:\/\/www.creaearredanegozi.it\/wp-content\/uploads\/2019\/02\/VRI211-400x420.png 400w\" sizes=\"(max-width: 415px) 100vw, 415px\" \/><\/p>","protected":false},"excerpt":{"rendered":"<p>Vasca refrigerata da incasso acciaio inox gruppo incorporato +2\/+8\u00b0C Forcar G-VRI Codice prodotto G-VRI211 \/ G-VRI311 \/ G-VRI411 Vasche refrigerate da incasso in acciaio inox AISI 304. Struttura in acciaio inox AISI 304. Pannelli esterni in lamiera galvanizzata. Spessore isolamenti 50 mm. Refrigerazione statica. Gruppo incorporato nel vano inferiore. Controllo temperatura elettronico con termostato digitale. [&#8230;]","protected":false},"featured_media":123717,"comment_status":"closed","ping_status":"closed","template":"","meta":{"_monsterinsights_skip_tracking":false,"_monsterinsights_sitenote_active":false,"_monsterinsights_sitenote_note":"","_monsterinsights_sitenote_category":0},"product_brand":[624],"product_cat":[739,342,335],"product_tag":[],"class_list":{"0":"post-19773","1":"product","2":"type-product","3":"status-publish","4":"has-post-thumbnail","6":"product_brand-forcar","7":"product_cat-elementi-freddi-drop-in","8":"product_cat-drop-in","9":"product_cat-self-service","10":"pa_marca-forcar","12":"first","13":"instock","14":"sale","15":"taxable","16":"shipping-taxable","17":"purchasable","18":"product-type-variable"},"_links":{"self":[{"href":"https:\/\/www.creaearredanegozi.it\/de\/wp-json\/wp\/v2\/product\/19773","targetHints":{"allow":["GET"]}}],"collection":[{"href":"https:\/\/www.creaearredanegozi.it\/de\/wp-json\/wp\/v2\/product"}],"about":[{"href":"https:\/\/www.creaearredanegozi.it\/de\/wp-json\/wp\/v2\/types\/product"}],"replies":[{"embeddable":true,"href":"https:\/\/www.creaearredanegozi.it\/de\/wp-json\/wp\/v2\/comments?post=19773"}],"wp:featuredmedia":[{"embeddable":true,"href":"https:\/\/www.creaearredanegozi.it\/de\/wp-json\/wp\/v2\/media\/123717"}],"wp:attachment":[{"href":"https:\/\/www.creaearredanegozi.it\/de\/wp-json\/wp\/v2\/media?parent=19773"}],"wp:term":[{"taxonomy":"product_brand","embeddable":true,"href":"https:\/\/www.creaearredanegozi.it\/de\/wp-json\/wp\/v2\/product_brand?post=19773"},{"taxonomy":"product_cat","embeddable":true,"href":"https:\/\/www.creaearredanegozi.it\/de\/wp-json\/wp\/v2\/product_cat?post=19773"},{"taxonomy":"product_tag","embeddable":true,"href":"https:\/\/www.creaearredanegozi.it\/de\/wp-json\/wp\/v2\/product_tag?post=19773"}],"curies":[{"name":"wp","href":"https:\/\/api.w.org\/{rel}","templated":true}]}}