{"id":19820,"date":"2019-02-16T12:21:38","date_gmt":"2019-02-16T11:21:38","guid":{"rendered":"https:\/\/www.creaearredanegozi.it\/?post_type=product&#038;p=19820"},"modified":"2025-12-03T20:39:27","modified_gmt":"2025-12-03T19:39:27","slug":"carrello-termico-acciaio-inox-30-90-c-84x65x85-cm-capienza-n-2-gn1-1-forcar-cts-1759","status":"publish","type":"product","link":"https:\/\/www.creaearredanegozi.it\/de\/carrello-termico-acciaio-inox-30-90-c-84x65x85-cm-capienza-n-2-gn1-1-forcar-cts-1759\/","title":{"rendered":"Edelstahlwagen +30\/+90 \u00b0C 84x65x85 cm Kapazit\u00e4t N 2 GN1\/1 Forcar CTS 1759"},"content":{"rendered":"<h3>Carrello termico acciaio inox +30\/+90 \u00b0C 84x65x85 cm N 2 GN 1\/1 Forcar<\/h3>\n<p><strong>Heizwagen mit Trockenheizung CTS 1759<\/strong><\/p>\n<ul>\n<li>Heizwagen mit trockenem Heizelement (kein Wasser).<\/li>\n<li>BECKEN AUSGESCHLOSSEN.<\/li>\n<li>Konstruktion aus rostfreiem Stahl AISI 304.<\/li>\n<li>Doppelwandiger Tank.<\/li>\n<li>Einstellbarer Thermostat +30\u00b0 +90\u00b0C.<\/li>\n<li>Stromversorgung V230 50\/60 Hz.<\/li>\n<li>Netzschalter mit Kontrollleuchte, Heizungs-Kontrollleuchte in Betrieb.<\/li>\n<li>Multidirektionale R\u00e4der \u00f8 125 mm, Sto\u00dfstange und Richtungsgriff.<\/li>\n<li>Dimensioni esterne: 84x65x85h cm<\/li>\n<li>Capacit\u00e0 2&#215;1\/1 GN 200h (vasche escluse)<\/li>\n<li>Strom<strong> 1000<\/strong> <strong>W.<\/strong><\/li>\n<li>Die angegebenen Betriebstemperaturen gelten bei aufgesetzter Abdeckung.<\/li>\n<li><strong>L&#8217;immagine caricata \u00e8 puramente indicativa (modello 3 x GN1\/1).<\/strong><\/li>\n<\/ul>","protected":false},"excerpt":{"rendered":"<p>Carrello termico acciaio inox +30\/+90 \u00b0C 84x65x85 cm N 2 GN 1\/1 Forcar Carrello termico con resistenza a secco CTS 1759 Carrello termico con resistenza a secco (senza acqua). BACINELLE ESCLUSE. Struttura in acciaio inox AISI 304. Vasca a doppia parete. Termostato regolabile +30\u00b0 +90\u00b0C. Alimentazione V230 50\/60 Hz. Interruttore accensione con spia luminosa, spia [&#8230;]","protected":false},"featured_media":123792,"comment_status":"closed","ping_status":"closed","template":"","meta":{"_monsterinsights_skip_tracking":false,"_monsterinsights_sitenote_active":false,"_monsterinsights_sitenote_note":"","_monsterinsights_sitenote_category":0},"product_brand":[624],"product_cat":[276,29,738,335],"product_tag":[],"class_list":{"0":"post-19820","1":"product","2":"type-product","3":"status-publish","4":"has-post-thumbnail","6":"product_brand-forcar","7":"product_cat-carrelli-di-servizio","8":"product_cat-cesteria-e-carrelli","9":"product_cat-elementi-caldi-drop-in","10":"product_cat-self-service","11":"product_shipping_class-38","12":"pa_marca-forcar","14":"first","15":"instock","16":"sale","17":"taxable","18":"shipping-taxable","19":"purchasable","20":"product-type-simple"},"_links":{"self":[{"href":"https:\/\/www.creaearredanegozi.it\/de\/wp-json\/wp\/v2\/product\/19820","targetHints":{"allow":["GET"]}}],"collection":[{"href":"https:\/\/www.creaearredanegozi.it\/de\/wp-json\/wp\/v2\/product"}],"about":[{"href":"https:\/\/www.creaearredanegozi.it\/de\/wp-json\/wp\/v2\/types\/product"}],"replies":[{"embeddable":true,"href":"https:\/\/www.creaearredanegozi.it\/de\/wp-json\/wp\/v2\/comments?post=19820"}],"wp:featuredmedia":[{"embeddable":true,"href":"https:\/\/www.creaearredanegozi.it\/de\/wp-json\/wp\/v2\/media\/123792"}],"wp:attachment":[{"href":"https:\/\/www.creaearredanegozi.it\/de\/wp-json\/wp\/v2\/media?parent=19820"}],"wp:term":[{"taxonomy":"product_brand","embeddable":true,"href":"https:\/\/www.creaearredanegozi.it\/de\/wp-json\/wp\/v2\/product_brand?post=19820"},{"taxonomy":"product_cat","embeddable":true,"href":"https:\/\/www.creaearredanegozi.it\/de\/wp-json\/wp\/v2\/product_cat?post=19820"},{"taxonomy":"product_tag","embeddable":true,"href":"https:\/\/www.creaearredanegozi.it\/de\/wp-json\/wp\/v2\/product_tag?post=19820"}],"curies":[{"name":"wp","href":"https:\/\/api.w.org\/{rel}","templated":true}]}}