{"id":20316,"date":"2019-02-25T12:40:53","date_gmt":"2019-02-25T11:40:53","guid":{"rendered":"https:\/\/www.creaearredanegozi.it\/?post_type=product&#038;p=20316"},"modified":"2025-12-03T20:39:33","modified_gmt":"2025-12-03T19:39:33","slug":"professionelle-vitrine-fur-brioches-und-croissants-plexiglas-neutral-85x35x18-cm-furcar-vbe-85","status":"publish","type":"product","link":"https:\/\/www.creaearredanegozi.it\/de\/professionelle-vitrine-fur-brioches-und-croissants-plexiglas-neutral-85x35x18-cm-furcar-vbe-85\/","title":{"rendered":"Professionelle Vitrine f\u00fcr Brioches und Croissants Neutrales Plexiglas 85x35x18 cm Forcar VBE 85"},"content":{"rendered":"<h3>Plexiglasvitrine neutral 85x35x18 cm Forcar VBE85<\/h3>\n<div><strong>VBE 85 Brioches-Vitrine<\/strong><\/div>\n<ul>\n<li>Vitrine f\u00fcr Croissants und Geb\u00e4ck.<\/li>\n<li>Einzigartige Struktur komplett aus Plexiglas mit T\u00fcren, die auf beiden Seiten ge\u00f6ffnet werden k\u00f6nnen<\/li>\n<li>Au\u00dfenma\u00dfe: 85x35x18h cm.<\/li>\n<\/ul>","protected":false},"excerpt":{"rendered":"<p>Neutrale Plexiglasvitrine 85x35x18 cm Forcar VBE85 Vitrine f\u00fcr Croissants und Torten. Einzigartige Struktur, komplett aus Plexiglas mit beidseitig zu \u00f6ffnenden T\u00fcren. Au\u00dfenma\u00dfe: 85x35x18h cm.<\/p>","protected":false},"featured_media":123953,"comment_status":"closed","ping_status":"closed","template":"","meta":{"_monsterinsights_skip_tracking":false,"_monsterinsights_sitenote_active":false,"_monsterinsights_sitenote_note":"","_monsterinsights_sitenote_category":0},"product_brand":[624],"product_cat":[257,335,28,339],"product_tag":[],"class_list":{"0":"post-20316","1":"product","2":"type-product","3":"status-publish","4":"has-post-thumbnail","6":"product_brand-forcar","7":"product_cat-neutre","8":"product_cat-self-service","9":"product_cat-vetrine","10":"product_cat-vetrine-self-service","11":"product_shipping_class-206","12":"pa_marca-forcar","14":"first","15":"instock","16":"sale","17":"taxable","18":"shipping-taxable","19":"purchasable","20":"product-type-simple"},"_links":{"self":[{"href":"https:\/\/www.creaearredanegozi.it\/de\/wp-json\/wp\/v2\/product\/20316","targetHints":{"allow":["GET"]}}],"collection":[{"href":"https:\/\/www.creaearredanegozi.it\/de\/wp-json\/wp\/v2\/product"}],"about":[{"href":"https:\/\/www.creaearredanegozi.it\/de\/wp-json\/wp\/v2\/types\/product"}],"replies":[{"embeddable":true,"href":"https:\/\/www.creaearredanegozi.it\/de\/wp-json\/wp\/v2\/comments?post=20316"}],"wp:featuredmedia":[{"embeddable":true,"href":"https:\/\/www.creaearredanegozi.it\/de\/wp-json\/wp\/v2\/media\/123953"}],"wp:attachment":[{"href":"https:\/\/www.creaearredanegozi.it\/de\/wp-json\/wp\/v2\/media?parent=20316"}],"wp:term":[{"taxonomy":"product_brand","embeddable":true,"href":"https:\/\/www.creaearredanegozi.it\/de\/wp-json\/wp\/v2\/product_brand?post=20316"},{"taxonomy":"product_cat","embeddable":true,"href":"https:\/\/www.creaearredanegozi.it\/de\/wp-json\/wp\/v2\/product_cat?post=20316"},{"taxonomy":"product_tag","embeddable":true,"href":"https:\/\/www.creaearredanegozi.it\/de\/wp-json\/wp\/v2\/product_tag?post=20316"}],"curies":[{"name":"wp","href":"https:\/\/api.w.org\/{rel}","templated":true}]}}