{"id":20347,"date":"2019-02-26T09:32:30","date_gmt":"2019-02-26T08:32:30","guid":{"rendered":"https:\/\/www.creaearredanegozi.it\/?post_type=product&#038;p=20347"},"modified":"2025-12-03T20:39:34","modified_gmt":"2025-12-03T19:39:34","slug":"carrello-portavassoi-professionale-acciaio-inox-per-10-vassoi-45x62x175h-cm-forcar-ca-1450","status":"publish","type":"product","link":"https:\/\/www.creaearredanegozi.it\/de\/carrello-portavassoi-professionale-acciaio-inox-per-10-vassoi-45x62x175h-cm-forcar-ca-1450\/","title":{"rendered":"Professioneller Tablettwagen aus Edelstahl f\u00fcr 10 Tabletts 45x62x175h cm Forcar CA 1450"},"content":{"rendered":"<h3>Carrello porta vassoi acciaio inox per 10 posizioni Forcar<\/h3>\n<p><strong>Carrello portavassoi CA 1450<\/strong><\/p>\n<div class=\"page\" title=\"Seite 77\">\n<div class=\"layoutArea\">\n<div class=\"column\">\n<div class=\"page\" title=\"Seite 78\">\n<div class=\"section\">\n<div class=\"layoutArea\">\n<div class=\"column\">\n<ul>\n<li class=\"p1\">Struktur aus rostfreiem Stahl.<\/li>\n<li class=\"p1\">F\u00fchrungen aus rostfreiem Stahl.<\/li>\n<li>12 cm zwischen jeder Schiene.<\/li>\n<li class=\"p1\">Multidirektionale R\u00e4der \u00f8 125 mm.<\/li>\n<li class=\"p1\">Gummi-Sto\u00dff\u00e4nger.<\/li>\n<li>Standardm\u00e4\u00dfig vorbereitet f\u00fcr GN1\/1 Tabletts - 53 x 32,5 cm.<\/li>\n<li>Tabletts, Schalen und Sch\u00fcsseln nicht enthalten.<\/li>\n<li>Dimensioni esterne: 45x62x175h cm.<\/li>\n<\/ul>\n<p>Optional<\/p>\n<ul>\n<li>Confezione n 2 ruote con freno aggiuntive.<\/li>\n<\/ul>\n<\/div>\n<\/div>\n<\/div>\n<\/div>\n<\/div>\n<\/div>\n<\/div>","protected":false},"excerpt":{"rendered":"<p>Carrello porta vassoi acciaio inox per 10 posizioni Forcar Carrello portavassoi CA 1450 Struttura in acciaio inox. Guide in acciaio inox. 12 cm tra una guida e l&#8217;altra. Ruote multidirezionali \u00f8 125 mm. Paracolpi in gomma. Predisposti di serie per vassoi GN1\/1 \u2013 53 x 32,5 cm. Teglie, vassoi e bacinelle non incluse. Dimensioni esterne: [&#8230;]","protected":false},"featured_media":123391,"comment_status":"closed","ping_status":"closed","template":"","meta":{"_monsterinsights_skip_tracking":false,"_monsterinsights_sitenote_active":false,"_monsterinsights_sitenote_note":"","_monsterinsights_sitenote_category":0},"product_brand":[624],"product_cat":[276,341,29,335],"product_tag":[],"class_list":{"0":"post-20347","1":"product","2":"type-product","3":"status-publish","4":"has-post-thumbnail","6":"product_brand-forcar","7":"product_cat-carrelli-di-servizio","8":"product_cat-accessori-self-service","9":"product_cat-cesteria-e-carrelli","10":"product_cat-self-service","11":"product_shipping_class-215","13":"first","14":"instock","15":"sale","16":"taxable","17":"shipping-taxable","18":"purchasable","19":"product-type-simple"},"_links":{"self":[{"href":"https:\/\/www.creaearredanegozi.it\/de\/wp-json\/wp\/v2\/product\/20347","targetHints":{"allow":["GET"]}}],"collection":[{"href":"https:\/\/www.creaearredanegozi.it\/de\/wp-json\/wp\/v2\/product"}],"about":[{"href":"https:\/\/www.creaearredanegozi.it\/de\/wp-json\/wp\/v2\/types\/product"}],"replies":[{"embeddable":true,"href":"https:\/\/www.creaearredanegozi.it\/de\/wp-json\/wp\/v2\/comments?post=20347"}],"wp:featuredmedia":[{"embeddable":true,"href":"https:\/\/www.creaearredanegozi.it\/de\/wp-json\/wp\/v2\/media\/123391"}],"wp:attachment":[{"href":"https:\/\/www.creaearredanegozi.it\/de\/wp-json\/wp\/v2\/media?parent=20347"}],"wp:term":[{"taxonomy":"product_brand","embeddable":true,"href":"https:\/\/www.creaearredanegozi.it\/de\/wp-json\/wp\/v2\/product_brand?post=20347"},{"taxonomy":"product_cat","embeddable":true,"href":"https:\/\/www.creaearredanegozi.it\/de\/wp-json\/wp\/v2\/product_cat?post=20347"},{"taxonomy":"product_tag","embeddable":true,"href":"https:\/\/www.creaearredanegozi.it\/de\/wp-json\/wp\/v2\/product_tag?post=20347"}],"curies":[{"name":"wp","href":"https:\/\/api.w.org\/{rel}","templated":true}]}}