{"id":20375,"date":"2019-02-26T11:36:48","date_gmt":"2019-02-26T10:36:48","guid":{"rendered":"https:\/\/www.creaearredanegozi.it\/?post_type=product&#038;p=20375"},"modified":"2025-12-03T20:39:35","modified_gmt":"2025-12-03T19:39:35","slug":"edelstahl-tablettwagen-seitenwande-fur-30-tabletts-117x62x175cm-furcar-ca1470p","status":"publish","type":"product","link":"https:\/\/www.creaearredanegozi.it\/de\/edelstahl-tablettwagen-seitenwande-fur-30-tabletts-117x62x175cm-furcar-ca1470p\/","title":{"rendered":"Edelstahl-Tablett-Wagen Seitenteile f\u00fcr 30 Tabletts 117x62x175cm Forcar CA1470P"},"content":{"rendered":"<h3>Edelstahl-Tablettwagen Seitenteile 30 Tabletts 110x62x175 cm Forcar<\/h3>\n<div><strong>CA 1470P - CA 1470PI - CA 1470PW Tablett-Wagen<\/strong><\/div>\n<div class=\"page\" title=\"Seite 77\">\n<div class=\"layoutArea\">\n<div class=\"column\">\n<div class=\"page\" title=\"Seite 78\">\n<div class=\"section\">\n<div class=\"layoutArea\">\n<div class=\"column\">\n<ul>\n<li>Tablettwagen mit Seitenw\u00e4nden aus wei\u00dfem Perfex, Edelstahl.<\/li>\n<li class=\"p1\">Struktur aus rostfreiem Stahl.<\/li>\n<li class=\"p1\">F\u00fchrungen aus rostfreiem Stahl.<\/li>\n<li>12 cm zwischen jeder Schiene.<\/li>\n<li class=\"p1\">Multidirektionale R\u00e4der \u00f8 125 mm.<\/li>\n<li class=\"p1\">Gummi-Sto\u00dff\u00e4nger.<\/li>\n<li>Standardm\u00e4\u00dfig vorbereitet f\u00fcr GN1\/1-Tabletts - 53\u00d732,5 cm.<\/li>\n<li>Tabletts, Schalen und Sch\u00fcsseln nicht enthalten.<\/li>\n<li>Au\u00dfenma\u00dfe: 117x62x175h cm.<\/li>\n<\/ul>\n<p>Optional<\/p>\n<ul>\n<li>Satz mit 2 zus\u00e4tzlichen R\u00e4dern mit Bremse.<\/li>\n<\/ul>\n<\/div>\n<\/div>\n<\/div>\n<\/div>\n<\/div>\n<\/div>\n<\/div>","protected":false},"excerpt":{"rendered":"<p>Carrello porta vassoi acciaio inox pannelli laterali 30 vassoi 110x62x175 cm Forcar Carrelli portavassoi CA 1470P &#8211; CA 1470PI &#8211; CA 1470PW Carrello portavassoi con pannelli laterali in perfex bianco, acciaio inox. Struttura in acciaio inox. Guide in acciaio inox. 12 cm tra una guida e l&#8217;altra. Ruote multidirezionali \u00f8 125 mm. Paracolpi in gomma. [&#8230;]","protected":false},"featured_media":124019,"comment_status":"closed","ping_status":"closed","template":"","meta":{"_monsterinsights_skip_tracking":false,"_monsterinsights_sitenote_active":false,"_monsterinsights_sitenote_note":"","_monsterinsights_sitenote_category":0},"product_brand":[624],"product_cat":[276,341,210,29,335],"product_tag":[],"class_list":{"0":"post-20375","1":"product","2":"type-product","3":"status-publish","4":"has-post-thumbnail","6":"product_brand-forcar","7":"product_cat-carrelli-di-servizio","8":"product_cat-accessori-self-service","9":"product_cat-carrelli-portapiatti","10":"product_cat-cesteria-e-carrelli","11":"product_cat-self-service","12":"product_shipping_class-681","13":"pa_marca-forcar","15":"first","16":"instock","17":"sale","18":"taxable","19":"shipping-taxable","20":"purchasable","21":"product-type-variable"},"_links":{"self":[{"href":"https:\/\/www.creaearredanegozi.it\/de\/wp-json\/wp\/v2\/product\/20375","targetHints":{"allow":["GET"]}}],"collection":[{"href":"https:\/\/www.creaearredanegozi.it\/de\/wp-json\/wp\/v2\/product"}],"about":[{"href":"https:\/\/www.creaearredanegozi.it\/de\/wp-json\/wp\/v2\/types\/product"}],"replies":[{"embeddable":true,"href":"https:\/\/www.creaearredanegozi.it\/de\/wp-json\/wp\/v2\/comments?post=20375"}],"wp:featuredmedia":[{"embeddable":true,"href":"https:\/\/www.creaearredanegozi.it\/de\/wp-json\/wp\/v2\/media\/124019"}],"wp:attachment":[{"href":"https:\/\/www.creaearredanegozi.it\/de\/wp-json\/wp\/v2\/media?parent=20375"}],"wp:term":[{"taxonomy":"product_brand","embeddable":true,"href":"https:\/\/www.creaearredanegozi.it\/de\/wp-json\/wp\/v2\/product_brand?post=20375"},{"taxonomy":"product_cat","embeddable":true,"href":"https:\/\/www.creaearredanegozi.it\/de\/wp-json\/wp\/v2\/product_cat?post=20375"},{"taxonomy":"product_tag","embeddable":true,"href":"https:\/\/www.creaearredanegozi.it\/de\/wp-json\/wp\/v2\/product_tag?post=20375"}],"curies":[{"name":"wp","href":"https:\/\/api.w.org\/{rel}","templated":true}]}}